{"id":50,"date":"2013-12-15T11:35:29","date_gmt":"2013-12-15T11:35:29","guid":{"rendered":"http:\/\/lag-vinodol.hr\/wp\/?page_id=50"},"modified":"2016-04-14T09:15:15","modified_gmt":"2016-04-14T09:15:15","slug":"stranica-1","status":"publish","type":"page","link":"https:\/\/lag-vinodol.hr\/wp\/?page_id=50","title":{"rendered":"<!--:hr-->O NAMA<!--:-->"},"content":{"rendered":"<p style=\"text-align: justify;\">Prilikom osnivanja LAG \u201eVINODOL\u201c obuhva\u0107ao je podru\u010dje Grada Crikvenice, Grada Novi Vinodolski i Vinodolsku op\u0107inu. Danas LAG obuhva\u0107a podru\u010dje sedam jedinica lokalne samouprave, 2015.g. nakon pro\u0161irenja, LAG-u se priklju\u010duju Grad Bakar, Grad Kraljevica, Op\u0107ina \u010cavle i Op\u0107ina Kostrena.<\/p>\n<p style=\"text-align: justify;\">LAG se sastoji od 54 naselja: Bakar, Hreljin, Krasica, Kukuljanovo, Plosna, Ponikve, Praputnjak, \u0160krljevo, Zlobin, Crikvenica, Dramalj, Jadranovo, Selce, Bakarac, Kraljevica, Kri\u017ei\u0161\u0107e, Mali Dol, \u0160mrika, Veli Dol, Bater, Bile, Breze, Crno, Donji Zagon, Drinak, Gornji Zagon, Jakov Polje, Javorje, Klenovica, Krmpotske Vodice, Ledenice, Luka Krmpotska, Novi Vinodolski, Podmelnik, Povile, Ru\u0161evo Krmpotsko, Sibinj Krmpotski, Smokvica Krmpotska, Zabukovac, Buzdohanj, Cernik, \u010cavle, Grobnik, Ilovik, Mavrinci, Pod\u010dudni\u010d, Podrvanj, Soboli, Zastenice, Kostrena, Bribir, Drivenik, Gri\u017eane-Belgrad i Tribalj.<\/p>\n<p style=\"text-align: justify;\">Povijesno gledano, kao najbolji primjer povezanosti cjelokupnog podru\u010dja LAG-a isti\u010de se Vinodolski zakonik (najstariji cjelovito sa\u010duvan zapis obi\u010dajnog prava i jedan od najva\u017enijih pravnih spisa srednjovjekovnog europskog prava), koji dokazuje da je cjelokupno podru\u010dje bilo u sastavu vinodolske upravno-politi\u010dke cjeline davne 1288. g.. Promatraju\u0107i dana\u0161nju situaciju s gledi\u0161ta poljoprivrede te posebice vinogradarstva, treba naglasiti i povezanost cjelokupnog LAG podru\u010dja kroz vinogradarsku podregiju Hrvatsko primorje, dio Vinogorja Opatija \u2013 Rijeka \u2013 Vinodol.<\/p>\n<p style=\"text-align: justify;\"><!--:hr-->Podru\u010dje Lokalne akcijske grupe (LAG) \u201eVINODOL\u201c nalazi se u Primorsko-goranskoj \u017eupaniji, i prostire se na povr\u0161ini od 683 km\u00b2. Prema popisu stanovni\u0161tva iz 2011.g. na podru\u010dju LAG-a \u017eivi 44.109 stanovnika \u0161to \u010dini naseljenost podru\u010dja LAG-a gusto\u0107e 64,58 stanovnik\/km\u00b2.<\/p>\n<p style=\"text-align: justify;\">Podru\u010dje LAG-a zauzima najve\u0107i dio Hrvatskog Primorja, odnosno, Kvarnerskog zaljeva. Smje\u0161teno je na sjeveroisto\u010dnom dijelu Hrvatskog Primorja, ispod Kapele s jedne strane, Kvarnerskih otoka s morske te Gorkog kotara s kontinentalne strane.<\/p>\n<p style=\"text-align: justify;\">LAG \u201eVINODOL\u201c grani\u010di s pet LAG-ova: na sjeverozapadnoj granici s LAG-om Terra Liburna, na ju\u017enoj granici s LAG-om Lika, s morske odnosno zapadne strane s LAG-om Kvarnerski otoci, sa sjeveroisto\u010dne strane s LAG-om Gorski kotar te malim dijelom na istoku s LAG-om Frankopan.<\/p>\n<p style=\"text-align: justify;\">\n<p style=\"text-align: justify;\">\n","protected":false},"excerpt":{"rendered":"<p>Prilikom osnivanja LAG \u201eVINODOL\u201c obuhva\u0107ao je podru\u010dje Grada Crikvenice, Grada Novi Vinodolski i Vinodolsku op\u0107inu. Danas LAG obuhva\u0107a podru\u010dje sedam jedinica lokalne samouprave, 2015.g. nakon pro\u0161irenja, LAG-u se priklju\u010duju Grad Bakar, Grad Kraljevica, Op\u0107ina \u010cavle i Op\u0107ina Kostrena. LAG se sastoji od 54 naselja: Bakar, Hreljin, Krasica, Kukuljanovo, Plosna, Ponikve, Praputnjak, \u0160krljevo, Zlobin, Crikvenica, Dramalj, [&hellip;]<\/p>\n","protected":false},"author":1,"featured_media":0,"parent":0,"menu_order":0,"comment_status":"closed","ping_status":"open","template":"","meta":{"footnotes":"","_links_to":"","_links_to_target":""},"class_list":["post-50","page","type-page","status-publish","hentry"],"_links":{"self":[{"href":"https:\/\/lag-vinodol.hr\/wp\/index.php?rest_route=\/wp\/v2\/pages\/50","targetHints":{"allow":["GET"]}}],"collection":[{"href":"https:\/\/lag-vinodol.hr\/wp\/index.php?rest_route=\/wp\/v2\/pages"}],"about":[{"href":"https:\/\/lag-vinodol.hr\/wp\/index.php?rest_route=\/wp\/v2\/types\/page"}],"author":[{"embeddable":true,"href":"https:\/\/lag-vinodol.hr\/wp\/index.php?rest_route=\/wp\/v2\/users\/1"}],"replies":[{"embeddable":true,"href":"https:\/\/lag-vinodol.hr\/wp\/index.php?rest_route=%2Fwp%2Fv2%2Fcomments&post=50"}],"version-history":[{"count":19,"href":"https:\/\/lag-vinodol.hr\/wp\/index.php?rest_route=\/wp\/v2\/pages\/50\/revisions"}],"predecessor-version":[{"id":1190,"href":"https:\/\/lag-vinodol.hr\/wp\/index.php?rest_route=\/wp\/v2\/pages\/50\/revisions\/1190"}],"wp:attachment":[{"href":"https:\/\/lag-vinodol.hr\/wp\/index.php?rest_route=%2Fwp%2Fv2%2Fmedia&parent=50"}],"curies":[{"name":"wp","href":"https:\/\/api.w.org\/{rel}","templated":true}]}}