{"id":3034,"date":"2026-01-14T10:35:14","date_gmt":"2026-01-14T10:35:14","guid":{"rendered":"https:\/\/lag-vinodol.hr\/wp\/?page_id=3034"},"modified":"2026-01-14T10:35:14","modified_gmt":"2026-01-14T10:35:14","slug":"dokumenti-javna-nabava-2026-g","status":"publish","type":"page","link":"https:\/\/lag-vinodol.hr\/wp\/?page_id=3034","title":{"rendered":"DOKUMENTI JAVNA NABAVA 2026.g."},"content":{"rendered":"\n<p><strong>PLAN NABAVE<\/strong><\/p>\n\n\n\n<p>Sukladno \u010dlanku 28. Zakona o javnoj nabavi (NN 120\/16 i 114\/22) i \u010dlanku 4. Pravilnika o planu nabave, registru ugovora, prethodnom savjetovanju i analizi tr\u017ei\u0161ta u javnoj nabavi (NN 101\/17, 144\/20 i 30\/23), Plan nabave LAG-a \u201cVINODOL\u201d dostupan je u Elektroni\u010dkom oglasniku javne nabave Republike Hrvatske na adresi:<\/p>\n\n\n\n<p><a href=\"https:\/\/eojn.hr\/procurement-plans-all\">https:\/\/eojn.hr\/procurement-plans-all<\/a><\/p>\n\n\n\n<p>Tako\u0111er, Plan nabave LAG-a \u201cVINODOL\u201d za 2026.g. dostupan je na sljede\u0107oj poveznici:<\/p>\n\n\n\n<div class=\"wp-block-file\"><a id=\"wp-block-file--media-e4a09ea0-af70-4fc5-9bb2-9a884ad26354\" href=\"https:\/\/lag-vinodol.hr\/wp\/wp-content\/uploads\/2026\/01\/LAG-VINODOL_Plan-nabave-2026.g._09.01.2026.g.pdf\">LAG VINODOL_Plan nabave 2026.G._09.01.2026.g.<\/a><a href=\"https:\/\/lag-vinodol.hr\/wp\/wp-content\/uploads\/2026\/01\/LAG-VINODOL_Plan-nabave-2026.g._09.01.2026.g.pdf\" class=\"wp-block-file__button wp-element-button\" download aria-describedby=\"wp-block-file--media-e4a09ea0-af70-4fc5-9bb2-9a884ad26354\">Download<\/a><\/div>\n\n\n\n<p><strong>REGISTAR UGOVORA<\/strong><\/p>\n\n\n\n<p>Sukladno \u010dlanku 28. Zakona o javnoj nabavi (NN 120\/16 i 114\/22) i \u010dlanku 7. Pravilnika o planu nabave, registru ugovora, prethodnom savjetovanju i analizi tr\u017ei\u0161ta u javnoj nabavi (NN 101\/17, 144\/20 i 30\/23), Registar ugovora LAG-a \u201cVINODOL\u201d dostupan je u Elektroni\u010dkom oglasniku javne nabave Republike Hrvatske na adresi:<\/p>\n\n\n\n<p><a href=\"https:\/\/eojn.hr\/contracts\">https:\/\/eojn.hr\/contracts<\/a><\/p>\n\n\n\n<p><\/p>\n","protected":false},"excerpt":{"rendered":"<p>PLAN NABAVE Sukladno \u010dlanku 28. Zakona o javnoj nabavi (NN 120\/16 i 114\/22) i \u010dlanku 4. Pravilnika o planu nabave, registru ugovora, prethodnom savjetovanju i analizi tr\u017ei\u0161ta u javnoj nabavi (NN 101\/17, 144\/20 i 30\/23), Plan nabave LAG-a \u201cVINODOL\u201d dostupan je u Elektroni\u010dkom oglasniku javne nabave Republike Hrvatske na adresi: https:\/\/eojn.hr\/procurement-plans-all Tako\u0111er, Plan nabave LAG-a [&hellip;]<\/p>\n","protected":false},"author":1,"featured_media":0,"parent":0,"menu_order":0,"comment_status":"closed","ping_status":"closed","template":"","meta":{"footnotes":"","_links_to":"","_links_to_target":""},"class_list":["post-3034","page","type-page","status-publish","hentry"],"_links":{"self":[{"href":"https:\/\/lag-vinodol.hr\/wp\/index.php?rest_route=\/wp\/v2\/pages\/3034","targetHints":{"allow":["GET"]}}],"collection":[{"href":"https:\/\/lag-vinodol.hr\/wp\/index.php?rest_route=\/wp\/v2\/pages"}],"about":[{"href":"https:\/\/lag-vinodol.hr\/wp\/index.php?rest_route=\/wp\/v2\/types\/page"}],"author":[{"embeddable":true,"href":"https:\/\/lag-vinodol.hr\/wp\/index.php?rest_route=\/wp\/v2\/users\/1"}],"replies":[{"embeddable":true,"href":"https:\/\/lag-vinodol.hr\/wp\/index.php?rest_route=%2Fwp%2Fv2%2Fcomments&post=3034"}],"version-history":[{"count":2,"href":"https:\/\/lag-vinodol.hr\/wp\/index.php?rest_route=\/wp\/v2\/pages\/3034\/revisions"}],"predecessor-version":[{"id":3037,"href":"https:\/\/lag-vinodol.hr\/wp\/index.php?rest_route=\/wp\/v2\/pages\/3034\/revisions\/3037"}],"wp:attachment":[{"href":"https:\/\/lag-vinodol.hr\/wp\/index.php?rest_route=%2Fwp%2Fv2%2Fmedia&parent=3034"}],"curies":[{"name":"wp","href":"https:\/\/api.w.org\/{rel}","templated":true}]}}