{"id":2942,"date":"2025-11-24T12:29:38","date_gmt":"2025-11-24T12:29:38","guid":{"rendered":"https:\/\/lag-vinodol.hr\/wp\/?page_id=2942"},"modified":"2025-11-24T12:48:40","modified_gmt":"2025-11-24T12:48:40","slug":"prirucnik-za-provedbu-lrs-2","status":"publish","type":"page","link":"https:\/\/lag-vinodol.hr\/wp\/?page_id=2942","title":{"rendered":"Priru\u010dnik za provedbu LRS"},"content":{"rendered":"\n<p>Priru\u010dnik za provedbu LRS (LEADER OPERATIVNA PRAVILA) mo\u017eete preuzeti na sljede\u0107oj poveznici:<\/p>\n\n\n\n<div class=\"wp-block-file\"><a id=\"wp-block-file--media-0c0353d8-aa82-4dc6-83d5-bdf786df8206\" href=\"http:\/\/lag-vinodol.hr\/wp\/wp-content\/uploads\/2025\/11\/Prirucnik-za-provedbu-LRS-1.pdf\">Priru\u010dnik za provedbu LRS<\/a><a href=\"http:\/\/lag-vinodol.hr\/wp\/wp-content\/uploads\/2025\/11\/Prirucnik-za-provedbu-LRS-1.pdf\" class=\"wp-block-file__button wp-element-button\" download aria-describedby=\"wp-block-file--media-0c0353d8-aa82-4dc6-83d5-bdf786df8206\">Download<\/a><\/div>\n\n\n\n<p><\/p>\n","protected":false},"excerpt":{"rendered":"<p>Priru\u010dnik za provedbu LRS (LEADER OPERATIVNA PRAVILA) mo\u017eete preuzeti na sljede\u0107oj poveznici:<\/p>\n","protected":false},"author":1,"featured_media":0,"parent":0,"menu_order":0,"comment_status":"closed","ping_status":"closed","template":"","meta":{"footnotes":"","_links_to":"","_links_to_target":""},"class_list":["post-2942","page","type-page","status-publish","hentry"],"_links":{"self":[{"href":"https:\/\/lag-vinodol.hr\/wp\/index.php?rest_route=\/wp\/v2\/pages\/2942","targetHints":{"allow":["GET"]}}],"collection":[{"href":"https:\/\/lag-vinodol.hr\/wp\/index.php?rest_route=\/wp\/v2\/pages"}],"about":[{"href":"https:\/\/lag-vinodol.hr\/wp\/index.php?rest_route=\/wp\/v2\/types\/page"}],"author":[{"embeddable":true,"href":"https:\/\/lag-vinodol.hr\/wp\/index.php?rest_route=\/wp\/v2\/users\/1"}],"replies":[{"embeddable":true,"href":"https:\/\/lag-vinodol.hr\/wp\/index.php?rest_route=%2Fwp%2Fv2%2Fcomments&post=2942"}],"version-history":[{"count":4,"href":"https:\/\/lag-vinodol.hr\/wp\/index.php?rest_route=\/wp\/v2\/pages\/2942\/revisions"}],"predecessor-version":[{"id":2948,"href":"https:\/\/lag-vinodol.hr\/wp\/index.php?rest_route=\/wp\/v2\/pages\/2942\/revisions\/2948"}],"wp:attachment":[{"href":"https:\/\/lag-vinodol.hr\/wp\/index.php?rest_route=%2Fwp%2Fv2%2Fmedia&parent=2942"}],"curies":[{"name":"wp","href":"https:\/\/api.w.org\/{rel}","templated":true}]}}