{"id":2836,"date":"2025-01-14T12:57:24","date_gmt":"2025-01-14T12:57:24","guid":{"rendered":"https:\/\/lag-vinodol.hr\/wp\/?page_id=2836"},"modified":"2025-02-26T12:37:22","modified_gmt":"2025-02-26T12:37:22","slug":"dokumenti-javna-nabava-2025-g","status":"publish","type":"page","link":"https:\/\/lag-vinodol.hr\/wp\/?page_id=2836","title":{"rendered":"DOKUMENTI JAVNA NABAVA 2025.g."},"content":{"rendered":"\n<p><strong>PLAN NABAVE<\/strong><\/p>\n\n\n\n<p>Sukladno \u010dlanku 28. Zakona o javnoj nabavi (NN 120\/16 i 114\/22) i \u010dlanku 4. Pravilnika o planu nabave, registru ugovora, prethodnom savjetovanju i analizi tr\u017ei\u0161ta u javnoj nabavi (NN 101\/17, 144\/20 i 30\/23), Plan nabave LAG-a &#8220;VINODOL&#8221; dostupan je u Elektroni\u010dkom oglasniku javne nabave Republike Hrvatske na adresi:<\/p>\n\n\n\n<p><a href=\"https:\/\/eojn.hr\/procurement-plans-all\">https:\/\/eojn.hr\/procurement-plans-all<\/a> <\/p>\n\n\n\n<p>Tako\u0111er, Plan nabave LAG-a &#8220;VINODOL&#8221; za 2025.g. dostupan je na sljede\u0107oj poveznici:<\/p>\n\n\n\n<div class=\"wp-block-file\"><a id=\"wp-block-file--media-fc1e411c-91f6-410c-9cac-6d90b98d58ff\" href=\"https:\/\/lag-vinodol.hr\/wp\/wp-content\/uploads\/2025\/01\/LAG-VINODOL_Plan-nabave-2025.g._13.01.2025.g.pdf\">LAG &#8220;VINODOL&#8221;_Plan nabave za 2025.g._13.01.2025.g.<\/a><a href=\"https:\/\/lag-vinodol.hr\/wp\/wp-content\/uploads\/2025\/01\/LAG-VINODOL_Plan-nabave-2025.g._13.01.2025.g.pdf\" class=\"wp-block-file__button wp-element-button\" download aria-describedby=\"wp-block-file--media-fc1e411c-91f6-410c-9cac-6d90b98d58ff\">Download<\/a><\/div>\n\n\n\n<div class=\"wp-block-file\"><a id=\"wp-block-file--media-e7af0dcc-c3e6-4f37-b2c5-0b8e2ab1c7e3\" href=\"https:\/\/lag-vinodol.hr\/wp\/wp-content\/uploads\/2025\/02\/LAG-VINODOL_Plan-nabave-2025.g._24.02.2025.g.pdf\">LAG &#8220;VINODOL&#8221;_Plan nabave za 2025.g._24.02.2025.g.<\/a><a href=\"https:\/\/lag-vinodol.hr\/wp\/wp-content\/uploads\/2025\/02\/LAG-VINODOL_Plan-nabave-2025.g._24.02.2025.g.pdf\" class=\"wp-block-file__button wp-element-button\" download aria-describedby=\"wp-block-file--media-e7af0dcc-c3e6-4f37-b2c5-0b8e2ab1c7e3\">Download<\/a><\/div>\n\n\n\n<p><\/p>\n\n\n\n<p><strong>REGISTAR UGOVORA<\/strong><\/p>\n\n\n\n<p>Sukladno \u010dlanku 28. Zakona o javnoj nabavi (NN 120\/16 i 114\/22) i \u010dlanku 7. Pravilnika o planu nabave, registru ugovora, prethodnom savjetovanju i analizi tr\u017ei\u0161ta u javnoj nabavi (NN 101\/17, 144\/20 i 30\/23), Registar ugovora LAG-a &#8220;VINODOL&#8221; dostupan je u Elektroni\u010dkom oglasniku javne nabave Republike Hrvatske na adresi:<\/p>\n\n\n\n<p><a href=\"https:\/\/eojn.hr\/contracts\">https:\/\/eojn.hr\/contracts<\/a><\/p>\n\n\n\n<p><\/p>\n","protected":false},"excerpt":{"rendered":"<p>PLAN NABAVE Sukladno \u010dlanku 28. Zakona o javnoj nabavi (NN 120\/16 i 114\/22) i \u010dlanku 4. Pravilnika o planu nabave, registru ugovora, prethodnom savjetovanju i analizi tr\u017ei\u0161ta u javnoj nabavi (NN 101\/17, 144\/20 i 30\/23), Plan nabave LAG-a &#8220;VINODOL&#8221; dostupan je u Elektroni\u010dkom oglasniku javne nabave Republike Hrvatske na adresi: https:\/\/eojn.hr\/procurement-plans-all Tako\u0111er, Plan nabave LAG-a [&hellip;]<\/p>\n","protected":false},"author":1,"featured_media":0,"parent":0,"menu_order":0,"comment_status":"closed","ping_status":"closed","template":"","meta":{"footnotes":"","_links_to":"","_links_to_target":""},"class_list":["post-2836","page","type-page","status-publish","hentry"],"_links":{"self":[{"href":"https:\/\/lag-vinodol.hr\/wp\/index.php?rest_route=\/wp\/v2\/pages\/2836","targetHints":{"allow":["GET"]}}],"collection":[{"href":"https:\/\/lag-vinodol.hr\/wp\/index.php?rest_route=\/wp\/v2\/pages"}],"about":[{"href":"https:\/\/lag-vinodol.hr\/wp\/index.php?rest_route=\/wp\/v2\/types\/page"}],"author":[{"embeddable":true,"href":"https:\/\/lag-vinodol.hr\/wp\/index.php?rest_route=\/wp\/v2\/users\/1"}],"replies":[{"embeddable":true,"href":"https:\/\/lag-vinodol.hr\/wp\/index.php?rest_route=%2Fwp%2Fv2%2Fcomments&post=2836"}],"version-history":[{"count":5,"href":"https:\/\/lag-vinodol.hr\/wp\/index.php?rest_route=\/wp\/v2\/pages\/2836\/revisions"}],"predecessor-version":[{"id":2849,"href":"https:\/\/lag-vinodol.hr\/wp\/index.php?rest_route=\/wp\/v2\/pages\/2836\/revisions\/2849"}],"wp:attachment":[{"href":"https:\/\/lag-vinodol.hr\/wp\/index.php?rest_route=%2Fwp%2Fv2%2Fmedia&parent=2836"}],"curies":[{"name":"wp","href":"https:\/\/api.w.org\/{rel}","templated":true}]}}