{"id":2803,"date":"2024-10-22T06:49:16","date_gmt":"2024-10-22T06:49:16","guid":{"rendered":"https:\/\/lag-vinodol.hr\/wp\/?page_id=2803"},"modified":"2025-07-31T11:09:40","modified_gmt":"2025-07-31T11:09:40","slug":"kuhaca","status":"publish","type":"page","link":"https:\/\/lag-vinodol.hr\/wp\/?page_id=2803","title":{"rendered":"KUHA\u010cA"},"content":{"rendered":"\n<p><strong>KUHA\u010cA \u2013 KUlinarska HArmonija \u010cArobnih okusa Primorsko \u2013 goranske \u017eupanije<\/strong><\/p>\n\n\n\n<p><strong>UKUPNA VRIJEDNOST PROJEKTA SURADNJE:<\/strong> <strong>96.141,63 EUR<\/strong><\/p>\n\n\n\n<p><strong>FINANCIRANJE: Program ruralnog razvoja Republike Hrvatske 2014.-2020., provedba Podmjere 19.3. \u201cPriprema i provedba aktivnosti suradnje LAG-a\u201c, provedba tipa operacije 19.3.2. \u201cProvedba aktivnosti suradnje\u201c unutar Mjere 19. \u201ePotpora lokalnom razvoju u okviru inicijative LEADER (CLLD \u2013 lokalni razvoj pod vodstvom zajednice)\u201c<\/strong><\/p>\n\n\n\n<p><strong>CILJEVI PROJEKTA<\/strong><\/p>\n\n\n\n<p>Op\u0107i cilj projekta je poticanje razvoja ruralnog podru\u010dja i pove\u0107anje konkurentnosti lokalnih proizvo\u0111a\u010da kroz podizanje svijesti o vrijednostima lokalne proizvodnje i gastronomske ba\u0161tine i promociju kratkih lanaca opskrbe.<\/p>\n\n\n\n<p>Specifi\u010dni ciljevi:<\/p>\n\n\n\n<ul class=\"wp-block-list\">\n<li>Poticanje i promocija suradnje poljoprivrednog i ugostiteljskog sektora, pove\u0107anje zastupljenosti lokalnih namirnica u ugostiteljskom sektoru na podru\u010dju 4 partnerska LAG-a<\/li>\n\n\n\n<li>Podizanje svijesti i edukacija ugostitelja o prednostima lokalne proizvodnje i gastronomske ba\u0161tine i&nbsp; va\u017enosti lokalne proizvodnje u gastro turizmu<\/li>\n\n\n\n<li>Poticanje i podr\u0161ka uspostavi kratkih lanaca opskrbe izme\u0111u lokalnih proizvo\u0111a\u010da i ugostiteljskih objekata\/hotelskih ku\u0107a &#8211; povezivanje i facilitiranje suradnje i umre\u017eavanja&nbsp; proizvo\u0111a\u010da i ugostiteljskih objekata, kao i promoviranje lokalnih proizvoda, tradicionalnih namirnica i jela<\/li>\n\n\n\n<li>Ja\u010danje konkurentnosti lokalnih proizvo\u0111a\u010da<\/li>\n\n\n\n<li>Razmjena iskustva i primjera najboljih praksi&nbsp; lokalnih akcijskih grupa, prijenos znanja i umre\u017eavanje te pobolj\u0161anje kapaciteta uklju\u010denih LAG-ova<\/li>\n<\/ul>\n\n\n\n<p><strong>PARTNERI U PROJEKTU<\/strong><\/p>\n\n\n\n<p>Partneri u projektu su Lokalne akcijske grupe: \u201eKVARNERSKI OTOCI\u201c, GORSKI KOTAR, \u201eTERRA LIBURNA\u201c i \u201eVINODOL\u201c.&nbsp;<\/p>\n\n\n\n<p><strong>CILJANA SKUPINA<\/strong><\/p>\n\n\n\n<p>Lokalni proizvo\u0111a\u010di\/poljoprivredna gospodarstva, ugostitelji\/HORECA sektor i partnerski LAG-ovi.<\/p>\n\n\n\n<p><strong>KRAJNJI KORISNICI<\/strong><\/p>\n\n\n\n<p>Lokalni stanovnici, lokalna zajednica, turisti i \u0161ira javnost. <\/p>\n\n\n\n<p><strong>PODRU\u010cJE PROVEDBE<\/strong><\/p>\n\n\n\n<p>Aktivnosti projekta provode se na cijelom podru\u010dju LAG-ova partnera.<\/p>\n\n\n\n<p><\/p>\n\n\n\n<p><strong>ANALIZA STANJA ZASTUPLJENOSTI LOKALNIH POLJOPRIVREDNIH PROIZVODA I TRADICIONALNIH JELA U UGOSTITELJSKIM OBJEKTIMA NA PODRU\u010cJU 4 PARTNERSKA LAG-a<\/strong><\/p>\n\n\n\n<div class=\"wp-block-file\"><a id=\"wp-block-file--media-9610b225-a5b3-4880-a886-18c381147696\" href=\"https:\/\/lag-vinodol.hr\/wp\/wp-content\/uploads\/2024\/10\/Analiza-stanja-LAG-VINODOL.pdf\">Analiza stanja zastupljenosti lokalnih poljoprivrednih proizvoda i tradicionalnih jela u ugostiteljskim objektima na podru\u010dju 4 partnerska LAG-a<\/a><a href=\"https:\/\/lag-vinodol.hr\/wp\/wp-content\/uploads\/2024\/10\/Analiza-stanja-LAG-VINODOL.pdf\" class=\"wp-block-file__button wp-element-button\" download aria-describedby=\"wp-block-file--media-9610b225-a5b3-4880-a886-18c381147696\">Download<\/a><\/div>\n\n\n\n<p><strong>BRO\u0160URA KuHa\u010ca \u2013 KUlinarska HArmonija \u010cArobnih okusa Primorsko \u2013 goranske \u017eupanije<\/strong><\/p>\n\n\n\n<div class=\"wp-block-file\"><a id=\"wp-block-file--media-ece72830-039f-448a-9d0c-8eff6543539e\" href=\"https:\/\/lag-vinodol.hr\/wp\/wp-content\/uploads\/2025\/07\/Brosura_KuHaCa.pdf\">Bro\u0161ura_KuHa\u010ca<\/a><a href=\"https:\/\/lag-vinodol.hr\/wp\/wp-content\/uploads\/2025\/07\/Brosura_KuHaCa.pdf\" class=\"wp-block-file__button wp-element-button\" download aria-describedby=\"wp-block-file--media-ece72830-039f-448a-9d0c-8eff6543539e\">Download<\/a><\/div>\n\n\n\n<p><\/p>\n\n\n\n<p>Svim sudionicima projekta <strong>KUHA\u010cA \u2013 KUlinarska HArmonija \u010cArobnih okusa Primorsko \u2013 goranske \u017eupanije<\/strong> LAG &#8220;VINODOL&#8221; \u017eeli sretan Bo\u017ei\u0107 i uspje\u0161nu Novu 2025. godinu!!<\/p>\n\n\n\n<figure class=\"wp-block-image size-large\"><a href=\"https:\/\/lag-vinodol.hr\/wp\/wp-content\/uploads\/2024\/12\/LAG_VINODOL_CESTITKA-2.png\"><img loading=\"lazy\" decoding=\"async\" width=\"1024\" height=\"536\" src=\"https:\/\/lag-vinodol.hr\/wp\/wp-content\/uploads\/2024\/12\/LAG_VINODOL_CESTITKA-2-1024x536.png\" alt=\"\" class=\"wp-image-2825\" srcset=\"https:\/\/lag-vinodol.hr\/wp\/wp-content\/uploads\/2024\/12\/LAG_VINODOL_CESTITKA-2-1024x536.png 1024w, https:\/\/lag-vinodol.hr\/wp\/wp-content\/uploads\/2024\/12\/LAG_VINODOL_CESTITKA-2-300x157.png 300w, https:\/\/lag-vinodol.hr\/wp\/wp-content\/uploads\/2024\/12\/LAG_VINODOL_CESTITKA-2-768x402.png 768w, https:\/\/lag-vinodol.hr\/wp\/wp-content\/uploads\/2024\/12\/LAG_VINODOL_CESTITKA-2-1536x804.png 1536w, https:\/\/lag-vinodol.hr\/wp\/wp-content\/uploads\/2024\/12\/LAG_VINODOL_CESTITKA-2-2048x1072.png 2048w\" sizes=\"auto, (max-width: 1024px) 100vw, 1024px\" \/><\/a><\/figure>\n","protected":false},"excerpt":{"rendered":"<p>KUHA\u010cA \u2013 KUlinarska HArmonija \u010cArobnih okusa Primorsko \u2013 goranske \u017eupanije UKUPNA VRIJEDNOST PROJEKTA SURADNJE: 96.141,63 EUR FINANCIRANJE: Program ruralnog razvoja Republike Hrvatske 2014.-2020., provedba Podmjere 19.3. \u201cPriprema i provedba aktivnosti suradnje LAG-a\u201c, provedba tipa operacije 19.3.2. \u201cProvedba aktivnosti suradnje\u201c unutar Mjere 19. \u201ePotpora lokalnom razvoju u okviru inicijative LEADER (CLLD \u2013 lokalni razvoj pod vodstvom [&hellip;]<\/p>\n","protected":false},"author":1,"featured_media":0,"parent":0,"menu_order":0,"comment_status":"closed","ping_status":"closed","template":"","meta":{"footnotes":"","_links_to":"","_links_to_target":""},"class_list":["post-2803","page","type-page","status-publish","hentry"],"_links":{"self":[{"href":"https:\/\/lag-vinodol.hr\/wp\/index.php?rest_route=\/wp\/v2\/pages\/2803","targetHints":{"allow":["GET"]}}],"collection":[{"href":"https:\/\/lag-vinodol.hr\/wp\/index.php?rest_route=\/wp\/v2\/pages"}],"about":[{"href":"https:\/\/lag-vinodol.hr\/wp\/index.php?rest_route=\/wp\/v2\/types\/page"}],"author":[{"embeddable":true,"href":"https:\/\/lag-vinodol.hr\/wp\/index.php?rest_route=\/wp\/v2\/users\/1"}],"replies":[{"embeddable":true,"href":"https:\/\/lag-vinodol.hr\/wp\/index.php?rest_route=%2Fwp%2Fv2%2Fcomments&post=2803"}],"version-history":[{"count":11,"href":"https:\/\/lag-vinodol.hr\/wp\/index.php?rest_route=\/wp\/v2\/pages\/2803\/revisions"}],"predecessor-version":[{"id":2886,"href":"https:\/\/lag-vinodol.hr\/wp\/index.php?rest_route=\/wp\/v2\/pages\/2803\/revisions\/2886"}],"wp:attachment":[{"href":"https:\/\/lag-vinodol.hr\/wp\/index.php?rest_route=%2Fwp%2Fv2%2Fmedia&parent=2803"}],"curies":[{"name":"wp","href":"https:\/\/api.w.org\/{rel}","templated":true}]}}