{"id":2605,"date":"2022-12-16T13:15:26","date_gmt":"2022-12-16T13:15:26","guid":{"rendered":"https:\/\/lag-vinodol.hr\/wp\/?page_id=2605"},"modified":"2022-12-16T13:15:28","modified_gmt":"2022-12-16T13:15:28","slug":"1-izmjena-7-lag-natjecaja-za-provedbu-mjere-3-1-1-pokretanje-poboljsanje-ili-prosirenje-lokalnih-temeljnih-usluga-za-ruralno-stanovnistvo","status":"publish","type":"page","link":"https:\/\/lag-vinodol.hr\/wp\/?page_id=2605","title":{"rendered":"1. IZMJENA 7. LAG NATJE\u010cAJA ZA PROVEDBU MJERE 3.1.1. Pokretanje, pobolj\u0161anje ili pro\u0161irenje lokalnih temeljnih usluga za ruralno stanovni\u0161tvo"},"content":{"rendered":"\n<p>LAG \u201cVINODOL\u201d objavljuje dana 16.12.2022.g. prvu izmjenu sedmog LAG Natje\u010daja iz Lokalne razvojne strategije LAG-a \u201cVINODOL\u201d 2014.-2020. za provedbu Mjere 3.1.1. Pokretanje, pobolj\u0161anje ili pro\u0161irenje lokalnih temeljnih usluga za ruralno stanovni\u0161tvo, koja je uskla\u0111ena sa tipom operacije 7.4.1. iz Programa ruralnog razvoja RH 2014.-2020.<\/p>\n\n\n\n<p>Izmjenom LAG Natje\u010daja izmijenjen je rok za po\u010detak podno\u0161enja prijave projekata, a isti se nalazi na 18. stranici, u poglavlju 4, pod to\u010dkom 4.1 Podno\u0161enje prijave projekta. Novi rok za podno\u0161enje prijave projekata je 16.01.2023.&nbsp;<\/p>\n\n\n\n<p>Tako\u0111er izmijenjen je i krajnji rok za izmjenu\/ispravak natje\u010daja koji se nalazi na 19. stranici, u poglavlju 4, pod to\u010dkom 4.2 Izmjena i\/ili ispravak Natje\u010daja. Novi krajnji rok za izmjenu i\/ili ispravak natje\u010daja je 16.01.2023.&nbsp;<\/p>\n\n\n\n<p>U ostalim dijelovima LAG Natje\u010daj ostaje neizmijenjen.<\/p>\n\n\n\n<p>Natje\u010daj i natje\u010dajna dokumentacija:<\/p>\n\n\n\n<div class=\"wp-block-file\"><a id=\"wp-block-file--media-aea9a9cc-54d9-4aaa-9c00-62b202dac9aa\" href=\"https:\/\/lag-vinodol.hr\/wp\/wp-content\/uploads\/2022\/12\/LAG_natjecaj_M-3.1.1._1.-IZMJENA-16.12.2022.g..docx\">LAG_Natje\u010daj_M 3.1.1._1. izmjena_16.12.2022.g.<\/a><a href=\"https:\/\/lag-vinodol.hr\/wp\/wp-content\/uploads\/2022\/12\/LAG_natjecaj_M-3.1.1._1.-IZMJENA-16.12.2022.g..docx\" class=\"wp-block-file__button wp-element-button\" download aria-describedby=\"wp-block-file--media-aea9a9cc-54d9-4aaa-9c00-62b202dac9aa\">Download<\/a><\/div>\n\n\n\n<p>Natje\u010dajna dokumentacija ostaje neizmijenjena.<\/p>\n","protected":false},"excerpt":{"rendered":"<p>LAG \u201cVINODOL\u201d objavljuje dana 16.12.2022.g. prvu izmjenu sedmog LAG Natje\u010daja iz Lokalne razvojne strategije LAG-a \u201cVINODOL\u201d 2014.-2020. za provedbu Mjere 3.1.1. Pokretanje, pobolj\u0161anje ili pro\u0161irenje lokalnih temeljnih usluga za ruralno stanovni\u0161tvo, koja je uskla\u0111ena sa tipom operacije 7.4.1. iz Programa ruralnog razvoja RH 2014.-2020. Izmjenom LAG Natje\u010daja izmijenjen je rok za po\u010detak podno\u0161enja prijave projekata, [&hellip;]<\/p>\n","protected":false},"author":1,"featured_media":2533,"parent":0,"menu_order":0,"comment_status":"closed","ping_status":"closed","template":"","meta":{"footnotes":"","_links_to":"","_links_to_target":""},"class_list":["post-2605","page","type-page","status-publish","has-post-thumbnail","hentry"],"_links":{"self":[{"href":"https:\/\/lag-vinodol.hr\/wp\/index.php?rest_route=\/wp\/v2\/pages\/2605","targetHints":{"allow":["GET"]}}],"collection":[{"href":"https:\/\/lag-vinodol.hr\/wp\/index.php?rest_route=\/wp\/v2\/pages"}],"about":[{"href":"https:\/\/lag-vinodol.hr\/wp\/index.php?rest_route=\/wp\/v2\/types\/page"}],"author":[{"embeddable":true,"href":"https:\/\/lag-vinodol.hr\/wp\/index.php?rest_route=\/wp\/v2\/users\/1"}],"replies":[{"embeddable":true,"href":"https:\/\/lag-vinodol.hr\/wp\/index.php?rest_route=%2Fwp%2Fv2%2Fcomments&post=2605"}],"version-history":[{"count":5,"href":"https:\/\/lag-vinodol.hr\/wp\/index.php?rest_route=\/wp\/v2\/pages\/2605\/revisions"}],"predecessor-version":[{"id":2611,"href":"https:\/\/lag-vinodol.hr\/wp\/index.php?rest_route=\/wp\/v2\/pages\/2605\/revisions\/2611"}],"wp:featuredmedia":[{"embeddable":true,"href":"https:\/\/lag-vinodol.hr\/wp\/index.php?rest_route=\/wp\/v2\/media\/2533"}],"wp:attachment":[{"href":"https:\/\/lag-vinodol.hr\/wp\/index.php?rest_route=%2Fwp%2Fv2%2Fmedia&parent=2605"}],"curies":[{"name":"wp","href":"https:\/\/api.w.org\/{rel}","templated":true}]}}