{"id":2588,"date":"2022-11-30T12:48:27","date_gmt":"2022-11-30T12:48:27","guid":{"rendered":"https:\/\/lag-vinodol.hr\/wp\/?page_id=2588"},"modified":"2023-12-21T09:35:26","modified_gmt":"2023-12-21T09:35:26","slug":"lokalna-razvojna-strategija-2014-2020-3-izmjena_vazeca","status":"publish","type":"page","link":"https:\/\/lag-vinodol.hr\/wp\/?page_id=2588","title":{"rendered":"Lokalna razvojna strategija 2014.-2020. &#8211; 3. izmjena"},"content":{"rendered":"\n<p>Tekst Lokalne razvojne strategije 2014.-2020. podru\u010dja LAG-a &#8220;VINODOL&#8221; mo\u017eete preuzeti na sljede\u0107oj poveznici:<\/p>\n\n\n\n<div class=\"wp-block-file\"><a id=\"wp-block-file--media-a0d708e3-f179-4a41-9768-2b75077cd919\" href=\"https:\/\/lag-vinodol.hr\/wp\/wp-content\/uploads\/2022\/11\/LRS-LAG-VINODOL-2014.-2020..pdf\">LRS LAG &#8220;VINODOL&#8221; 2014.-2020._3. IZMJENA<\/a><a href=\"https:\/\/lag-vinodol.hr\/wp\/wp-content\/uploads\/2022\/11\/LRS-LAG-VINODOL-2014.-2020..pdf\" class=\"wp-block-file__button wp-element-button\" download aria-describedby=\"wp-block-file--media-a0d708e3-f179-4a41-9768-2b75077cd919\">Download<\/a><\/div>\n\n\n\n<div class=\"wp-block-file\"><a id=\"wp-block-file--media-bced8a3e-5e43-4a5d-ac14-9168ac2fd0b0\" href=\"https:\/\/lag-vinodol.hr\/wp\/wp-content\/uploads\/2022\/11\/LRS-LAG-VINODOL-2014.-2020._PRILOZI.pdf\">LRS LAG &#8220;VINODOL&#8221; 2014.-2020._PRILOZI_3. IZMJENA<\/a><a href=\"https:\/\/lag-vinodol.hr\/wp\/wp-content\/uploads\/2022\/11\/LRS-LAG-VINODOL-2014.-2020._PRILOZI.pdf\" class=\"wp-block-file__button wp-element-button\" download aria-describedby=\"wp-block-file--media-bced8a3e-5e43-4a5d-ac14-9168ac2fd0b0\">Download<\/a><\/div>\n","protected":false},"excerpt":{"rendered":"<p>Tekst Lokalne razvojne strategije 2014.-2020. podru\u010dja LAG-a &#8220;VINODOL&#8221; mo\u017eete preuzeti na sljede\u0107oj poveznici:<\/p>\n","protected":false},"author":1,"featured_media":0,"parent":0,"menu_order":0,"comment_status":"closed","ping_status":"closed","template":"","meta":{"footnotes":"","_links_to":"","_links_to_target":""},"class_list":["post-2588","page","type-page","status-publish","hentry"],"_links":{"self":[{"href":"https:\/\/lag-vinodol.hr\/wp\/index.php?rest_route=\/wp\/v2\/pages\/2588","targetHints":{"allow":["GET"]}}],"collection":[{"href":"https:\/\/lag-vinodol.hr\/wp\/index.php?rest_route=\/wp\/v2\/pages"}],"about":[{"href":"https:\/\/lag-vinodol.hr\/wp\/index.php?rest_route=\/wp\/v2\/types\/page"}],"author":[{"embeddable":true,"href":"https:\/\/lag-vinodol.hr\/wp\/index.php?rest_route=\/wp\/v2\/users\/1"}],"replies":[{"embeddable":true,"href":"https:\/\/lag-vinodol.hr\/wp\/index.php?rest_route=%2Fwp%2Fv2%2Fcomments&post=2588"}],"version-history":[{"count":2,"href":"https:\/\/lag-vinodol.hr\/wp\/index.php?rest_route=\/wp\/v2\/pages\/2588\/revisions"}],"predecessor-version":[{"id":2732,"href":"https:\/\/lag-vinodol.hr\/wp\/index.php?rest_route=\/wp\/v2\/pages\/2588\/revisions\/2732"}],"wp:attachment":[{"href":"https:\/\/lag-vinodol.hr\/wp\/index.php?rest_route=%2Fwp%2Fv2%2Fmedia&parent=2588"}],"curies":[{"name":"wp","href":"https:\/\/api.w.org\/{rel}","templated":true}]}}