{"id":236,"date":"2014-01-28T06:50:48","date_gmt":"2014-01-28T06:50:48","guid":{"rendered":"http:\/\/lag-vinodol.hr\/wp\/?page_id=236"},"modified":"2025-02-26T09:50:32","modified_gmt":"2025-02-26T09:50:32","slug":"clanovi-lag-a-vinodol","status":"publish","type":"page","link":"https:\/\/lag-vinodol.hr\/wp\/?page_id=236","title":{"rendered":"<!--:hr-->\u010clanovi LAG-a \u201eVINODOL\u201c<!--:-->"},"content":{"rendered":"<p>Lokalna akcijska grupa &#8220;VINODOL&#8221; ukupno ima 38 \u010dlanova (15 \u010dlanova iz gospodarskog sektora, 14 \u010dlanova iz javnog sektora i 9 \u010dlanova iz civilnog sektora).<\/p>\n","protected":false},"excerpt":{"rendered":"<p>Lokalna akcijska grupa &#8220;VINODOL&#8221; ukupno ima 38 \u010dlanova (15 \u010dlanova iz gospodarskog sektora, 14 \u010dlanova iz javnog sektora i 9 \u010dlanova iz civilnog sektora).<\/p>\n","protected":false},"author":1,"featured_media":0,"parent":0,"menu_order":0,"comment_status":"closed","ping_status":"open","template":"","meta":{"footnotes":"","_links_to":"","_links_to_target":""},"class_list":["post-236","page","type-page","status-publish","hentry"],"_links":{"self":[{"href":"https:\/\/lag-vinodol.hr\/wp\/index.php?rest_route=\/wp\/v2\/pages\/236","targetHints":{"allow":["GET"]}}],"collection":[{"href":"https:\/\/lag-vinodol.hr\/wp\/index.php?rest_route=\/wp\/v2\/pages"}],"about":[{"href":"https:\/\/lag-vinodol.hr\/wp\/index.php?rest_route=\/wp\/v2\/types\/page"}],"author":[{"embeddable":true,"href":"https:\/\/lag-vinodol.hr\/wp\/index.php?rest_route=\/wp\/v2\/users\/1"}],"replies":[{"embeddable":true,"href":"https:\/\/lag-vinodol.hr\/wp\/index.php?rest_route=%2Fwp%2Fv2%2Fcomments&post=236"}],"version-history":[{"count":26,"href":"https:\/\/lag-vinodol.hr\/wp\/index.php?rest_route=\/wp\/v2\/pages\/236\/revisions"}],"predecessor-version":[{"id":2845,"href":"https:\/\/lag-vinodol.hr\/wp\/index.php?rest_route=\/wp\/v2\/pages\/236\/revisions\/2845"}],"wp:attachment":[{"href":"https:\/\/lag-vinodol.hr\/wp\/index.php?rest_route=%2Fwp%2Fv2%2Fmedia&parent=236"}],"curies":[{"name":"wp","href":"https:\/\/api.w.org\/{rel}","templated":true}]}}