{"id":2252,"date":"2021-01-04T11:07:29","date_gmt":"2021-01-04T11:07:29","guid":{"rendered":"http:\/\/lag-vinodol.hr\/wp\/?page_id=2252"},"modified":"2021-01-07T15:18:57","modified_gmt":"2021-01-07T15:18:57","slug":"pitanja-i-odgovori-5","status":"publish","type":"page","link":"https:\/\/lag-vinodol.hr\/wp\/?page_id=2252","title":{"rendered":"PITANJA I ODGOVORI"},"content":{"rendered":"\n<blockquote class=\"wp-block-quote is-layout-flow wp-block-quote-is-layout-flow\"><p><strong>Je li prihvatljivo ulaganje u nabavu i postavljanje sanitarnog \u010dvora na \u010destici u vlasni\u0161tvu Grada (javna komunalna infrastruktura-javna zelena povr\u0161ina) ili na obalnoj \u0161etnici na kojoj je utvr\u0111eno i upisano pomorsko dobro, a za koji postoji Tipski projekt, te za koji nije potrebno isho\u0111enje gra\u0111evinske dozvole? Je li navedeno prihvatljivo kao tro\u0161ak gra\u0111enja javne zelene povr\u0161ine prema Prilogu II Natje\u010daja?<\/strong><\/p><\/blockquote>\n\n\n\n<p>Postavljanje ili nabava sanitarnog \u010dvora nije rekonstrukcija ili izgradnja javne zelene povr\u0161ine, odnosno nije prihvatljiva vrsta projekta unutar LAG Natje\u010daja 741 LRS LAG.<\/p>\n","protected":false},"excerpt":{"rendered":"<p>Je li prihvatljivo ulaganje u nabavu i postavljanje sanitarnog \u010dvora na \u010destici u vlasni\u0161tvu Grada (javna komunalna infrastruktura-javna zelena povr\u0161ina) ili na obalnoj \u0161etnici na kojoj je utvr\u0111eno i upisano pomorsko dobro, a za koji postoji Tipski projekt, te za koji nije potrebno isho\u0111enje gra\u0111evinske dozvole? Je li navedeno prihvatljivo kao tro\u0161ak gra\u0111enja javne zelene [&hellip;]<\/p>\n","protected":false},"author":1,"featured_media":0,"parent":0,"menu_order":0,"comment_status":"closed","ping_status":"closed","template":"","meta":{"footnotes":"","_links_to":"","_links_to_target":""},"class_list":["post-2252","page","type-page","status-publish","hentry"],"_links":{"self":[{"href":"https:\/\/lag-vinodol.hr\/wp\/index.php?rest_route=\/wp\/v2\/pages\/2252","targetHints":{"allow":["GET"]}}],"collection":[{"href":"https:\/\/lag-vinodol.hr\/wp\/index.php?rest_route=\/wp\/v2\/pages"}],"about":[{"href":"https:\/\/lag-vinodol.hr\/wp\/index.php?rest_route=\/wp\/v2\/types\/page"}],"author":[{"embeddable":true,"href":"https:\/\/lag-vinodol.hr\/wp\/index.php?rest_route=\/wp\/v2\/users\/1"}],"replies":[{"embeddable":true,"href":"https:\/\/lag-vinodol.hr\/wp\/index.php?rest_route=%2Fwp%2Fv2%2Fcomments&post=2252"}],"version-history":[{"count":6,"href":"https:\/\/lag-vinodol.hr\/wp\/index.php?rest_route=\/wp\/v2\/pages\/2252\/revisions"}],"predecessor-version":[{"id":2263,"href":"https:\/\/lag-vinodol.hr\/wp\/index.php?rest_route=\/wp\/v2\/pages\/2252\/revisions\/2263"}],"wp:attachment":[{"href":"https:\/\/lag-vinodol.hr\/wp\/index.php?rest_route=%2Fwp%2Fv2%2Fmedia&parent=2252"}],"curies":[{"name":"wp","href":"https:\/\/api.w.org\/{rel}","templated":true}]}}