{"id":211,"date":"2014-01-28T06:17:01","date_gmt":"2014-01-28T06:17:01","guid":{"rendered":"http:\/\/lag-vinodol.hr\/wp\/?page_id=211"},"modified":"2016-04-14T09:18:34","modified_gmt":"2016-04-14T09:18:34","slug":"cilj-lag-a-vinodol","status":"publish","type":"page","link":"https:\/\/lag-vinodol.hr\/wp\/?page_id=211","title":{"rendered":"Cilj LAG-a \u201eVINODOL\u201c"},"content":{"rendered":"<p style=\"text-align: justify;\"><!--:hr-->LAG \u201eVINODOL\u201c je organizacija s usvojenim statutom, definiranim ciljevima i usvojenom Lokalnom razvojnom strategijom, \u010diji \u010dlanovi dolaze iz tri razli\u010dita sektora: javni, privatni i civilni, a sve u cilju unapre\u0111enja kvalitete \u017eivota u ruralnom podru\u010dju sukladno LEADER pristupu.<\/p>\n<p style=\"text-align: justify;\">Osnovan je sa osnovnom zada\u0107om promicanja ukupnog ruralnog podru\u010dja te unapre\u0111enja inicijativa i interesa od va\u017enosti za teritorijalno podru\u010dje na kojem djeluje, s naglaskom na mogu\u0107nost kori\u0161tenja sredstava iz Europskog poljoprivrednog fonda za ruralni razvoj (EAFRD).<\/p>\n<p style=\"text-align: justify;\">Pritom LAG \u201eVINODOL\u201c ima izuzetno va\u017enu ulogu u informiranju i upoznavanju \u010dlanova LAG-a i ostalih poduzetnika s podru\u010dja LAG-a na promi\u0161ljanje i pripremu projekata iz EU fondova na na\u010din da im se pribli\u017ee mogu\u0107nosti ulaganja te razumijevanje na\u010dina i sustava pripreme i provedbe projekta. Krajnji cilj je provedba Lokalne razvojne strategije LAG-a i posljedi\u010dno pove\u0107anje iskori\u0161tavanja EU fondova na podru\u010dju LAG-a.<i>\u00a0<\/i><\/p>\n<p style=\"text-align: justify;\">Kako bi osigurao sredstva za rad, LAG \u201eVINODOL\u201c se prijavio na 1. natje\u010daj za provedbu Mjere 202 \u201ePriprema i provedba lokalnih razvojnih strategija ruralnog razvoja\u201c IPARD programa. Prijava na natje\u010daj ocijenjena je pozitivno te je LAG \u201eVINODOL\u201c 8.7.2013.g. potpisao Ugovor o dodjeli sredstava iz IPARD programa u maksimalnom iznosu od 900.000,00 kn s Agencijom za pla\u0107anja u poljoprivredi, ribarstvu i ruralnom razvoju. Ostvareno pravo na bespovratna financijska sredstva LAG \u201eVINODOL\u201c koristio je tijekom 2013. i 2014.g.<\/p>\n<p style=\"text-align: justify;\">Kako bi LAG \u201eVINODOL\u201c osigurao bespovratna sredstva za pripremu i izradu Lokalne razvojne strategije 2014.-2020., prijavio se na javni natje\u010daj u okviru \u201eMjere 19 LEADER \u2013 CLLD\u201c iz Programa ruralnog razvoja RH 2014.-2020., za podmjeru 19.1. \u201ePripremna pomo\u0107\u201c \u2013 provedba tipa operacije 19.1.1., raspisan od strane Agencije za pla\u0107anja u poljoprivredi, ribarstvu i ruralnom razvoju. Prijava je izvr\u0161ena dana 11.7.2015.g. dok je dana 28.9.2015.g. zaprimljena pozitivna Odluka na temelju koje je LAG-u \u201eVINODOL\u201c dodijeljeno 318.725,40 kn bespovratnih sredstava.<\/p>\n<p style=\"text-align: justify;\">Lokalna razvojna strategija LAG-a \u201eVINODOL\u201c jest temeljni razvojno strate\u0161ki dokument koji je nu\u017ean za daljnji rad i kori\u0161tenje sredstava iz odre\u0111enih mjera Programa ruralnog razvoja RH 2014.-2020. Lokalna razvojna strategija LAG-a \u201eVINODOL\u201c obuhva\u0107a prihvatljive projekte sa podru\u010dja 7 jedinica lokalne samouprave koje se nalaze u sastavu LAG-a: podru\u010dje gradova Bakar, Crikvenica, Kraljevica, Novi Vinodolski te podru\u010dja op\u0107ina: \u010cavle, Kostrena i Vinodolska op\u0107ina. Projekti su prihvatljivi ukoliko su u skladu sa Programom ruralnog razvoja RH 2014.-2020., odnosno mjerama ruralnog razvoja.<\/p>\n<p style=\"text-align: justify;\">Polaze\u0107i od pretpostavke da lokalno stanovni\u0161tvo najbolje zna koje su prednosti i nedostatci podru\u010dja, LAG koristi lokalne dionike u definiranju ciljeva i odre\u0111ivanja aktivnosti za razvoj cijelog podru\u010dja. Istodobno LAG poma\u017ee potencijalnim korisnicima u definiranju i pripremi projekata za prijavu na natje\u010daje iz mjera ruralnog razvoja, koji uz podr\u0161ku LAG-a mogu imati prednost u prijavi na navedene natje\u010daje.<\/p>\n<p style=\"text-align: justify;\"><strong>LAG \u201eVINODOL\u201c je potporno i savjetodavno tijelo \u010dija je osnovna uloga dobro povezivanje i umre\u017eavanje lokalnih dionika.<\/strong><\/p>\n<p style=\"text-align: justify;\"><!--:--><\/p>\n","protected":false},"excerpt":{"rendered":"<p>LAG \u201eVINODOL\u201c je organizacija s usvojenim statutom, definiranim ciljevima i usvojenom Lokalnom razvojnom strategijom, \u010diji \u010dlanovi dolaze iz tri razli\u010dita sektora: javni, privatni i civilni, a sve u cilju unapre\u0111enja kvalitete \u017eivota u ruralnom podru\u010dju sukladno LEADER pristupu. Osnovan je sa osnovnom zada\u0107om promicanja ukupnog ruralnog podru\u010dja te unapre\u0111enja inicijativa i interesa od va\u017enosti za [&hellip;]<\/p>\n","protected":false},"author":1,"featured_media":0,"parent":0,"menu_order":0,"comment_status":"closed","ping_status":"open","template":"","meta":{"footnotes":"","_links_to":"","_links_to_target":""},"class_list":["post-211","page","type-page","status-publish","hentry"],"_links":{"self":[{"href":"https:\/\/lag-vinodol.hr\/wp\/index.php?rest_route=\/wp\/v2\/pages\/211","targetHints":{"allow":["GET"]}}],"collection":[{"href":"https:\/\/lag-vinodol.hr\/wp\/index.php?rest_route=\/wp\/v2\/pages"}],"about":[{"href":"https:\/\/lag-vinodol.hr\/wp\/index.php?rest_route=\/wp\/v2\/types\/page"}],"author":[{"embeddable":true,"href":"https:\/\/lag-vinodol.hr\/wp\/index.php?rest_route=\/wp\/v2\/users\/1"}],"replies":[{"embeddable":true,"href":"https:\/\/lag-vinodol.hr\/wp\/index.php?rest_route=%2Fwp%2Fv2%2Fcomments&post=211"}],"version-history":[{"count":6,"href":"https:\/\/lag-vinodol.hr\/wp\/index.php?rest_route=\/wp\/v2\/pages\/211\/revisions"}],"predecessor-version":[{"id":1192,"href":"https:\/\/lag-vinodol.hr\/wp\/index.php?rest_route=\/wp\/v2\/pages\/211\/revisions\/1192"}],"wp:attachment":[{"href":"https:\/\/lag-vinodol.hr\/wp\/index.php?rest_route=%2Fwp%2Fv2%2Fmedia&parent=211"}],"curies":[{"name":"wp","href":"https:\/\/api.w.org\/{rel}","templated":true}]}}