{"id":1898,"date":"2019-08-26T10:55:22","date_gmt":"2019-08-26T10:55:22","guid":{"rendered":"http:\/\/lag-vinodol.hr\/wp\/?page_id=1898"},"modified":"2019-08-26T11:10:46","modified_gmt":"2019-08-26T11:10:46","slug":"rezultati-2-lag-natjecaja-za-provedbu-mjere-3-1-1-pokretanje-poboljsanje-ili-prosirenje-lokalnih-temeljnih-usluga-za-ruralno-stanovnistvo","status":"publish","type":"page","link":"https:\/\/lag-vinodol.hr\/wp\/?page_id=1898","title":{"rendered":"REZULTATI 2. LAG NATJE\u010cAJA ZA PROVEDBU MJERE 3.1.1. Pokretanje, pobolj\u0161anje ili pro\u0161irenje lokalnih temeljnih usluga za ruralno stanovni\u0161tvo"},"content":{"rendered":"\n<p>LAG \u201cVINODOL\u201d objavio je&nbsp; dana 15.01.2019.g. drugi LAG Natje\u010daj iz Lokalne razvojne strategije LAG-a \u201cVINODOL\u201d 2014.-2020. za provedbu Mjere 3.1.1. Pokretanje, pobolj\u0161anje ili pro\u0161irenje lokalnih temeljnih usluga za ruralno stanovni\u0161tvo, koja je uskla\u0111ena sa tipom operacije 7.4.1. iz Programa ruralnog razvoja RH 2014.-2020.<\/p>\n\n\n\n<p>Ukupni iznos raspolo\u017eivih sredstava iznosio je 1.708.436,28 HRK. <\/p>\n\n\n\n<p>Na navedeni natje\u010daj prijave su se zaprimale od 15.02. do 29.03.2019.g., pristiglo je ukupno 7 prijava, koje su uspje\u0161no pro\u0161le administrativnu kontrolu, ocjenjivanje projekata te su odabrane od strane Upravnog odbora LAG-a \u201eVINODOL\u201c na 2. Sjednici Upravnog odbora LAG-a \u201eVINODOL\u201c u 2019.g. koja se odr\u017eala 26.07.2019.g. u Bribiru.<\/p>\n\n\n\n<p>&nbsp;Za odabrane projekte izdane su Odluke o odabiru projekta. Nakon odabira projekata na LAG razini slijedi postupak dodjele potpore nositeljima projekata koji provodi Agencija za pla\u0107anja u poljoprivredi, ribarstvu i ruralnom razvoju te \u0107e nakon provedene administrativne kontrole od strane Agencije uslijediti izdavanje Odluka o dodjeli sredstava ili Odluka o odbijanju Zahtjeva za potporu.<\/p>\n\n\n\n<p>LAG \u201eVINODOL\u201c \u010destita odabranim nositeljima projekata i \u017eeli uspje\u0161nu provedbu projektnih aktivnosti.<\/p>\n\n\n\n<div class=\"wp-block-file\"><a href=\"http:\/\/lag-vinodol.hr\/wp\/wp-content\/uploads\/2019\/08\/KONA\u010cNA-RANG-LISTA_2.-LAG-NATJE\u010cAJ_M-3.1.1.-2.pdf\">KONA\u010cNA-RANG-LISTA_2.-LAG-NATJE\u010cAJ_M-3.1.1.-2<\/a><a href=\"http:\/\/lag-vinodol.hr\/wp\/wp-content\/uploads\/2019\/08\/KONA\u010cNA-RANG-LISTA_2.-LAG-NATJE\u010cAJ_M-3.1.1.-2.pdf\" class=\"wp-block-file__button\" download>Download<\/a><\/div>\n","protected":false},"excerpt":{"rendered":"<p>LAG \u201cVINODOL\u201d objavio je&nbsp; dana 15.01.2019.g. drugi LAG Natje\u010daj iz Lokalne razvojne strategije LAG-a \u201cVINODOL\u201d 2014.-2020. za provedbu Mjere 3.1.1. Pokretanje, pobolj\u0161anje ili pro\u0161irenje lokalnih temeljnih usluga za ruralno stanovni\u0161tvo, koja je uskla\u0111ena sa tipom operacije 7.4.1. iz Programa ruralnog razvoja RH 2014.-2020. Ukupni iznos raspolo\u017eivih sredstava iznosio je 1.708.436,28 HRK. Na navedeni natje\u010daj prijave [&hellip;]<\/p>\n","protected":false},"author":1,"featured_media":1202,"parent":0,"menu_order":0,"comment_status":"closed","ping_status":"closed","template":"","meta":{"footnotes":"","_links_to":"","_links_to_target":""},"class_list":["post-1898","page","type-page","status-publish","has-post-thumbnail","hentry"],"_links":{"self":[{"href":"https:\/\/lag-vinodol.hr\/wp\/index.php?rest_route=\/wp\/v2\/pages\/1898","targetHints":{"allow":["GET"]}}],"collection":[{"href":"https:\/\/lag-vinodol.hr\/wp\/index.php?rest_route=\/wp\/v2\/pages"}],"about":[{"href":"https:\/\/lag-vinodol.hr\/wp\/index.php?rest_route=\/wp\/v2\/types\/page"}],"author":[{"embeddable":true,"href":"https:\/\/lag-vinodol.hr\/wp\/index.php?rest_route=\/wp\/v2\/users\/1"}],"replies":[{"embeddable":true,"href":"https:\/\/lag-vinodol.hr\/wp\/index.php?rest_route=%2Fwp%2Fv2%2Fcomments&post=1898"}],"version-history":[{"count":4,"href":"https:\/\/lag-vinodol.hr\/wp\/index.php?rest_route=\/wp\/v2\/pages\/1898\/revisions"}],"predecessor-version":[{"id":1906,"href":"https:\/\/lag-vinodol.hr\/wp\/index.php?rest_route=\/wp\/v2\/pages\/1898\/revisions\/1906"}],"wp:featuredmedia":[{"embeddable":true,"href":"https:\/\/lag-vinodol.hr\/wp\/index.php?rest_route=\/wp\/v2\/media\/1202"}],"wp:attachment":[{"href":"https:\/\/lag-vinodol.hr\/wp\/index.php?rest_route=%2Fwp%2Fv2%2Fmedia&parent=1898"}],"curies":[{"name":"wp","href":"https:\/\/api.w.org\/{rel}","templated":true}]}}