{"id":181,"date":"2013-12-19T11:37:59","date_gmt":"2013-12-19T11:37:59","guid":{"rendered":"http:\/\/lag-vinodol.hr\/wp\/?page_id=181"},"modified":"2025-11-26T06:22:19","modified_gmt":"2025-11-26T06:22:19","slug":"kontakt","status":"publish","type":"page","link":"https:\/\/lag-vinodol.hr\/wp\/?page_id=181","title":{"rendered":"<!--:hr-->Kontakt<!--:-->"},"content":{"rendered":"<p><!--:hr--><i>Adresa: LAG \u201eVINODOL\u201c, Bribir 46a, 51253 Bribir, Hrvatska<\/i><\/p>\n<p><i>Tel\/fax: +385 (0)51 436 231;<\/i><\/p>\n<p><i>e-mail: <\/i><a href=\"mailto:lag.vinodol@gmail.com\"><i>lag.vinodol<\/i><i>@<\/i><i>gmail.com<\/i><\/a><\/p>\n<p><i>mr.sc. Ivica Jer\u010dinovi\u0107, dipl.oec., predsjednik <\/i><\/p>\n<p><i>Mob: +385 (0)98 430 917;<\/i><\/p>\n<p><i>Marjan Bari\u010devi\u0107, dipl.oec, voditelj ureda<\/i><\/p>\n<p><i>+385 (0)91 6266 441;<\/i><\/p>\n","protected":false},"excerpt":{"rendered":"<p>Adresa: LAG \u201eVINODOL\u201c, Bribir 46a, 51253 Bribir, Hrvatska Tel\/fax: +385 (0)51 436 231; e-mail: lag.vinodol@gmail.com mr.sc. Ivica Jer\u010dinovi\u0107, dipl.oec., predsjednik Mob: +385 (0)98 430 917; Marjan Bari\u010devi\u0107, dipl.oec, voditelj ureda +385 (0)91 6266 441;<\/p>\n","protected":false},"author":1,"featured_media":0,"parent":0,"menu_order":0,"comment_status":"closed","ping_status":"open","template":"","meta":{"footnotes":"","_links_to":"","_links_to_target":""},"class_list":["post-181","page","type-page","status-publish","hentry"],"_links":{"self":[{"href":"https:\/\/lag-vinodol.hr\/wp\/index.php?rest_route=\/wp\/v2\/pages\/181","targetHints":{"allow":["GET"]}}],"collection":[{"href":"https:\/\/lag-vinodol.hr\/wp\/index.php?rest_route=\/wp\/v2\/pages"}],"about":[{"href":"https:\/\/lag-vinodol.hr\/wp\/index.php?rest_route=\/wp\/v2\/types\/page"}],"author":[{"embeddable":true,"href":"https:\/\/lag-vinodol.hr\/wp\/index.php?rest_route=\/wp\/v2\/users\/1"}],"replies":[{"embeddable":true,"href":"https:\/\/lag-vinodol.hr\/wp\/index.php?rest_route=%2Fwp%2Fv2%2Fcomments&post=181"}],"version-history":[{"count":21,"href":"https:\/\/lag-vinodol.hr\/wp\/index.php?rest_route=\/wp\/v2\/pages\/181\/revisions"}],"predecessor-version":[{"id":2978,"href":"https:\/\/lag-vinodol.hr\/wp\/index.php?rest_route=\/wp\/v2\/pages\/181\/revisions\/2978"}],"wp:attachment":[{"href":"https:\/\/lag-vinodol.hr\/wp\/index.php?rest_route=%2Fwp%2Fv2%2Fmedia&parent=181"}],"curies":[{"name":"wp","href":"https:\/\/api.w.org\/{rel}","templated":true}]}}