{"id":1732,"date":"2019-01-15T09:43:43","date_gmt":"2019-01-15T09:43:43","guid":{"rendered":"http:\/\/lag-vinodol.hr\/wp\/?page_id=1732"},"modified":"2020-02-21T14:31:37","modified_gmt":"2020-02-21T14:31:37","slug":"lag-natjecaj-za-provedbu-mjere-3-1-1-pokretanje-poboljsanje-ili-prosirenje-lokalnih-temeljnih-usluga-za-ruralno-stanovnistvo","status":"publish","type":"page","link":"https:\/\/lag-vinodol.hr\/wp\/?page_id=1732","title":{"rendered":"2. LAG NATJE\u010cAJ ZA PROVEDBU MJERE 3.1.1. Pokretanje, pobolj\u0161anje ili pro\u0161irenje lokalnih temeljnih usluga za ruralno stanovni\u0161tvo"},"content":{"rendered":"<p>LAG &#8220;VINODOL&#8221; objavljuje dana 15.1.2019.g. drugi LAG Natje\u010daj iz Lokalne razvojne strategije LAG-a &#8220;VINODOL&#8221; 2014.-2020. za provedbu Mjere 3.1.1. Pokretanje, pobolj\u0161anje ili pro\u0161irenje lokalnih temeljnih usluga za ruralno stanovni\u0161tvo, koja je uskla\u0111ena sa tipom operacije 7.4.1. iz Programa ruralnog razvoja RH 2014.-2020.<\/p>\n<p>Ukupni iznos raspolo\u017eivih sredstava iznosi 1.708.436,28 HRK.&nbsp; Prijave projekata podnose se u 1 (jednom) zatvorenom paketu\/omotnici isklju\u010divo preporu\u010denom po\u0161tom od 15.2.2019.g., a najkasnije do 29.3.2019.g. na adresu:<\/p>\n<p>LAG &#8220;VINODOL&#8221;, Bribir 46 a, 51253 Bribir.<\/p>\n<p>Natje\u010daj i natje\u010dajna dokumentacija:<\/p>\n<ol>\n<li><a href=\"http:\/\/lag-vinodol.hr\/wp\/wp-content\/uploads\/2019\/01\/LAG_natje\u010daj_3.1.1..docx\">LAG_natje\u010daj_M_3.1.1.<\/a><\/li>\n<li><a href=\"http:\/\/lag-vinodol.hr\/wp\/wp-content\/uploads\/2019\/01\/Obrazac-A.-Prijavni-obrazac.docx\">Obrazac A. Prijavni obrazac<\/a><\/li>\n<li><a href=\"http:\/\/lag-vinodol.hr\/wp\/wp-content\/uploads\/2019\/01\/Obrazac-B.-Plan-nabave-Tablica-tro\u0161kova-i-izra\u010duna-potpore.xlsx\">Obrazac B. Plan nabave &#8211; Tablica tro\u0161kova i izra\u010duna potpore<\/a><\/li>\n<li><a href=\"http:\/\/lag-vinodol.hr\/wp\/wp-content\/uploads\/2019\/01\/Prilog-I-Dokumentacija-za-podno\u0161enje-prijave-projekta.docx\">Prilog I &#8211; Dokumentacija za podno\u0161enje prijave projekta<\/a><\/li>\n<li><a href=\"http:\/\/lag-vinodol.hr\/wp\/wp-content\/uploads\/2019\/01\/Prilog-II-Lista-prihvatljivih-tro\u0161kova.xlsx\">Prilog II &#8211; Lista prihvatljivih tro\u0161kova<\/a><\/li>\n<li><a href=\"http:\/\/lag-vinodol.hr\/wp\/wp-content\/uploads\/2019\/01\/Prilog-III-Opis-projekta.docx\">Prilog III &#8211; Opis projekta<\/a><\/li>\n<li><a href=\"http:\/\/lag-vinodol.hr\/wp\/wp-content\/uploads\/2019\/01\/Prilog-IV-Uputa-za-prikupljanje-ponuda-i-provedbu-postupaka-jednostavne-nabave.pdf\">Prilog IV &#8211; Uputa za prikupljanje ponuda i provedbu postupaka jednostavne nabave<\/a><\/li>\n<li><a href=\"http:\/\/lag-vinodol.hr\/wp\/wp-content\/uploads\/2019\/01\/Prilog-V-Uputa-MZOIE.pdf\">Prilog V &#8211; Uputa MZOIE<\/a><\/li>\n<li><a href=\"http:\/\/lag-vinodol.hr\/wp\/wp-content\/uploads\/2019\/01\/Prilog-VI-Izjava-nositelja-projekta-o-nemogu\u0107nosti-odbitka-pretporeza.docx\">Prilog VI &#8211; Izjava nositelja projekta o nemogu\u0107nosti odbitka pretporeza<\/a><\/li>\n<li><a href=\"http:\/\/lag-vinodol.hr\/wp\/wp-content\/uploads\/2019\/01\/Prilog-VII-Izjava-o-statusu-nositelja-projekta-temeljem-Zakona-o-javnoj-nabavi.docx\">Prilog VII &#8211; Izjava o statusu nositelja projekta temeljem Zakona o javnoj nabavi<\/a><\/li>\n<li><a href=\"http:\/\/lag-vinodol.hr\/wp\/wp-content\/uploads\/2019\/01\/Prilog-VIII-Vrijednosti-indeksa-razvijenosti-i-pokazatelja-za-izra\u010dun-indeksa-razvijenosti-jedinice-lokalne-samouprave.pdf\">Prilog VIII &#8211; Vrijednosti indeksa razvijenosti i pokazatelja za izra\u010dun indeksa razvijenosti jedinice lokalne samouprave<\/a><\/li>\n<li><a href=\"http:\/\/lag-vinodol.hr\/wp\/wp-content\/uploads\/2019\/01\/Prilog-IX-Kriteriji-odabira.docx\">Prilog IX &#8211; Kriteriji odabira<\/a><\/li>\n<\/ol>\n<p>&nbsp;<\/p>\n","protected":false},"excerpt":{"rendered":"<p>LAG &#8220;VINODOL&#8221; objavljuje dana 15.1.2019.g. drugi LAG Natje\u010daj iz Lokalne razvojne strategije LAG-a &#8220;VINODOL&#8221; 2014.-2020. za provedbu Mjere 3.1.1. Pokretanje, pobolj\u0161anje ili pro\u0161irenje lokalnih temeljnih usluga za ruralno stanovni\u0161tvo, koja je uskla\u0111ena sa tipom operacije 7.4.1. iz Programa ruralnog razvoja RH 2014.-2020. Ukupni iznos raspolo\u017eivih sredstava iznosi 1.708.436,28 HRK.&nbsp; Prijave projekata podnose se u 1 [&hellip;]<\/p>\n","protected":false},"author":1,"featured_media":1202,"parent":0,"menu_order":0,"comment_status":"closed","ping_status":"closed","template":"","meta":{"footnotes":"","_links_to":"","_links_to_target":""},"class_list":["post-1732","page","type-page","status-publish","has-post-thumbnail","hentry"],"_links":{"self":[{"href":"https:\/\/lag-vinodol.hr\/wp\/index.php?rest_route=\/wp\/v2\/pages\/1732","targetHints":{"allow":["GET"]}}],"collection":[{"href":"https:\/\/lag-vinodol.hr\/wp\/index.php?rest_route=\/wp\/v2\/pages"}],"about":[{"href":"https:\/\/lag-vinodol.hr\/wp\/index.php?rest_route=\/wp\/v2\/types\/page"}],"author":[{"embeddable":true,"href":"https:\/\/lag-vinodol.hr\/wp\/index.php?rest_route=\/wp\/v2\/users\/1"}],"replies":[{"embeddable":true,"href":"https:\/\/lag-vinodol.hr\/wp\/index.php?rest_route=%2Fwp%2Fv2%2Fcomments&post=1732"}],"version-history":[{"count":4,"href":"https:\/\/lag-vinodol.hr\/wp\/index.php?rest_route=\/wp\/v2\/pages\/1732\/revisions"}],"predecessor-version":[{"id":2023,"href":"https:\/\/lag-vinodol.hr\/wp\/index.php?rest_route=\/wp\/v2\/pages\/1732\/revisions\/2023"}],"wp:featuredmedia":[{"embeddable":true,"href":"https:\/\/lag-vinodol.hr\/wp\/index.php?rest_route=\/wp\/v2\/media\/1202"}],"wp:attachment":[{"href":"https:\/\/lag-vinodol.hr\/wp\/index.php?rest_route=%2Fwp%2Fv2%2Fmedia&parent=1732"}],"curies":[{"name":"wp","href":"https:\/\/api.w.org\/{rel}","templated":true}]}}