{"id":1551,"date":"2018-03-29T07:55:41","date_gmt":"2018-03-29T07:55:41","guid":{"rendered":"http:\/\/lag-vinodol.hr\/wp\/?page_id=1551"},"modified":"2019-03-08T13:53:08","modified_gmt":"2019-03-08T13:53:08","slug":"pitanja-i-odgovori","status":"publish","type":"page","link":"https:\/\/lag-vinodol.hr\/wp\/?page_id=1551","title":{"rendered":"PITANJA I ODGOVORI"},"content":{"rendered":"<p>&nbsp;<\/p>\n<blockquote><p>Vezano uz prijavu na natje\u010daj 3.1.1. \u2013 izgradnja i opremanje dje\u010djeg igrali\u0161ta, molila bi Vas informaciju da li se hortikultura smatra prihvatljivim tro\u0161kom ?<\/p><\/blockquote>\n<p>Sukladno Prilogu II Lista prihvatljivih tro\u0161kova za Mjeru 3.1.1. \u201ePokretanje, pobolj\u0161anje ili pro\u0161irenje lokalnih temeljnih usluga za ruralno stanovni\u0161tvo\u201c navedeno je prihvatljivo pod to\u010dkom A.5 Tro\u0161kovi gra\u0111enja dje\u010djeg igrali\u0161ta (tako\u0111er, u Listi dozvoljenih radova vezano uz gra\u0111enje, isto je prihvatljivo pod to\u010dkom D Ure\u0111enje okoli\u0161a i puteva unutar gra\u0111evne \u010destice) i to\u010dkom B.5 Tro\u0161kovi opremanja dje\u010djeg igrali\u0161ta.<\/p>\n<blockquote><p>Ovom prilikom Vam se obra\u0107amo u svezi natje\u010daja za provedbu mjere. Naime, na\u0161a Udruga osnovana je s ciljem okupljanja djece s te\u0161ko\u0107ama u razvoju i osoba s invaliditetom. Osnovno nam je omogu\u0107iti pove\u0107anje kvalitete njihova \u017eivota, pru\u017eiti podr\u0161ku i pomo\u0107 u ostvarivanju njihovih prava. Budu\u0107i da neprekidno ula\u017eemo u boljitak na\u0161ih \u010dlanova, zamijetili smo Va\u0161 natje\u010daj.&nbsp; Predmet na\u0161eg projekta bila bi nabava fleksibilnog dizala kako bi djeca s invaliditetom na ovom podru\u010dju olak\u0161ano mogla u\u0107i u more. Upravo zbog specifi\u010dnosti samoga projekta zainteresirani smo dali nabava navedenog mo\u017ee uop\u0107e biti dio prijave za natje\u010daj ili pak da znamo pisati projekt i obratiti&nbsp; se nekom drugom izvoru financiranja? Unaprijed zahvaljujemo na odgovoru.<\/p><\/blockquote>\n<p>Sukladno Natje\u010daju za provedbu Mjere 3.1.1. \u201ePokretanje, pobolj\u0161anje ili pro\u0161irenje lokalnih temeljnih usluga za ruralno stanovni\u0161tvo\u201c nositelj projekta mora biti jedan od organizacijskih oblika naveden u to\u010dki 2.1 Natje\u010daja &#8211; Prihvatljivost nositelja projekta (Tko mo\u017ee sudjelovati).<\/p>\n<p>U Natje\u010daju, pod to\u010dkom 3.1 Prihvatljivi projekti navedeni su svi prihvatljivi projekti za koje se dodjeljuje potpora u obliku bespovratnih financijskih sredstava.<\/p>\n<p>Tako\u0111er, u Prilogu II Lista prihvatljivih tro\u0161kova za Mjeru 3.1.1. \u201ePokretanje, pobolj\u0161anje ili pro\u0161irenje lokalnih temeljnih usluga za ruralno stanovni\u0161tvo\u201c navedeni su dozvoljeni tro\u0161kovi&nbsp; a obuhva\u0107aju A Gra\u0111enje (izgradnja i rekonstrukcija), B Opremanje, C Op\u0107i tro\u0161kovi i D Ostali prihvatljivi tro\u0161kovi.<\/p>\n<p>Nabavka fleksibilnog dizala ne nalazi se u Natje\u010daju, pod to\u010dkom 3.1 Prihvatljivi projekti niti u Prilogu II, pod to\u010dkom B Opremanje.<\/p>\n<blockquote><p>Molimo Vas za poja\u0161njenje po pitanju Natje\u010daja za provedbu Mjere 3.1.1. \u201ePokretanje, pobolj\u0161anje ili pro\u0161irenje lokalnih temeljenih usluga za ruralno stanovni\u0161tvo\u201c. Grad kao prijavitelj ulagao bi na pomorskom dobru &nbsp;kojim Grad upravlja, a koji nije pod nikakvim re\u017eimom koncesija ili koncesijskih odobrenja. Projekt se odnosi na opremanje dje\u010djeg igrali\u0161ta na pomorskom dobru kojim upravlja Grad . Molimo Vas poja\u0161njenje po pitanju prihvatljivosti ulaganja kao i To\u010dci II.2.8. Prijavnog obrasca kojim ovakva situacija nije predvi\u0111ena. Tako\u0111er Vas molimo za poja\u0161njenje koja dokumentacija je potrebna u ovom slu\u010daju po pitanju vlasni\u0161tva (imovinsko-pravnih odnosa).<\/p><\/blockquote>\n<p>Kako bi navedeno ulaganje bilo prihvatljivo nositelj projekta mora biti vlasnik gra\u0111evine ili isti mora dokazati pravni interes. Pravni interes u slu\u010daju ulaganja u izgradnju ili rekonstrukciju gra\u0111evina iz poglavlja 3.1 Natje\u010daja podrazumijeva da ako nositelj projekta nije vlasnik zemlji\u0161ta\/postoje\u0107e gra\u0111evine, nositelj projekta mora imati Ugovor o osnivanju prava gra\u0111enja ili Ugovor o koncesiji sklopljen na rok od najmanje 10 godina i upisan u zemlji\u0161ne knjige, ra\u010dunaju\u0107i od datuma podno\u0161enja prijave projekta.<\/p>\n<p>Pravni interes u slu\u010daju ulaganja isklju\u010divo u opremanje gra\u0111evina iz poglavlja 3.1 Natje\u010daja podrazumijeva da ako nositelj projekta nije vlasnik gra\u0111evine lokacije ulaganja, nositelj projekta mora imati Ugovor o najmu\/slu\u017enosti\/upravljanju sklopljen na rok od najmanje 10 godina i upisan u zemlji\u0161ne knjige, ra\u010dunaju\u0107i od datuma podno\u0161enja prijave projekta.<\/p>\n","protected":false},"excerpt":{"rendered":"<p>&nbsp; Vezano uz prijavu na natje\u010daj 3.1.1. \u2013 izgradnja i opremanje dje\u010djeg igrali\u0161ta, molila bi Vas informaciju da li se hortikultura smatra prihvatljivim tro\u0161kom ? Sukladno Prilogu II Lista prihvatljivih tro\u0161kova za Mjeru 3.1.1. \u201ePokretanje, pobolj\u0161anje ili pro\u0161irenje lokalnih temeljnih usluga za ruralno stanovni\u0161tvo\u201c navedeno je prihvatljivo pod to\u010dkom A.5 Tro\u0161kovi gra\u0111enja dje\u010djeg igrali\u0161ta (tako\u0111er, [&hellip;]<\/p>\n","protected":false},"author":1,"featured_media":0,"parent":0,"menu_order":0,"comment_status":"closed","ping_status":"closed","template":"","meta":{"footnotes":"","_links_to":"","_links_to_target":""},"class_list":["post-1551","page","type-page","status-publish","hentry"],"_links":{"self":[{"href":"https:\/\/lag-vinodol.hr\/wp\/index.php?rest_route=\/wp\/v2\/pages\/1551","targetHints":{"allow":["GET"]}}],"collection":[{"href":"https:\/\/lag-vinodol.hr\/wp\/index.php?rest_route=\/wp\/v2\/pages"}],"about":[{"href":"https:\/\/lag-vinodol.hr\/wp\/index.php?rest_route=\/wp\/v2\/types\/page"}],"author":[{"embeddable":true,"href":"https:\/\/lag-vinodol.hr\/wp\/index.php?rest_route=\/wp\/v2\/users\/1"}],"replies":[{"embeddable":true,"href":"https:\/\/lag-vinodol.hr\/wp\/index.php?rest_route=%2Fwp%2Fv2%2Fcomments&post=1551"}],"version-history":[{"count":11,"href":"https:\/\/lag-vinodol.hr\/wp\/index.php?rest_route=\/wp\/v2\/pages\/1551\/revisions"}],"predecessor-version":[{"id":1812,"href":"https:\/\/lag-vinodol.hr\/wp\/index.php?rest_route=\/wp\/v2\/pages\/1551\/revisions\/1812"}],"wp:attachment":[{"href":"https:\/\/lag-vinodol.hr\/wp\/index.php?rest_route=%2Fwp%2Fv2%2Fmedia&parent=1551"}],"curies":[{"name":"wp","href":"https:\/\/api.w.org\/{rel}","templated":true}]}}