{"id":996,"date":"2015-11-18T10:21:40","date_gmt":"2015-11-18T10:21:40","guid":{"rendered":"http:\/\/lag-vinodol.hr\/wp\/?page_id=996"},"modified":"2025-11-26T06:20:13","modified_gmt":"2025-11-26T06:20:13","slug":"marija","status":"publish","type":"page","link":"http:\/\/lag-vinodol.hr\/wp\/?page_id=996","title":{"rendered":"Djelatnici"},"content":{"rendered":"\n<div class=\"wp-block-group is-layout-grid wp-container-core-group-is-layout-baef362d wp-block-group-is-layout-grid\">\n<figure class=\"wp-block-image size-large\"><a href=\"http:\/\/lag-vinodol.hr\/wp\/wp-content\/uploads\/2015\/11\/125-e1447854723475.jpg\"><img loading=\"lazy\" decoding=\"async\" width=\"1024\" height=\"683\" src=\"http:\/\/lag-vinodol.hr\/wp\/wp-content\/uploads\/2015\/11\/125-1024x683.jpg\" alt=\"\" class=\"wp-image-1011\"\/><\/a><\/figure>\n\n\n\n<p class=\"wp-container-content-5e2576f9\">Predsjednik<br><em>mr. sc.<\/em> Ivica Jer\u010dinovi\u0107, <em>dipl. oec.<\/em><br><em>Mob<\/em>. +385 98 430 917<\/p>\n\n\n\n<figure class=\"wp-block-image size-large\"><a href=\"http:\/\/lag-vinodol.hr\/wp\/wp-content\/uploads\/2015\/11\/106-e1447860784212.jpg\"><img loading=\"lazy\" decoding=\"async\" width=\"1024\" height=\"683\" src=\"http:\/\/lag-vinodol.hr\/wp\/wp-content\/uploads\/2015\/11\/106-1024x683.jpg\" alt=\"\" class=\"wp-image-1023\"\/><\/a><\/figure>\n\n\n\n<p class=\"wp-container-content-5e2576f9\">Voditelj ureda<br>Marjan Bari\u010devi\u0107, <em>dipl. oec<\/em>.<br><em>Mob<\/em>. +385 91 6266 441<br>&nbsp;<\/p>\n\n\n\n<figure class=\"wp-block-image size-large\"><a href=\"http:\/\/lag-vinodol.hr\/wp\/wp-content\/uploads\/2015\/11\/113-e1447860111532.jpg\"><img loading=\"lazy\" decoding=\"async\" width=\"1024\" height=\"683\" src=\"http:\/\/lag-vinodol.hr\/wp\/wp-content\/uploads\/2015\/11\/113-1024x683.jpg\" alt=\"\" class=\"wp-image-1014\"\/><\/a><\/figure>\n\n\n\n<p>Stru\u010dni suradnik<br>Marija Kolar, <em>bacc. ing. agr.<\/em><br><em>Mob<\/em>. +385 91 6366 441<br>&nbsp;<\/p>\n\n\n\n<figure class=\"wp-block-image size-large\"><a href=\"http:\/\/lag-vinodol.hr\/wp\/wp-content\/uploads\/2019\/01\/Marko-Butkovi\u0107-1-e1546438447551.jpg\"><img loading=\"lazy\" decoding=\"async\" width=\"1024\" height=\"768\" src=\"http:\/\/lag-vinodol.hr\/wp\/wp-content\/uploads\/2019\/01\/Marko-Butkovi\u0107-1-1024x768.jpg\" alt=\"\" class=\"wp-image-1726\"\/><\/a><\/figure>\n\n\n\n<p>Stru\u010dni suradnik<br>Marko Butkovi\u0107,<em>&nbsp;mag.iur.<\/em><br><em>Mob.<\/em> +385 91 6049 906<br><br><\/p>\n<\/div>\n\n\n\n<p><\/p>\n\n\n\n<div class=\"wp-block-group is-layout-grid wp-container-core-group-is-layout-baef362d wp-block-group-is-layout-grid\"><\/div>\n","protected":false},"excerpt":{"rendered":"<p>Predsjednikmr. sc. Ivica Jer\u010dinovi\u0107, dipl. oec.Mob. +385 98 430 917 Voditelj uredaMarjan Bari\u010devi\u0107, dipl. oec.Mob. +385 91 6266 441&nbsp; Stru\u010dni suradnikMarija Kolar, bacc. ing. agr.Mob. +385 91 6366 441&nbsp; Stru\u010dni suradnikMarko Butkovi\u0107,&nbsp;mag.iur.Mob. +385 91 6049 906<\/p>\n","protected":false},"author":1,"featured_media":0,"parent":0,"menu_order":0,"comment_status":"closed","ping_status":"closed","template":"","meta":{"footnotes":"","_links_to":"","_links_to_target":""},"class_list":["post-996","page","type-page","status-publish","hentry"],"_links":{"self":[{"href":"http:\/\/lag-vinodol.hr\/wp\/index.php?rest_route=\/wp\/v2\/pages\/996","targetHints":{"allow":["GET"]}}],"collection":[{"href":"http:\/\/lag-vinodol.hr\/wp\/index.php?rest_route=\/wp\/v2\/pages"}],"about":[{"href":"http:\/\/lag-vinodol.hr\/wp\/index.php?rest_route=\/wp\/v2\/types\/page"}],"author":[{"embeddable":true,"href":"http:\/\/lag-vinodol.hr\/wp\/index.php?rest_route=\/wp\/v2\/users\/1"}],"replies":[{"embeddable":true,"href":"http:\/\/lag-vinodol.hr\/wp\/index.php?rest_route=%2Fwp%2Fv2%2Fcomments&post=996"}],"version-history":[{"count":25,"href":"http:\/\/lag-vinodol.hr\/wp\/index.php?rest_route=\/wp\/v2\/pages\/996\/revisions"}],"predecessor-version":[{"id":2977,"href":"http:\/\/lag-vinodol.hr\/wp\/index.php?rest_route=\/wp\/v2\/pages\/996\/revisions\/2977"}],"wp:attachment":[{"href":"http:\/\/lag-vinodol.hr\/wp\/index.php?rest_route=%2Fwp%2Fv2%2Fmedia&parent=996"}],"curies":[{"name":"wp","href":"https:\/\/api.w.org\/{rel}","templated":true}]}}