{"id":2832,"date":"2025-01-14T12:05:42","date_gmt":"2025-01-14T12:05:42","guid":{"rendered":"https:\/\/lag-vinodol.hr\/wp\/?page_id=2832"},"modified":"2025-01-14T12:05:43","modified_gmt":"2025-01-14T12:05:43","slug":"lokalna-razvojna-strategija-2023-2027-1-izmjena_16-12-2024-g-_vazeca","status":"publish","type":"page","link":"http:\/\/lag-vinodol.hr\/wp\/?page_id=2832","title":{"rendered":"Lokalna razvojna strategija 2023.-2027. &#8211; 1. izmjena_16.12.2024.g._VA\u017dE\u0106A"},"content":{"rendered":"\n<p>Tekst Lokalne razvojne strategije 2023.-2027. podru\u010dja LAG-a &#8220;VINODOL&#8221; mo\u017eete preuzeti na sljede\u0107oj poveznici:<\/p>\n\n\n\n<div class=\"wp-block-file\"><a id=\"wp-block-file--media-d4ed8900-5aa2-45a2-8774-74e2cd824473\" href=\"https:\/\/lag-vinodol.hr\/wp\/wp-content\/uploads\/2025\/01\/Lokalna-razvojna-strategija-2023.-2027.-1.-izmjena_16.12.2024.g._VAZECA.pdf\">Lokalna razvojna strategija 2023.-2027. &#8211; 1. izmjena_16.12.2024.g._VA\u017dE\u0106A<\/a><a href=\"https:\/\/lag-vinodol.hr\/wp\/wp-content\/uploads\/2025\/01\/Lokalna-razvojna-strategija-2023.-2027.-1.-izmjena_16.12.2024.g._VAZECA.pdf\" class=\"wp-block-file__button wp-element-button\" download aria-describedby=\"wp-block-file--media-d4ed8900-5aa2-45a2-8774-74e2cd824473\">Download<\/a><\/div>\n","protected":false},"excerpt":{"rendered":"<p>Tekst Lokalne razvojne strategije 2023.-2027. podru\u010dja LAG-a &#8220;VINODOL&#8221; mo\u017eete preuzeti na sljede\u0107oj poveznici:<\/p>\n","protected":false},"author":1,"featured_media":0,"parent":0,"menu_order":0,"comment_status":"closed","ping_status":"closed","template":"","meta":{"footnotes":"","_links_to":"","_links_to_target":""},"class_list":["post-2832","page","type-page","status-publish","hentry"],"_links":{"self":[{"href":"http:\/\/lag-vinodol.hr\/wp\/index.php?rest_route=\/wp\/v2\/pages\/2832","targetHints":{"allow":["GET"]}}],"collection":[{"href":"http:\/\/lag-vinodol.hr\/wp\/index.php?rest_route=\/wp\/v2\/pages"}],"about":[{"href":"http:\/\/lag-vinodol.hr\/wp\/index.php?rest_route=\/wp\/v2\/types\/page"}],"author":[{"embeddable":true,"href":"http:\/\/lag-vinodol.hr\/wp\/index.php?rest_route=\/wp\/v2\/users\/1"}],"replies":[{"embeddable":true,"href":"http:\/\/lag-vinodol.hr\/wp\/index.php?rest_route=%2Fwp%2Fv2%2Fcomments&post=2832"}],"version-history":[{"count":1,"href":"http:\/\/lag-vinodol.hr\/wp\/index.php?rest_route=\/wp\/v2\/pages\/2832\/revisions"}],"predecessor-version":[{"id":2834,"href":"http:\/\/lag-vinodol.hr\/wp\/index.php?rest_route=\/wp\/v2\/pages\/2832\/revisions\/2834"}],"wp:attachment":[{"href":"http:\/\/lag-vinodol.hr\/wp\/index.php?rest_route=%2Fwp%2Fv2%2Fmedia&parent=2832"}],"curies":[{"name":"wp","href":"https:\/\/api.w.org\/{rel}","templated":true}]}}