{"id":2727,"date":"2023-12-21T09:29:18","date_gmt":"2023-12-21T09:29:18","guid":{"rendered":"https:\/\/lag-vinodol.hr\/wp\/?page_id=2727"},"modified":"2025-01-14T12:02:37","modified_gmt":"2025-01-14T12:02:37","slug":"lokalna-razvojna-strategija-2023-2027-_20-12-2023-g-_vazeca","status":"publish","type":"page","link":"http:\/\/lag-vinodol.hr\/wp\/?page_id=2727","title":{"rendered":"Lokalna razvojna strategija 2023.-2027._20.12.2023.g."},"content":{"rendered":"\n<p>Tekst Lokalne razvojne strategije 2023.-2027. podru\u010dja LAG-a &#8220;VINODOL&#8221; mo\u017eete preuzeti na sljede\u0107oj poveznici:<\/p>\n\n\n\n<div class=\"wp-block-file\"><a id=\"wp-block-file--media-70b48b4f-e91e-452f-ab8c-fc6207e5e737\" href=\"https:\/\/lag-vinodol.hr\/wp\/wp-content\/uploads\/2023\/12\/LAG-VINODOL_LRS-2023.-2027.pdf\">LRS LAG &#8220;VINODOL&#8221; 2023.-2027.<\/a><a href=\"https:\/\/lag-vinodol.hr\/wp\/wp-content\/uploads\/2023\/12\/LAG-VINODOL_LRS-2023.-2027.pdf\" class=\"wp-block-file__button wp-element-button\" download aria-describedby=\"wp-block-file--media-70b48b4f-e91e-452f-ab8c-fc6207e5e737\">Download<\/a><\/div>\n","protected":false},"excerpt":{"rendered":"<p>Tekst Lokalne razvojne strategije 2023.-2027. podru\u010dja LAG-a &#8220;VINODOL&#8221; mo\u017eete preuzeti na sljede\u0107oj poveznici:<\/p>\n","protected":false},"author":1,"featured_media":0,"parent":0,"menu_order":0,"comment_status":"closed","ping_status":"closed","template":"","meta":{"footnotes":"","_links_to":"","_links_to_target":""},"class_list":["post-2727","page","type-page","status-publish","hentry"],"_links":{"self":[{"href":"http:\/\/lag-vinodol.hr\/wp\/index.php?rest_route=\/wp\/v2\/pages\/2727","targetHints":{"allow":["GET"]}}],"collection":[{"href":"http:\/\/lag-vinodol.hr\/wp\/index.php?rest_route=\/wp\/v2\/pages"}],"about":[{"href":"http:\/\/lag-vinodol.hr\/wp\/index.php?rest_route=\/wp\/v2\/types\/page"}],"author":[{"embeddable":true,"href":"http:\/\/lag-vinodol.hr\/wp\/index.php?rest_route=\/wp\/v2\/users\/1"}],"replies":[{"embeddable":true,"href":"http:\/\/lag-vinodol.hr\/wp\/index.php?rest_route=%2Fwp%2Fv2%2Fcomments&post=2727"}],"version-history":[{"count":2,"href":"http:\/\/lag-vinodol.hr\/wp\/index.php?rest_route=\/wp\/v2\/pages\/2727\/revisions"}],"predecessor-version":[{"id":2831,"href":"http:\/\/lag-vinodol.hr\/wp\/index.php?rest_route=\/wp\/v2\/pages\/2727\/revisions\/2831"}],"wp:attachment":[{"href":"http:\/\/lag-vinodol.hr\/wp\/index.php?rest_route=%2Fwp%2Fv2%2Fmedia&parent=2727"}],"curies":[{"name":"wp","href":"https:\/\/api.w.org\/{rel}","templated":true}]}}