{"id":2667,"date":"2023-07-13T06:29:44","date_gmt":"2023-07-13T06:29:44","guid":{"rendered":"https:\/\/lag-vinodol.hr\/wp\/?page_id=2667"},"modified":"2023-07-13T07:21:10","modified_gmt":"2023-07-13T07:21:10","slug":"rezultati-7-lag-natjecaja-za-provedbu-mjere-3-1-1-pokretanje-poboljsanje-ili-prosirenje-lokalnih-temeljnih-usluga-za-ruralno-stanovnistvo","status":"publish","type":"page","link":"http:\/\/lag-vinodol.hr\/wp\/?page_id=2667","title":{"rendered":"REZULTATI 7. LAG NATJE\u010cAJA ZA PROVEDBU MJERE 3.1.1. Pokretanje, pobolj\u0161anje ili pro\u0161irenje lokalnih temeljnih usluga za ruralno stanovni\u0161tvo"},"content":{"rendered":"\n<p>LAG \u201cVINODOL\u201d objavio je\u00a0dana 30.11.2022.g. sedmi LAG Natje\u010daj iz Lokalne razvojne strategije LAG-a \u201cVINODOL\u201d 2014.-2020. za provedbu Mjere 3.1.1. Pokretanje, pobolj\u0161anje ili pro\u0161irenje lokalnih temeljnih usluga za ruralno stanovni\u0161tvo, referentna oznaka 731100, koja je uskla\u0111ena sa tipom operacije 7.4.1. iz Programa ruralnog razvoja RH 2014.-2020.<\/p>\n\n\n\n<p>Ukupni iznos raspolo\u017eivih sredstava iznosio je 429.569,37 EUR (3.236.590,40 HRK).<\/p>\n\n\n\n<p>Na navedeni natje\u010daj prijave su se zaprimale od 16.01.2023.g. do 31.03.2023.g., pristiglo je ukupno 7 prijava, koje su uspje\u0161no pro\u0161le administrativnu kontrolu, ocjenjivanje projekata te su odabrane od strane Upravnog odbora LAG-a \u201eVINODOL\u201c na 3. sjednici Upravnog odbora LAG-a \u201eVINODOL\u201c u 2023.g. koja se odr\u017eala 27.06.2023.g. u Bribiru.<\/p>\n\n\n\n<p>&nbsp;Za odabrane projekte izdane su Odluke o odabiru projekta. Nakon odabira projekata na LAG razini slijedi postupak dodjele potpore nositeljima projekata koji provodi Agencija za pla\u0107anja u poljoprivredi, ribarstvu i ruralnom razvoju te \u0107e nakon provedene administrativne kontrole od strane Agencije uslijediti izdavanje Odluka o rezultatu administrativne kontrole Zahtjeva za potporu ili Odluka o odbijanju Zahtjeva za potporu.<\/p>\n\n\n\n<p>LAG \u201eVINODOL\u201c \u010destita odabranim nositeljima projekata i \u017eeli uspje\u0161nu provedbu projektnih aktivnosti.<\/p>\n\n\n\n<p>Datum objave: 13.07.2023.<\/p>\n\n\n\n<div class=\"wp-block-file\"><a id=\"wp-block-file--media-cbd17127-629d-4c75-b782-693d52610e06\" href=\"https:\/\/lag-vinodol.hr\/wp\/wp-content\/uploads\/2023\/07\/RANG-LISTA_7.-LAG-NATJECAJ_M-3.1.1..pdf\">KONA\u010cNA RANG LISTA_7. LAG NATJE\u010cAJ_M 3.1.1.<\/a><a href=\"https:\/\/lag-vinodol.hr\/wp\/wp-content\/uploads\/2023\/07\/RANG-LISTA_7.-LAG-NATJECAJ_M-3.1.1..pdf\" class=\"wp-block-file__button wp-element-button\" download aria-describedby=\"wp-block-file--media-cbd17127-629d-4c75-b782-693d52610e06\">Download<\/a><\/div>\n","protected":false},"excerpt":{"rendered":"<p>LAG \u201cVINODOL\u201d objavio je\u00a0dana 30.11.2022.g. sedmi LAG Natje\u010daj iz Lokalne razvojne strategije LAG-a \u201cVINODOL\u201d 2014.-2020. za provedbu Mjere 3.1.1. Pokretanje, pobolj\u0161anje ili pro\u0161irenje lokalnih temeljnih usluga za ruralno stanovni\u0161tvo, referentna oznaka 731100, koja je uskla\u0111ena sa tipom operacije 7.4.1. iz Programa ruralnog razvoja RH 2014.-2020. Ukupni iznos raspolo\u017eivih sredstava iznosio je 429.569,37 EUR (3.236.590,40 HRK). [&hellip;]<\/p>\n","protected":false},"author":1,"featured_media":2533,"parent":0,"menu_order":0,"comment_status":"closed","ping_status":"closed","template":"","meta":{"footnotes":"","_links_to":"","_links_to_target":""},"class_list":["post-2667","page","type-page","status-publish","has-post-thumbnail","hentry"],"_links":{"self":[{"href":"http:\/\/lag-vinodol.hr\/wp\/index.php?rest_route=\/wp\/v2\/pages\/2667","targetHints":{"allow":["GET"]}}],"collection":[{"href":"http:\/\/lag-vinodol.hr\/wp\/index.php?rest_route=\/wp\/v2\/pages"}],"about":[{"href":"http:\/\/lag-vinodol.hr\/wp\/index.php?rest_route=\/wp\/v2\/types\/page"}],"author":[{"embeddable":true,"href":"http:\/\/lag-vinodol.hr\/wp\/index.php?rest_route=\/wp\/v2\/users\/1"}],"replies":[{"embeddable":true,"href":"http:\/\/lag-vinodol.hr\/wp\/index.php?rest_route=%2Fwp%2Fv2%2Fcomments&post=2667"}],"version-history":[{"count":2,"href":"http:\/\/lag-vinodol.hr\/wp\/index.php?rest_route=\/wp\/v2\/pages\/2667\/revisions"}],"predecessor-version":[{"id":2671,"href":"http:\/\/lag-vinodol.hr\/wp\/index.php?rest_route=\/wp\/v2\/pages\/2667\/revisions\/2671"}],"wp:featuredmedia":[{"embeddable":true,"href":"http:\/\/lag-vinodol.hr\/wp\/index.php?rest_route=\/wp\/v2\/media\/2533"}],"wp:attachment":[{"href":"http:\/\/lag-vinodol.hr\/wp\/index.php?rest_route=%2Fwp%2Fv2%2Fmedia&parent=2667"}],"curies":[{"name":"wp","href":"https:\/\/api.w.org\/{rel}","templated":true}]}}