{"id":2652,"date":"2023-02-20T13:18:40","date_gmt":"2023-02-20T13:18:40","guid":{"rendered":"https:\/\/lag-vinodol.hr\/wp\/?page_id=2652"},"modified":"2023-02-20T13:18:42","modified_gmt":"2023-02-20T13:18:42","slug":"2-izmjena-7-lag-natjecaja-za-provedbu-mjere-3-1-1-pokretanje-poboljsanje-ili-prosirenje-lokalnih-temeljnih-usluga-za-ruralno-stanovnistvo","status":"publish","type":"page","link":"http:\/\/lag-vinodol.hr\/wp\/?page_id=2652","title":{"rendered":"2. IZMJENA 7. LAG NATJE\u010cAJA ZA PROVEDBU MJERE 3.1.1. Pokretanje, pobolj\u0161anje ili pro\u0161irenje lokalnih temeljnih usluga za ruralno stanovni\u0161tvo"},"content":{"rendered":"\n<p>LAG \u201cVINODOL\u201d objavljuje dana 20.02.2023.g. drugu izmjenu sedmog LAG Natje\u010daja iz Lokalne razvojne strategije LAG-a \u201cVINODOL\u201d 2014.-2020. za provedbu Mjere 3.1.1. Pokretanje, pobolj\u0161anje ili pro\u0161irenje lokalnih temeljnih usluga za ruralno stanovni\u0161tvo, koja je uskla\u0111ena sa tipom operacije 7.4.1. iz Programa ruralnog razvoja RH 2014.-2020.<\/p>\n\n\n\n<p>Izmjenom LAG Natje\u010daja produ\u017een je krajnji rok za podno\u0161enje prijave na natje\u010daj, a isti se nalazi na 18. stranici, u poglavlju 4, pod to\u010dkom 4.1 Podno\u0161enje prijave projekta. Novi krajnji rok za podno\u0161enje prijave projekata je 31.03.2023.&nbsp;<\/p>\n\n\n\n<p>U ostalim dijelovima LAG Natje\u010daj ostaje neizmijenjen.<\/p>\n\n\n\n<p>Natje\u010daj i natje\u010dajna dokumentacija:<\/p>\n\n\n\n<div class=\"wp-block-file\"><a id=\"wp-block-file--media-3fb69c32-efb6-4212-b356-a72ee32e5960\" href=\"https:\/\/lag-vinodol.hr\/wp\/wp-content\/uploads\/2023\/02\/LAG_natjecaj_M-3.1.1._2.-IZMJENA-20.02.2023.g..docx\">LAG_Natje\u010daj_M 3.1.1._2. izmjena_20.02.2023.g.<\/a><a href=\"https:\/\/lag-vinodol.hr\/wp\/wp-content\/uploads\/2023\/02\/LAG_natjecaj_M-3.1.1._2.-IZMJENA-20.02.2023.g..docx\" class=\"wp-block-file__button wp-element-button\" download aria-describedby=\"wp-block-file--media-3fb69c32-efb6-4212-b356-a72ee32e5960\">Download<\/a><\/div>\n\n\n\n<p>Natje\u010dajna dokumentacija ostaje neizmijenjena.<\/p>\n","protected":false},"excerpt":{"rendered":"<p>LAG \u201cVINODOL\u201d objavljuje dana 20.02.2023.g. drugu izmjenu sedmog LAG Natje\u010daja iz Lokalne razvojne strategije LAG-a \u201cVINODOL\u201d 2014.-2020. za provedbu Mjere 3.1.1. Pokretanje, pobolj\u0161anje ili pro\u0161irenje lokalnih temeljnih usluga za ruralno stanovni\u0161tvo, koja je uskla\u0111ena sa tipom operacije 7.4.1. iz Programa ruralnog razvoja RH 2014.-2020. Izmjenom LAG Natje\u010daja produ\u017een je krajnji rok za podno\u0161enje prijave na [&hellip;]<\/p>\n","protected":false},"author":1,"featured_media":2533,"parent":0,"menu_order":0,"comment_status":"closed","ping_status":"closed","template":"","meta":{"footnotes":"","_links_to":"","_links_to_target":""},"class_list":["post-2652","page","type-page","status-publish","has-post-thumbnail","hentry"],"_links":{"self":[{"href":"http:\/\/lag-vinodol.hr\/wp\/index.php?rest_route=\/wp\/v2\/pages\/2652","targetHints":{"allow":["GET"]}}],"collection":[{"href":"http:\/\/lag-vinodol.hr\/wp\/index.php?rest_route=\/wp\/v2\/pages"}],"about":[{"href":"http:\/\/lag-vinodol.hr\/wp\/index.php?rest_route=\/wp\/v2\/types\/page"}],"author":[{"embeddable":true,"href":"http:\/\/lag-vinodol.hr\/wp\/index.php?rest_route=\/wp\/v2\/users\/1"}],"replies":[{"embeddable":true,"href":"http:\/\/lag-vinodol.hr\/wp\/index.php?rest_route=%2Fwp%2Fv2%2Fcomments&post=2652"}],"version-history":[{"count":1,"href":"http:\/\/lag-vinodol.hr\/wp\/index.php?rest_route=\/wp\/v2\/pages\/2652\/revisions"}],"predecessor-version":[{"id":2654,"href":"http:\/\/lag-vinodol.hr\/wp\/index.php?rest_route=\/wp\/v2\/pages\/2652\/revisions\/2654"}],"wp:featuredmedia":[{"embeddable":true,"href":"http:\/\/lag-vinodol.hr\/wp\/index.php?rest_route=\/wp\/v2\/media\/2533"}],"wp:attachment":[{"href":"http:\/\/lag-vinodol.hr\/wp\/index.php?rest_route=%2Fwp%2Fv2%2Fmedia&parent=2652"}],"curies":[{"name":"wp","href":"https:\/\/api.w.org\/{rel}","templated":true}]}}