{"id":2626,"date":"2022-12-29T10:53:21","date_gmt":"2022-12-29T10:53:21","guid":{"rendered":"https:\/\/lag-vinodol.hr\/wp\/?page_id=2626"},"modified":"2022-12-29T10:53:22","modified_gmt":"2022-12-29T10:53:22","slug":"vazna-obavijest","status":"publish","type":"page","link":"http:\/\/lag-vinodol.hr\/wp\/?page_id=2626","title":{"rendered":"VA\u017dNA OBAVIJEST"},"content":{"rendered":"\n<p><strong>Obavijest vezana uz uvo\u0111enje EUR-a<\/strong><\/p>\n\n\n\n<p>\u201eKod ispunjavanja zahtjeva (obrazaca, tablica) od 1.1.2023., iznose i ostale vrijednosti koje se izra\u017eavaju kroz nov\u010dane jedinice\u00a0<strong>potrebno je unijeti u euru (EUR)<\/strong>, a u slu\u010daju da su ti iznosi u pravnim instrumentima (na primjer u tro\u0161kovnicima) izra\u017eeni u kuni (HRK) potrebno je te iznose odnosno ostale vrijednosti koje se izra\u017eavaju kroz nov\u010dane jedinice\u00a0<strong>prera\u010dunati iz HRK u EUR po fiksnom te\u010daju konverzije 7,53450 te ih unijeti u EUR<\/strong>. Prera\u010dunavanje se izvr\u0161ava primjenom punoga broj\u010danog iznosa fiksnog te\u010daja konverzije (7,53450) te zaokru\u017eivanjem pri \u010demu se dobiveni rezultat zaokru\u017euje na dvije decimale, a na temelju tre\u0107e decimale. Ako su iznosi u pravnim instrumentima izra\u017eeni u stranoj valuti (ako nisu izra\u017eeni u EUR), potrebno je prera\u010dunati te iznose iz strane valute u EUR po te\u010daju koji je Europska sredi\u0161nja banka odredila prije 1. sije\u010dnja godine u kojoj se podnosi zahtjev.\u201c<\/p>\n","protected":false},"excerpt":{"rendered":"<p>Obavijest vezana uz uvo\u0111enje EUR-a \u201eKod ispunjavanja zahtjeva (obrazaca, tablica) od 1.1.2023., iznose i ostale vrijednosti koje se izra\u017eavaju kroz nov\u010dane jedinice\u00a0potrebno je unijeti u euru (EUR), a u slu\u010daju da su ti iznosi u pravnim instrumentima (na primjer u tro\u0161kovnicima) izra\u017eeni u kuni (HRK) potrebno je te iznose odnosno ostale vrijednosti koje se izra\u017eavaju [&hellip;]<\/p>\n","protected":false},"author":1,"featured_media":2627,"parent":0,"menu_order":0,"comment_status":"closed","ping_status":"closed","template":"","meta":{"footnotes":"","_links_to":"","_links_to_target":""},"class_list":["post-2626","page","type-page","status-publish","has-post-thumbnail","hentry"],"_links":{"self":[{"href":"http:\/\/lag-vinodol.hr\/wp\/index.php?rest_route=\/wp\/v2\/pages\/2626","targetHints":{"allow":["GET"]}}],"collection":[{"href":"http:\/\/lag-vinodol.hr\/wp\/index.php?rest_route=\/wp\/v2\/pages"}],"about":[{"href":"http:\/\/lag-vinodol.hr\/wp\/index.php?rest_route=\/wp\/v2\/types\/page"}],"author":[{"embeddable":true,"href":"http:\/\/lag-vinodol.hr\/wp\/index.php?rest_route=\/wp\/v2\/users\/1"}],"replies":[{"embeddable":true,"href":"http:\/\/lag-vinodol.hr\/wp\/index.php?rest_route=%2Fwp%2Fv2%2Fcomments&post=2626"}],"version-history":[{"count":1,"href":"http:\/\/lag-vinodol.hr\/wp\/index.php?rest_route=\/wp\/v2\/pages\/2626\/revisions"}],"predecessor-version":[{"id":2628,"href":"http:\/\/lag-vinodol.hr\/wp\/index.php?rest_route=\/wp\/v2\/pages\/2626\/revisions\/2628"}],"wp:featuredmedia":[{"embeddable":true,"href":"http:\/\/lag-vinodol.hr\/wp\/index.php?rest_route=\/wp\/v2\/media\/2627"}],"wp:attachment":[{"href":"http:\/\/lag-vinodol.hr\/wp\/index.php?rest_route=%2Fwp%2Fv2%2Fmedia&parent=2626"}],"curies":[{"name":"wp","href":"https:\/\/api.w.org\/{rel}","templated":true}]}}