{"id":2561,"date":"2022-11-30T12:17:24","date_gmt":"2022-11-30T12:17:24","guid":{"rendered":"https:\/\/lag-vinodol.hr\/wp\/?page_id=2561"},"modified":"2022-12-29T11:09:05","modified_gmt":"2022-12-29T11:09:05","slug":"7-lag-natjecaj-za-provedbu-mjere-3-1-1-pokretanje-poboljsanje-ili-prosirenje-lokalnih-temeljnih-usluga-za-ruralno-stanovnistvo","status":"publish","type":"page","link":"http:\/\/lag-vinodol.hr\/wp\/?page_id=2561","title":{"rendered":"7. LAG NATJE\u010cAJ ZA PROVEDBU MJERE 3.1.1. Pokretanje, pobolj\u0161anje ili pro\u0161irenje lokalnih temeljnih usluga za ruralno stanovni\u0161tvo"},"content":{"rendered":"\n<p>LAG \u201cVINODOL\u201d objavljuje dana 30.11.2022.g. sedmi LAG Natje\u010daj iz Lokalne razvojne strategije LAG-a \u201cVINODOL\u201d 2014.-2020. za provedbu Mjere 3.1.1. Pokretanje, pobolj\u0161anje ili pro\u0161irenje lokalnih temeljnih usluga za ruralno stanovni\u0161tvo, koja je uskla\u0111ena sa tipom operacije 7.4.1. iz Programa ruralnog razvoja RH 2014.-2020.<\/p>\n\n\n\n<p>Ukupni iznos raspolo\u017eivih sredstava iznosi 3.236.590,40 HRK.&nbsp; Prijave projekata podnose se u 1 (jednom) zatvorenom paketu\/omotnici isklju\u010divo preporu\u010denom po\u0161tom od 19.12.2022.g., a najkasnije do 28.02.2023.g. na adresu: LAG \u201cVINODOL\u201d, Bribir 46 a, 51253 Bribir.<\/p>\n\n\n\n<p>Natje\u010daj i natje\u010dajna dokumentacija:<\/p>\n\n\n\n<div class=\"wp-block-file\"><a id=\"wp-block-file--media-483bcbec-ce6b-4d41-be0e-f7a61308384a\" href=\"https:\/\/lag-vinodol.hr\/wp\/wp-content\/uploads\/2022\/11\/LAG_natjecaj_M-3.1.1..docx\">1. LAG_natje\u010daj_M_3.1.1.<\/a><a href=\"https:\/\/lag-vinodol.hr\/wp\/wp-content\/uploads\/2022\/11\/LAG_natjecaj_M-3.1.1..docx\" class=\"wp-block-file__button wp-element-button\" download aria-describedby=\"wp-block-file--media-483bcbec-ce6b-4d41-be0e-f7a61308384a\">Download<\/a><\/div>\n\n\n\n<div class=\"wp-block-file\"><a id=\"wp-block-file--media-aa41e987-163e-47be-9bae-fda6a57cfacc\" href=\"https:\/\/lag-vinodol.hr\/wp\/wp-content\/uploads\/2022\/11\/Obrazac-A.-Prijavni-obrazac.docx\">2. Obrazac A. Prijavni obrazac<\/a><a href=\"https:\/\/lag-vinodol.hr\/wp\/wp-content\/uploads\/2022\/11\/Obrazac-A.-Prijavni-obrazac.docx\" class=\"wp-block-file__button wp-element-button\" download aria-describedby=\"wp-block-file--media-aa41e987-163e-47be-9bae-fda6a57cfacc\">Download<\/a><\/div>\n\n\n\n<div class=\"wp-block-file\"><a id=\"wp-block-file--media-5b54de4c-e652-44c9-803d-9c5c661552fd\" href=\"https:\/\/lag-vinodol.hr\/wp\/wp-content\/uploads\/2022\/11\/Obrazac-B.-Plan-nabave-Tablica-troskova-i-izracuna-potpore.xlsx\">3. Obrazac B. Plan nabave &#8211; Tablica tro\u0161kova i izra\u010duna potpore<\/a><a href=\"https:\/\/lag-vinodol.hr\/wp\/wp-content\/uploads\/2022\/11\/Obrazac-B.-Plan-nabave-Tablica-troskova-i-izracuna-potpore.xlsx\" class=\"wp-block-file__button wp-element-button\" download aria-describedby=\"wp-block-file--media-5b54de4c-e652-44c9-803d-9c5c661552fd\">Download<\/a><\/div>\n\n\n\n<div class=\"wp-block-file\"><a id=\"wp-block-file--media-e8566637-6901-4c67-bfdf-2066ccba52af\" href=\"https:\/\/lag-vinodol.hr\/wp\/wp-content\/uploads\/2022\/11\/Prilog-I-Dokumentacija-za-podnosenje-prijave-projekta.docx\">4. Prilog I &#8211; Dokumentacija za podno\u0161enje prijave projekta<\/a><a href=\"https:\/\/lag-vinodol.hr\/wp\/wp-content\/uploads\/2022\/11\/Prilog-I-Dokumentacija-za-podnosenje-prijave-projekta.docx\" class=\"wp-block-file__button wp-element-button\" download aria-describedby=\"wp-block-file--media-e8566637-6901-4c67-bfdf-2066ccba52af\">Download<\/a><\/div>\n\n\n\n<div class=\"wp-block-file\"><a id=\"wp-block-file--media-f969cc1e-28cb-4d19-8309-ffe90db6ec42\" href=\"https:\/\/lag-vinodol.hr\/wp\/wp-content\/uploads\/2022\/11\/Prilog-II-Lista-prihvatljivih-troskova.xlsx\">5. Prilog II &#8211; Lista prihvatljivih tro\u0161kova<\/a><a href=\"https:\/\/lag-vinodol.hr\/wp\/wp-content\/uploads\/2022\/11\/Prilog-II-Lista-prihvatljivih-troskova.xlsx\" class=\"wp-block-file__button wp-element-button\" download aria-describedby=\"wp-block-file--media-f969cc1e-28cb-4d19-8309-ffe90db6ec42\">Download<\/a><\/div>\n\n\n\n<div class=\"wp-block-file\"><a id=\"wp-block-file--media-360100e9-bb51-4118-a422-6ff210fab5f3\" href=\"https:\/\/lag-vinodol.hr\/wp\/wp-content\/uploads\/2022\/11\/Prilog-III-Opis-projekta.docx\">6. Prilog III &#8211; Opis projekta<\/a><a href=\"https:\/\/lag-vinodol.hr\/wp\/wp-content\/uploads\/2022\/11\/Prilog-III-Opis-projekta.docx\" class=\"wp-block-file__button wp-element-button\" download aria-describedby=\"wp-block-file--media-360100e9-bb51-4118-a422-6ff210fab5f3\">Download<\/a><\/div>\n\n\n\n<div class=\"wp-block-file\"><a id=\"wp-block-file--media-d1f8353e-5a97-4f34-b090-1d6623f62bf5\" href=\"https:\/\/lag-vinodol.hr\/wp\/wp-content\/uploads\/2022\/11\/Prilog-IV-Uputa-za-prikupljanje-ponuda-i-provedbu-postupaka-jednostavne-nabave.pdf\">7. Prilog IV &#8211; Uputa za prikupljanje ponuda i provedbu postupaka jednostavne nabave<\/a><a href=\"https:\/\/lag-vinodol.hr\/wp\/wp-content\/uploads\/2022\/11\/Prilog-IV-Uputa-za-prikupljanje-ponuda-i-provedbu-postupaka-jednostavne-nabave.pdf\" class=\"wp-block-file__button wp-element-button\" download aria-describedby=\"wp-block-file--media-d1f8353e-5a97-4f34-b090-1d6623f62bf5\">Download<\/a><\/div>\n\n\n\n<div class=\"wp-block-file\"><a id=\"wp-block-file--media-9e4b0e36-bb11-4b69-a1d7-b7ae1aab0e97\" href=\"https:\/\/lag-vinodol.hr\/wp\/wp-content\/uploads\/2022\/11\/Prilog-V-Uputa-MZOIE.pdf\">8. Prilog V &#8211; Uputa MZOIE<\/a><a href=\"https:\/\/lag-vinodol.hr\/wp\/wp-content\/uploads\/2022\/11\/Prilog-V-Uputa-MZOIE.pdf\" class=\"wp-block-file__button wp-element-button\" download aria-describedby=\"wp-block-file--media-9e4b0e36-bb11-4b69-a1d7-b7ae1aab0e97\">Download<\/a><\/div>\n\n\n\n<div class=\"wp-block-file\"><a id=\"wp-block-file--media-bb6bae52-e2bd-4aee-83ed-7f3dec0e163d\" href=\"https:\/\/lag-vinodol.hr\/wp\/wp-content\/uploads\/2022\/11\/Prilog-VI-Izjava-nositelja-projekta-o-nemogucnosti-odbitka-pretporeza.docx\">9. Prilog VI &#8211; Izjava nositelja projekta o nemogu\u0107nosti odbitka pretporeza<\/a><a href=\"https:\/\/lag-vinodol.hr\/wp\/wp-content\/uploads\/2022\/11\/Prilog-VI-Izjava-nositelja-projekta-o-nemogucnosti-odbitka-pretporeza.docx\" class=\"wp-block-file__button wp-element-button\" download aria-describedby=\"wp-block-file--media-bb6bae52-e2bd-4aee-83ed-7f3dec0e163d\">Download<\/a><\/div>\n\n\n\n<div class=\"wp-block-file\"><a id=\"wp-block-file--media-8bcac61a-178f-41b4-8591-8a1412aae1bb\" href=\"https:\/\/lag-vinodol.hr\/wp\/wp-content\/uploads\/2022\/11\/Prilog-VII-Izjava-o-statusu-nositelja-projekta-temeljem-Zakona-o-javnoj-nabavi.docx\">10. Prilog VII &#8211; Izjava o statusu nositelja projekta temeljem Zakona o javnoj nabavi<\/a><a href=\"https:\/\/lag-vinodol.hr\/wp\/wp-content\/uploads\/2022\/11\/Prilog-VII-Izjava-o-statusu-nositelja-projekta-temeljem-Zakona-o-javnoj-nabavi.docx\" class=\"wp-block-file__button wp-element-button\" download aria-describedby=\"wp-block-file--media-8bcac61a-178f-41b4-8591-8a1412aae1bb\">Download<\/a><\/div>\n\n\n\n<div class=\"wp-block-file\"><a id=\"wp-block-file--media-1bce88ab-c6a0-4433-9623-455804c4a324\" href=\"https:\/\/lag-vinodol.hr\/wp\/wp-content\/uploads\/2022\/11\/Prilog-VIII-Vrijednosti-indeksa-razvijenosti-i-pokazatelja-za-izracun-indeksa-razvijenosti-jedinice-lokalne-samouprave.pdf\">11. Prilog VIII &#8211; Vrijednosti indeksa razvijenosti i pokazatelja za izra\u010dun indeksa razvijenosti jedinice lokalne samouprave<\/a><a href=\"https:\/\/lag-vinodol.hr\/wp\/wp-content\/uploads\/2022\/11\/Prilog-VIII-Vrijednosti-indeksa-razvijenosti-i-pokazatelja-za-izracun-indeksa-razvijenosti-jedinice-lokalne-samouprave.pdf\" class=\"wp-block-file__button wp-element-button\" download aria-describedby=\"wp-block-file--media-1bce88ab-c6a0-4433-9623-455804c4a324\">Download<\/a><\/div>\n\n\n\n<div class=\"wp-block-file\"><a id=\"wp-block-file--media-6cad1dd7-8911-4c46-b73e-26d8f34cec24\" href=\"https:\/\/lag-vinodol.hr\/wp\/wp-content\/uploads\/2022\/11\/Prilog-IX-Kriteriji-odabira.docx\">12. Prilog IX &#8211; Kriteriji odabira<\/a><a href=\"https:\/\/lag-vinodol.hr\/wp\/wp-content\/uploads\/2022\/11\/Prilog-IX-Kriteriji-odabira.docx\" class=\"wp-block-file__button wp-element-button\" download aria-describedby=\"wp-block-file--media-6cad1dd7-8911-4c46-b73e-26d8f34cec24\">Download<\/a><\/div>\n\n\n\n<p>Prezentaciju Natje\u010daja za provedbu Mjere 3.1.1. Pokretanje, pobolj\u0161anje ili pro\u0161irenje lokalnih temeljnih usluga za ruralno stanovni\u0161tvo koja je uskla\u0111ena sa tipom operacije 7.4.1. iz Programa ruralnog razvoja RH 2014.-2020. mo\u017eete pogledati na sljede\u0107oj poveznici:<\/p>\n\n\n\n<div class=\"wp-block-file\"><a id=\"wp-block-file--media-105042ca-8550-4ef1-8238-902399d6acf3\" href=\"https:\/\/lag-vinodol.hr\/wp\/wp-content\/uploads\/2022\/11\/Prezentacija_Mjera-3.1.1.-\u2013-Pokretanje-poboljsanje-ili-prosirenje-lokalnih-tameljnih-usluga-za-ruralno-stanovnistvo.pdf\">Prezentacija_Mjera 3.1.1. Pokretanje, pobolj\u0161anje ili pro\u0161irenje lokalnih temeljnih usluga za ruralno stanovni\u0161tvo<\/a><a href=\"https:\/\/lag-vinodol.hr\/wp\/wp-content\/uploads\/2022\/11\/Prezentacija_Mjera-3.1.1.-\u2013-Pokretanje-poboljsanje-ili-prosirenje-lokalnih-tameljnih-usluga-za-ruralno-stanovnistvo.pdf\" class=\"wp-block-file__button wp-element-button\" download aria-describedby=\"wp-block-file--media-105042ca-8550-4ef1-8238-902399d6acf3\">Download<\/a><\/div>\n\n\n\n<h1 class=\"wp-block-heading\">VA\u017dNA OBAVIJEST<\/h1>\n\n\n\n<p><strong>Obavijest vezana uz uvo\u0111enje EUR-a<\/strong><\/p>\n\n\n\n<p>\u201eKod ispunjavanja zahtjeva (obrazaca, tablica) od 1.1.2023., iznose i ostale vrijednosti koje se izra\u017eavaju kroz nov\u010dane jedinice&nbsp;<strong>potrebno je unijeti u euru (EUR)<\/strong>, a u slu\u010daju da su ti iznosi u pravnim instrumentima (na primjer u tro\u0161kovnicima) izra\u017eeni u kuni (HRK) potrebno je te iznose odnosno ostale vrijednosti koje se izra\u017eavaju kroz nov\u010dane jedinice&nbsp;<strong>prera\u010dunati iz HRK u EUR po fiksnom te\u010daju konverzije 7,53450 te ih unijeti u EUR<\/strong>. Prera\u010dunavanje se izvr\u0161ava primjenom punoga broj\u010danog iznosa fiksnog te\u010daja konverzije (7,53450) te zaokru\u017eivanjem pri \u010demu se dobiveni rezultat zaokru\u017euje na dvije decimale, a na temelju tre\u0107e decimale. Ako su iznosi u pravnim instrumentima izra\u017eeni u stranoj valuti (ako nisu izra\u017eeni u EUR), potrebno je prera\u010dunati te iznose iz strane valute u EUR po te\u010daju koji je Europska sredi\u0161nja banka odredila prije 1. sije\u010dnja godine u kojoj se podnosi zahtjev.\u201c<\/p>\n","protected":false},"excerpt":{"rendered":"<p>LAG \u201cVINODOL\u201d objavljuje dana 30.11.2022.g. sedmi LAG Natje\u010daj iz Lokalne razvojne strategije LAG-a \u201cVINODOL\u201d 2014.-2020. za provedbu Mjere 3.1.1. Pokretanje, pobolj\u0161anje ili pro\u0161irenje lokalnih temeljnih usluga za ruralno stanovni\u0161tvo, koja je uskla\u0111ena sa tipom operacije 7.4.1. iz Programa ruralnog razvoja RH 2014.-2020. Ukupni iznos raspolo\u017eivih sredstava iznosi 3.236.590,40 HRK.&nbsp; Prijave projekata podnose se u 1 [&hellip;]<\/p>\n","protected":false},"author":1,"featured_media":2533,"parent":0,"menu_order":0,"comment_status":"closed","ping_status":"closed","template":"","meta":{"footnotes":"","_links_to":"","_links_to_target":""},"class_list":["post-2561","page","type-page","status-publish","has-post-thumbnail","hentry"],"_links":{"self":[{"href":"http:\/\/lag-vinodol.hr\/wp\/index.php?rest_route=\/wp\/v2\/pages\/2561","targetHints":{"allow":["GET"]}}],"collection":[{"href":"http:\/\/lag-vinodol.hr\/wp\/index.php?rest_route=\/wp\/v2\/pages"}],"about":[{"href":"http:\/\/lag-vinodol.hr\/wp\/index.php?rest_route=\/wp\/v2\/types\/page"}],"author":[{"embeddable":true,"href":"http:\/\/lag-vinodol.hr\/wp\/index.php?rest_route=\/wp\/v2\/users\/1"}],"replies":[{"embeddable":true,"href":"http:\/\/lag-vinodol.hr\/wp\/index.php?rest_route=%2Fwp%2Fv2%2Fcomments&post=2561"}],"version-history":[{"count":8,"href":"http:\/\/lag-vinodol.hr\/wp\/index.php?rest_route=\/wp\/v2\/pages\/2561\/revisions"}],"predecessor-version":[{"id":2632,"href":"http:\/\/lag-vinodol.hr\/wp\/index.php?rest_route=\/wp\/v2\/pages\/2561\/revisions\/2632"}],"wp:featuredmedia":[{"embeddable":true,"href":"http:\/\/lag-vinodol.hr\/wp\/index.php?rest_route=\/wp\/v2\/media\/2533"}],"wp:attachment":[{"href":"http:\/\/lag-vinodol.hr\/wp\/index.php?rest_route=%2Fwp%2Fv2%2Fmedia&parent=2561"}],"curies":[{"name":"wp","href":"https:\/\/api.w.org\/{rel}","templated":true}]}}