{"id":2529,"date":"2022-07-04T07:12:33","date_gmt":"2022-07-04T07:12:33","guid":{"rendered":"http:\/\/lag-vinodol.hr\/wp\/?page_id=2529"},"modified":"2022-07-04T07:21:56","modified_gmt":"2022-07-04T07:21:56","slug":"rezultati-6-lag-natjecaja-za-provedbu-mjere-1-1-3-razvoj-i-odrzivost-malih-poljoprivrednih-gospodarstava","status":"publish","type":"page","link":"http:\/\/lag-vinodol.hr\/wp\/?page_id=2529","title":{"rendered":"REZULTATI 6. LAG NATJE\u010cAJA ZA PROVEDBU MJERE 1.1.3. Razvoj i odr\u017eivost malih poljoprivrednih gospodarstava"},"content":{"rendered":"\n<p>LAG \u201cVINODOL\u201d objavio je&nbsp; dana 13.12.2021.g. \u0161esti LAG Natje\u010daj iz Lokalne razvojne strategije LAG-a \u201cVINODOL\u201d 2014.-2020. za provedbu Mjere 1.1.3. Razvoj i odr\u017eivost malih poljoprivrednih gospodarstava, referentna oznaka 611300, koja je uskla\u0111ena sa tipom operacije 6.3.1. iz Programa ruralnog razvoja RH 2014.-2020.<\/p>\n\n\n\n<p>Ukupni iznos raspolo\u017eivih sredstava iznosio je 1.132.785,00 HRK.<\/p>\n\n\n\n<p>Na navedeni natje\u010daj prijave su se zaprimale od 03.01.2022.g. do 04.02.2022.g., pristiglo je ukupno 5 prijava, koje su uspje\u0161no pro\u0161le administrativnu kontrolu, ocjenjivanje projekata te su odabrane od strane Upravnog odbora LAG-a \u201eVINODOL\u201c na 1. sjednici Upravnog odbora LAG-a \u201eVINODOL\u201c u 2022.g. koja se odr\u017eala 10.06.2022.g. u Bribiru.<\/p>\n\n\n\n<p>&nbsp;Za odabrane projekte izdane su Odluke o odabiru projekta. Nakon odabira projekata na LAG razini slijedi postupak dodjele potpore nositeljima projekata koji provodi Agencija za pla\u0107anja u poljoprivredi, ribarstvu i ruralnom razvoju te \u0107e nakon provedene administrativne kontrole od strane Agencije uslijediti izdavanje Odluka o dodjeli sredstava ili Odluka o odbijanju Zahtjeva za potporu.<\/p>\n\n\n\n<p>LAG \u201eVINODOL\u201c \u010destita odabranim nositeljima projekata i \u017eeli uspje\u0161nu provedbu projektnih aktivnosti.<\/p>\n\n\n\n<p>Datum objave: 04.07.2022.g.<\/p>\n\n\n\n<div class=\"wp-block-file\"><a id=\"wp-block-file--media-78261031-81da-4add-bb66-8a3bfea66501\" href=\"http:\/\/lag-vinodol.hr\/wp\/wp-content\/uploads\/2022\/07\/RANG-LISTA_6.-LAG-NATJECAJ_M-1.1.3..pdf\">KONA\u010cNA RANG LISTA_6. LAG NATJE\u010cAJ_M 1.1.3.<\/a><a href=\"http:\/\/lag-vinodol.hr\/wp\/wp-content\/uploads\/2022\/07\/RANG-LISTA_6.-LAG-NATJECAJ_M-1.1.3..pdf\" class=\"wp-block-file__button\" download aria-describedby=\"wp-block-file--media-78261031-81da-4add-bb66-8a3bfea66501\">Download<\/a><\/div>\n","protected":false},"excerpt":{"rendered":"<p>LAG \u201cVINODOL\u201d objavio je&nbsp; dana 13.12.2021.g. \u0161esti LAG Natje\u010daj iz Lokalne razvojne strategije LAG-a \u201cVINODOL\u201d 2014.-2020. za provedbu Mjere 1.1.3. Razvoj i odr\u017eivost malih poljoprivrednih gospodarstava, referentna oznaka 611300, koja je uskla\u0111ena sa tipom operacije 6.3.1. iz Programa ruralnog razvoja RH 2014.-2020. Ukupni iznos raspolo\u017eivih sredstava iznosio je 1.132.785,00 HRK. Na navedeni natje\u010daj prijave su [&hellip;]<\/p>\n","protected":false},"author":1,"featured_media":2533,"parent":0,"menu_order":0,"comment_status":"closed","ping_status":"closed","template":"","meta":{"footnotes":"","_links_to":"","_links_to_target":""},"class_list":["post-2529","page","type-page","status-publish","has-post-thumbnail","hentry"],"_links":{"self":[{"href":"http:\/\/lag-vinodol.hr\/wp\/index.php?rest_route=\/wp\/v2\/pages\/2529","targetHints":{"allow":["GET"]}}],"collection":[{"href":"http:\/\/lag-vinodol.hr\/wp\/index.php?rest_route=\/wp\/v2\/pages"}],"about":[{"href":"http:\/\/lag-vinodol.hr\/wp\/index.php?rest_route=\/wp\/v2\/types\/page"}],"author":[{"embeddable":true,"href":"http:\/\/lag-vinodol.hr\/wp\/index.php?rest_route=\/wp\/v2\/users\/1"}],"replies":[{"embeddable":true,"href":"http:\/\/lag-vinodol.hr\/wp\/index.php?rest_route=%2Fwp%2Fv2%2Fcomments&post=2529"}],"version-history":[{"count":2,"href":"http:\/\/lag-vinodol.hr\/wp\/index.php?rest_route=\/wp\/v2\/pages\/2529\/revisions"}],"predecessor-version":[{"id":2536,"href":"http:\/\/lag-vinodol.hr\/wp\/index.php?rest_route=\/wp\/v2\/pages\/2529\/revisions\/2536"}],"wp:featuredmedia":[{"embeddable":true,"href":"http:\/\/lag-vinodol.hr\/wp\/index.php?rest_route=\/wp\/v2\/media\/2533"}],"wp:attachment":[{"href":"http:\/\/lag-vinodol.hr\/wp\/index.php?rest_route=%2Fwp%2Fv2%2Fmedia&parent=2529"}],"curies":[{"name":"wp","href":"https:\/\/api.w.org\/{rel}","templated":true}]}}