{"id":2437,"date":"2022-01-11T13:00:19","date_gmt":"2022-01-11T13:00:19","guid":{"rendered":"http:\/\/lag-vinodol.hr\/wp\/?page_id=2437"},"modified":"2022-10-24T06:11:07","modified_gmt":"2022-10-24T06:11:07","slug":"busybee-workshop","status":"publish","type":"page","link":"http:\/\/lag-vinodol.hr\/wp\/?page_id=2437","title":{"rendered":"BUSYBEE WORKSHOP"},"content":{"rendered":"\n<p><strong>UKUPNA VRIJEDNOST PROJEKTA SURADNJE: 840.750,00 HRK<\/strong><\/p>\n\n\n\n<p><strong>FINANCIRANJE: Program ruralnog razvoja Republike Hrvatske 2014.-2020., provedba Podmjere 19.3. \u201cPriprema i provedba aktivnosti suradnje LAG-a\u201c, provedba tipa operacije 19.3.2. \u201cProvedba aktivnosti suradnje\u201c unutar Mjere 19. \u00bbPotpora lokalnom razvoju u okviru inicijative LEADER (CLLD \u2013 lokalni razvoj pod vodstvom zajednice)\u201c<\/strong><\/p>\n\n\n\n<p><strong>CILJEVI PROJEKTA<\/strong><\/p>\n\n\n\n<p>Cilj projekta je posti\u0107i da ruralna podru\u010dja postanu konkurentna i da na najbolji na\u010din iskoriste svoje prednosti \u0161to je i osnovna premisa LEADER-a. Projekt govori o vrijednostima ruralnog podru\u010dja te promovira lokalne poljoprivredne proizvode u sklopu gastro ponude, ljepotu i o\u010duvanost podru\u010dja te tradiciju kao elemente turisti\u010dkog potencijala podru\u010dja.&nbsp;&nbsp;<\/p>\n\n\n\n<p>Specifi\u010dni je cilj potaknuti razvoj agroturizma na LAG podru\u010djima te pobolj\u0161ati i promovirati ponudu doma\u0107ih lokalnih proizvoda u sklopu turisti\u010dke ponude, kao i razmjena iskustava lokalnih akcijskih grupa u stvaranju prepoznatljivosti ruralnog podru\u010dja.<\/p>\n\n\n\n<p><strong>PARTNERI U PROJEKTU<\/strong><\/p>\n\n\n\n<p>Partneri u projektu su Lokalne akcijske grupe: \u201eBilogora-Papuk\u201c, \u201ePapuk\u201c, \u201eViroviti\u010dki prsten\u201c,&nbsp;\u201eVINODOL\u201c i \u201eLika\u201c.<\/p>\n\n\n\n<p><strong>KRAJNJI KORISNICI<\/strong><\/p>\n\n\n\n<p>Lokalni poljoprivredni proizvo\u0111a\u010di, mladi poljoprivrednici i \u017eene poljoprivrednici, mladi i nezaposleni, institucije poput turisti\u010dkih zajednica ruralnog podru\u010dja, donositelji odluka na lokalnoj i regionalnoj razini, \u010dlanovi lokalnih akcijskih grupa.<\/p>\n\n\n\n<p><strong>PODRU\u010cJE PROVEDBE<\/strong><\/p>\n\n\n\n<p>Aktivnosti projekta odvijati \u0107e se na podru\u010djima LAG partnera: LAG-a \u201eBilogora-Papuk\u201c (Daruvar), LAG-a \u201ePapuk\u201c (Orahovica), LAG-a \u201eVIP\u201c (Luka\u010d), LAG-a \u201eVINODOL\u201c (Novi Vinodolski, Crikvenica, Bakar, Op\u0107ina Vinodolska) i LAG-a \u201eLika\u201c (Gospi\u0107, Peru\u0161i\u0107, Karlobag).<\/p>\n\n\n\n<p><strong>KATALOG&nbsp; LAG-ova&nbsp; BUSYBEE WORKSHOP<\/strong><\/p>\n\n\n\n<div class=\"wp-block-file\"><a id=\"wp-block-file--media-5e5cd7de-184c-4949-ad36-16c4e8c1c5f8\" href=\"http:\/\/lag-vinodol.hr\/wp\/wp-content\/uploads\/2022\/01\/WEB_Katalog2021.pdf\">Katalog&nbsp; LAG-ova&nbsp; BUSYBEE WORKSHOP<\/a><a href=\"http:\/\/lag-vinodol.hr\/wp\/wp-content\/uploads\/2022\/01\/WEB_Katalog2021.pdf\" class=\"wp-block-file__button\" download aria-describedby=\"wp-block-file--media-5e5cd7de-184c-4949-ad36-16c4e8c1c5f8\">Download<\/a><\/div>\n\n\n\n<p><strong>STUDIJA MARKETIN\u0160KOG KONCEPTA &#8211; BUSYBEE WORKSHOP<\/strong><\/p>\n\n\n\n<div class=\"wp-block-file\"><a id=\"wp-block-file--media-3e397b95-2531-4586-90bb-dfe193b82ace\" href=\"http:\/\/lag-vinodol.hr\/wp\/wp-content\/uploads\/2022\/01\/Studija-marketinskog-koncepta-pozicioniranja-lokalnih-proizvoda.pdf\">Studija marketin\u0161kog koncepta pozicioniranja lokalnih proizvoda<\/a><a href=\"http:\/\/lag-vinodol.hr\/wp\/wp-content\/uploads\/2022\/01\/Studija-marketinskog-koncepta-pozicioniranja-lokalnih-proizvoda.pdf\" class=\"wp-block-file__button\" download aria-describedby=\"wp-block-file--media-3e397b95-2531-4586-90bb-dfe193b82ace\">Download<\/a><\/div>\n\n\n\n<p><strong>PROMOTIVNI VIDEO<\/strong><\/p>\n\n\n\n<p><strong>DOGA\u0110ANJA U SKLOPU PROJEKTA<\/strong><\/p>\n\n\n\n<figure class=\"wp-block-embed is-type-video is-provider-youtube wp-block-embed-youtube wp-embed-aspect-16-9 wp-has-aspect-ratio\"><div class=\"wp-block-embed__wrapper\">\n<iframe loading=\"lazy\" title=\"Doga\u0111anja BusyBee WORKSHOP - TO 19.3.2.\" width=\"700\" height=\"394\" src=\"https:\/\/www.youtube.com\/embed\/1Tb_6_K8YTk?start=2&#038;feature=oembed\" frameborder=\"0\" allow=\"accelerometer; autoplay; clipboard-write; encrypted-media; gyroscope; picture-in-picture\" allowfullscreen><\/iframe>\n<\/div><\/figure>\n\n\n\n<p><strong>PODRU\u010cJE LAG-ova PAPUK, VIROVITI\u010cKI PRSTEN I BILOGORA-PAPUK<\/strong><\/p>\n\n\n\n<figure class=\"wp-block-embed is-type-video is-provider-youtube wp-block-embed-youtube wp-embed-aspect-16-9 wp-has-aspect-ratio\"><div class=\"wp-block-embed__wrapper\">\n<iframe loading=\"lazy\" title=\"Podru\u010dja BusyBee WORKSHOP - TO 19.3.2.\" width=\"700\" height=\"394\" src=\"https:\/\/www.youtube.com\/embed\/26doqWRvaEU?feature=oembed\" frameborder=\"0\" allow=\"accelerometer; autoplay; clipboard-write; encrypted-media; gyroscope; picture-in-picture\" allowfullscreen><\/iframe>\n<\/div><\/figure>\n","protected":false},"excerpt":{"rendered":"<p>UKUPNA VRIJEDNOST PROJEKTA SURADNJE: 840.750,00 HRK FINANCIRANJE: Program ruralnog razvoja Republike Hrvatske 2014.-2020., provedba Podmjere 19.3. \u201cPriprema i provedba aktivnosti suradnje LAG-a\u201c, provedba tipa operacije 19.3.2. \u201cProvedba aktivnosti suradnje\u201c unutar Mjere 19. \u00bbPotpora lokalnom razvoju u okviru inicijative LEADER (CLLD \u2013 lokalni razvoj pod vodstvom zajednice)\u201c CILJEVI PROJEKTA Cilj projekta je posti\u0107i da ruralna podru\u010dja [&hellip;]<\/p>\n","protected":false},"author":1,"featured_media":0,"parent":0,"menu_order":0,"comment_status":"closed","ping_status":"closed","template":"","meta":{"footnotes":"","_links_to":"","_links_to_target":""},"class_list":["post-2437","page","type-page","status-publish","hentry"],"_links":{"self":[{"href":"http:\/\/lag-vinodol.hr\/wp\/index.php?rest_route=\/wp\/v2\/pages\/2437","targetHints":{"allow":["GET"]}}],"collection":[{"href":"http:\/\/lag-vinodol.hr\/wp\/index.php?rest_route=\/wp\/v2\/pages"}],"about":[{"href":"http:\/\/lag-vinodol.hr\/wp\/index.php?rest_route=\/wp\/v2\/types\/page"}],"author":[{"embeddable":true,"href":"http:\/\/lag-vinodol.hr\/wp\/index.php?rest_route=\/wp\/v2\/users\/1"}],"replies":[{"embeddable":true,"href":"http:\/\/lag-vinodol.hr\/wp\/index.php?rest_route=%2Fwp%2Fv2%2Fcomments&post=2437"}],"version-history":[{"count":11,"href":"http:\/\/lag-vinodol.hr\/wp\/index.php?rest_route=\/wp\/v2\/pages\/2437\/revisions"}],"predecessor-version":[{"id":2555,"href":"http:\/\/lag-vinodol.hr\/wp\/index.php?rest_route=\/wp\/v2\/pages\/2437\/revisions\/2555"}],"wp:attachment":[{"href":"http:\/\/lag-vinodol.hr\/wp\/index.php?rest_route=%2Fwp%2Fv2%2Fmedia&parent=2437"}],"curies":[{"name":"wp","href":"https:\/\/api.w.org\/{rel}","templated":true}]}}