{"id":2391,"date":"2021-12-13T12:54:48","date_gmt":"2021-12-13T12:54:48","guid":{"rendered":"http:\/\/lag-vinodol.hr\/wp\/?page_id=2391"},"modified":"2021-12-22T10:48:13","modified_gmt":"2021-12-22T10:48:13","slug":"6-lag-natjecaj-za-provedbu-mjere-1-1-3-razvoj-i-odrzivost-malih-poljoprivrednih-gospodarstava","status":"publish","type":"page","link":"http:\/\/lag-vinodol.hr\/wp\/?page_id=2391","title":{"rendered":"6. LAG NATJE\u010cAJ ZA PROVEDBU MJERE 1.1.3. Razvoj i odr\u017eivost malih poljoprivrednih gospodarstava"},"content":{"rendered":"\n<p>LAG \u201cVINODOL\u201d objavljuje dana 13.12.2021.g. \u0161esti LAG Natje\u010daj iz Lokalne razvojne strategije LAG-a \u201cVINODOL\u201d 2014.-2020. za provedbu Mjere 1.1.3. Razvoj i odr\u017eivost malih poljoprivrednih gospodarstava, koja je uskla\u0111ena sa tipom operacije 6.3.1. iz Programa ruralnog razvoja RH 2014.-2020.<\/p>\n\n\n\n<p>Ukupni iznos raspolo\u017eivih sredstava iznosi 1.132.785,00 HRK. Visina javne potpore po projektu iznosi 113.278,50 HRK (15.000,00 EUR). Prijave projekata podnose se u 1 (jednom) zatvorenom paketu\/omotnici isklju\u010divo preporu\u010denom po\u0161tom s povratnicom od 03.01.2022.g., a najkasnije do 04.02.2022.g. na adresu: LAG \u201cVINODOL\u201d, Bribir 46 a, 51253 Bribir.<\/p>\n\n\n\n<p>Natje\u010daj i natje\u010dajna dokumentacija:<\/p>\n\n\n\n<div class=\"wp-block-file\"><a href=\"http:\/\/lag-vinodol.hr\/wp\/wp-content\/uploads\/2021\/12\/LAG_natjecaj_M_1.1.3..docx\">1. LAG_natje\u010daj_M_1.1.3.<\/a><a href=\"http:\/\/lag-vinodol.hr\/wp\/wp-content\/uploads\/2021\/12\/LAG_natjecaj_M_1.1.3..docx\" class=\"wp-block-file__button\" download>Download<\/a><\/div>\n\n\n\n<div class=\"wp-block-file\"><a href=\"http:\/\/lag-vinodol.hr\/wp\/wp-content\/uploads\/2021\/12\/Obrazac-A.Prijavni-obrazac.docx\">2. Obrazac A. &#8211; Prijavni obrazac<\/a><a href=\"http:\/\/lag-vinodol.hr\/wp\/wp-content\/uploads\/2021\/12\/Obrazac-A.Prijavni-obrazac.docx\" class=\"wp-block-file__button\" download>Download<\/a><\/div>\n\n\n\n<div class=\"wp-block-file\"><a href=\"http:\/\/lag-vinodol.hr\/wp\/wp-content\/uploads\/2021\/12\/Obrazac-B.-Poslovni-plan-opisni-dio.docx\">3. Obrazac B. &#8211; Poslovni plan-opisni dio<\/a><a href=\"http:\/\/lag-vinodol.hr\/wp\/wp-content\/uploads\/2021\/12\/Obrazac-B.-Poslovni-plan-opisni-dio.docx\" class=\"wp-block-file__button\" download>Download<\/a><\/div>\n\n\n\n<div class=\"wp-block-file\"><a href=\"http:\/\/lag-vinodol.hr\/wp\/wp-content\/uploads\/2021\/12\/Obrazac-B.-Poslovni-plan-tablicni-dio.xlsx\">4. Obrazac B. &#8211; Poslovni plan-tabli\u010dni dio<\/a><a href=\"http:\/\/lag-vinodol.hr\/wp\/wp-content\/uploads\/2021\/12\/Obrazac-B.-Poslovni-plan-tablicni-dio.xlsx\" class=\"wp-block-file__button\" download>Download<\/a><\/div>\n\n\n\n<div class=\"wp-block-file\"><a href=\"http:\/\/lag-vinodol.hr\/wp\/wp-content\/uploads\/2021\/12\/Obrazac-C.-Izjava-o-velicini.xlsx\">5. Obrazac C. &#8211; Izjava o veli\u010dini<\/a><a href=\"http:\/\/lag-vinodol.hr\/wp\/wp-content\/uploads\/2021\/12\/Obrazac-C.-Izjava-o-velicini.xlsx\" class=\"wp-block-file__button\" download>Download<\/a><\/div>\n\n\n\n<div class=\"wp-block-file\"><a href=\"http:\/\/lag-vinodol.hr\/wp\/wp-content\/uploads\/2021\/12\/Obrazac-D.-FADN-kalkulator.xls\">6. Obrazac D. &#8211; FADN kalkulator<\/a><a href=\"http:\/\/lag-vinodol.hr\/wp\/wp-content\/uploads\/2021\/12\/Obrazac-D.-FADN-kalkulator.xls\" class=\"wp-block-file__button\" download>Download<\/a><\/div>\n\n\n\n<div class=\"wp-block-file\"><a href=\"http:\/\/lag-vinodol.hr\/wp\/wp-content\/uploads\/2021\/12\/Obrazac-E.-Zaposlenici.xlsx\">7. Obrazac E. &#8211; Zaposlenici<\/a><a href=\"http:\/\/lag-vinodol.hr\/wp\/wp-content\/uploads\/2021\/12\/Obrazac-E.-Zaposlenici.xlsx\" class=\"wp-block-file__button\" download>Download<\/a><\/div>\n\n\n\n<div class=\"wp-block-file\"><a href=\"http:\/\/lag-vinodol.hr\/wp\/wp-content\/uploads\/2021\/12\/Prilog-I-Natjecajna-dokumentacija.docx\">8. Prilog I. &#8211; Natje\u010dajna dokumentacija<\/a><a href=\"http:\/\/lag-vinodol.hr\/wp\/wp-content\/uploads\/2021\/12\/Prilog-I-Natjecajna-dokumentacija.docx\" class=\"wp-block-file__button\" download>Download<\/a><\/div>\n\n\n\n<div class=\"wp-block-file\"><a href=\"http:\/\/lag-vinodol.hr\/wp\/wp-content\/uploads\/2021\/12\/Prilog-II.-Popis-proizvoda.docx\">9. Prilog II. &#8211; Popis proizvoda<\/a><a href=\"http:\/\/lag-vinodol.hr\/wp\/wp-content\/uploads\/2021\/12\/Prilog-II.-Popis-proizvoda.docx\" class=\"wp-block-file__button\" download>Download<\/a><\/div>\n\n\n\n<div class=\"wp-block-file\"><a href=\"http:\/\/lag-vinodol.hr\/wp\/wp-content\/uploads\/2021\/12\/Prilog-III.-Vodic-za-korisnike-o-definiciji-malih-i-srednjih-poduzeca.pdf\">10. Prilog III. &#8211; Vodi\u010d za korisnike o definiciji malih i srednjih poduze\u0107a<\/a><a href=\"http:\/\/lag-vinodol.hr\/wp\/wp-content\/uploads\/2021\/12\/Prilog-III.-Vodic-za-korisnike-o-definiciji-malih-i-srednjih-poduzeca.pdf\" class=\"wp-block-file__button\" download>Download<\/a><\/div>\n\n\n\n<div class=\"wp-block-file\"><a href=\"http:\/\/lag-vinodol.hr\/wp\/wp-content\/uploads\/2021\/12\/Prilog-IV.-Kriteriji-odabira.docx\">11. Prilog IV. &#8211; Kriteriji odabira<\/a><a href=\"http:\/\/lag-vinodol.hr\/wp\/wp-content\/uploads\/2021\/12\/Prilog-IV.-Kriteriji-odabira.docx\" class=\"wp-block-file__button\" download>Download<\/a><\/div>\n\n\n\n<div class=\"wp-block-file\"><a href=\"http:\/\/lag-vinodol.hr\/wp\/wp-content\/uploads\/2021\/12\/LRS-LAG-VINODOL-2014.-2020.-1.pdf\">12. LRS LAG &#8220;VINODOL&#8221; 2014.-2020.<\/a><a href=\"http:\/\/lag-vinodol.hr\/wp\/wp-content\/uploads\/2021\/12\/LRS-LAG-VINODOL-2014.-2020.-1.pdf\" class=\"wp-block-file__button\" download>Download<\/a><\/div>\n\n\n\n<div class=\"wp-block-file\"><a href=\"http:\/\/lag-vinodol.hr\/wp\/wp-content\/uploads\/2021\/12\/LRS-LAG-VINODOL-2014.-2020._PRILOZI-1.pdf\">13. LRS LAG &#8220;VINODOL&#8221; 2014.-2020._PRILOZI<\/a><a href=\"http:\/\/lag-vinodol.hr\/wp\/wp-content\/uploads\/2021\/12\/LRS-LAG-VINODOL-2014.-2020._PRILOZI-1.pdf\" class=\"wp-block-file__button\" download>Download<\/a><\/div>\n\n\n\n<p>Prezentaciju Natje\u010daja za provedbu Mjere 1.1.3. Razvoj i odr\u017eivost malih poljoprivrednih gospodarstava koja je uskla\u0111ena sa tipom operacije 6.3.1. iz Programa ruralnog razvoja RH 2014.-2020. mo\u017eete pogledati na sljede\u0107oj poveznici:<\/p>\n\n\n\n<div class=\"wp-block-file\"><a href=\"http:\/\/lag-vinodol.hr\/wp\/wp-content\/uploads\/2021\/12\/Prezentacija_Mjera-1.1.3.-Razvoj-i-odrzivost-malih-poljoprivrednih-gospodarstava-1.pdf\">Prezentacija_Mjera 1.1.3. &#8211; Razvoj i odr\u017eivost malih poljoprivrednih gospodarstava<\/a><a href=\"http:\/\/lag-vinodol.hr\/wp\/wp-content\/uploads\/2021\/12\/Prezentacija_Mjera-1.1.3.-Razvoj-i-odrzivost-malih-poljoprivrednih-gospodarstava-1.pdf\" class=\"wp-block-file__button\" download>Download<\/a><\/div>\n\n\n\n<p> <\/p>\n","protected":false},"excerpt":{"rendered":"<p>LAG \u201cVINODOL\u201d objavljuje dana 13.12.2021.g. \u0161esti LAG Natje\u010daj iz Lokalne razvojne strategije LAG-a \u201cVINODOL\u201d 2014.-2020. za provedbu Mjere 1.1.3. Razvoj i odr\u017eivost malih poljoprivrednih gospodarstava, koja je uskla\u0111ena sa tipom operacije 6.3.1. iz Programa ruralnog razvoja RH 2014.-2020. Ukupni iznos raspolo\u017eivih sredstava iznosi 1.132.785,00 HRK. Visina javne potpore po projektu iznosi 113.278,50 HRK (15.000,00 EUR). [&hellip;]<\/p>\n","protected":false},"author":1,"featured_media":1202,"parent":0,"menu_order":0,"comment_status":"closed","ping_status":"closed","template":"","meta":{"footnotes":"","_links_to":"","_links_to_target":""},"class_list":["post-2391","page","type-page","status-publish","has-post-thumbnail","hentry"],"_links":{"self":[{"href":"http:\/\/lag-vinodol.hr\/wp\/index.php?rest_route=\/wp\/v2\/pages\/2391","targetHints":{"allow":["GET"]}}],"collection":[{"href":"http:\/\/lag-vinodol.hr\/wp\/index.php?rest_route=\/wp\/v2\/pages"}],"about":[{"href":"http:\/\/lag-vinodol.hr\/wp\/index.php?rest_route=\/wp\/v2\/types\/page"}],"author":[{"embeddable":true,"href":"http:\/\/lag-vinodol.hr\/wp\/index.php?rest_route=\/wp\/v2\/users\/1"}],"replies":[{"embeddable":true,"href":"http:\/\/lag-vinodol.hr\/wp\/index.php?rest_route=%2Fwp%2Fv2%2Fcomments&post=2391"}],"version-history":[{"count":5,"href":"http:\/\/lag-vinodol.hr\/wp\/index.php?rest_route=\/wp\/v2\/pages\/2391\/revisions"}],"predecessor-version":[{"id":2422,"href":"http:\/\/lag-vinodol.hr\/wp\/index.php?rest_route=\/wp\/v2\/pages\/2391\/revisions\/2422"}],"wp:featuredmedia":[{"embeddable":true,"href":"http:\/\/lag-vinodol.hr\/wp\/index.php?rest_route=\/wp\/v2\/media\/1202"}],"wp:attachment":[{"href":"http:\/\/lag-vinodol.hr\/wp\/index.php?rest_route=%2Fwp%2Fv2%2Fmedia&parent=2391"}],"curies":[{"name":"wp","href":"https:\/\/api.w.org\/{rel}","templated":true}]}}