{"id":232,"date":"2014-01-28T06:49:15","date_gmt":"2014-01-28T06:49:15","guid":{"rendered":"http:\/\/lag-vinodol.hr\/wp\/?page_id=232"},"modified":"2024-06-03T06:02:34","modified_gmt":"2024-06-03T06:02:34","slug":"informacije","status":"publish","type":"page","link":"http:\/\/lag-vinodol.hr\/wp\/?page_id=232","title":{"rendered":"<!--:hr-->Informacije<!--:-->"},"content":{"rendered":"\n<p>\u010clanom LAG-a mo\u017ee postati fizi\u010dka i pravna osoba u skladu s na\u010delima LEADER metodologije i pravilima LAG-a \u201eVINODOL\u201c.<\/p>\n\n\n\n<p>Fizi\u010dkom osobom smatraju se obrti, obiteljska poljoprivredna gospodarstva i druge fizi\u010dke osobe koje gospodarsku djelatnost obavljaju samostalno, trajno i radi ostvarivanja dohotka ili prihoda ili drugih gospodarskih procjenjivih koristi.<\/p>\n\n\n\n<p>Fizi\u010dke i pravne osobe kao \u010dlanice LAG-a sudjeluju u radu i aktivnostima LAG-a posredno, putem ovla\u0161tenih predstavnika. Predstavnici \u010dlana mogu imati i svoje imenovane zamjene. Predstavnika fizi\u010dke i pravne osobe \u010dlana udruge imenuje osoba ovla\u0161tena za zastupanje fizi\u010dke\/pravne osobe ako unutarnjim aktom pravne osobe nije propisan druga\u010diji na\u010din imenovanja. U slu\u010daju promjene osobe koja \u0107e predstavljati fizi\u010dku\/pravnu osobu, ista je du\u017ena o tome pismeno obavijestiti Upravni odbor LAG-a u roku od 15 (petnaest) dana od dana nastale promjene.<\/p>\n\n\n\n<p>Osobe ovla\u0161tene za zastupanje fizi\u010dke i pravne osobe dostavljaju vlastoru\u010dno potpisnu izjavu o pristupanju u LAG, s preslikom va\u017ee\u0107eg identifikacijskog dokumenta predstavnika \u010dlana.<\/p>\n","protected":false},"excerpt":{"rendered":"<p>\u010clanom LAG-a mo\u017ee postati fizi\u010dka i pravna osoba u skladu s na\u010delima LEADER metodologije i pravilima LAG-a \u201eVINODOL\u201c. Fizi\u010dkom osobom smatraju se obrti, obiteljska poljoprivredna gospodarstva i druge fizi\u010dke osobe koje gospodarsku djelatnost obavljaju samostalno, trajno i radi ostvarivanja dohotka ili prihoda ili drugih gospodarskih procjenjivih koristi. Fizi\u010dke i pravne osobe kao \u010dlanice LAG-a sudjeluju [&hellip;]<\/p>\n","protected":false},"author":1,"featured_media":0,"parent":0,"menu_order":0,"comment_status":"closed","ping_status":"open","template":"","meta":{"footnotes":"","_links_to":"","_links_to_target":""},"class_list":["post-232","page","type-page","status-publish","hentry"],"_links":{"self":[{"href":"http:\/\/lag-vinodol.hr\/wp\/index.php?rest_route=\/wp\/v2\/pages\/232","targetHints":{"allow":["GET"]}}],"collection":[{"href":"http:\/\/lag-vinodol.hr\/wp\/index.php?rest_route=\/wp\/v2\/pages"}],"about":[{"href":"http:\/\/lag-vinodol.hr\/wp\/index.php?rest_route=\/wp\/v2\/types\/page"}],"author":[{"embeddable":true,"href":"http:\/\/lag-vinodol.hr\/wp\/index.php?rest_route=\/wp\/v2\/users\/1"}],"replies":[{"embeddable":true,"href":"http:\/\/lag-vinodol.hr\/wp\/index.php?rest_route=%2Fwp%2Fv2%2Fcomments&post=232"}],"version-history":[{"count":14,"href":"http:\/\/lag-vinodol.hr\/wp\/index.php?rest_route=\/wp\/v2\/pages\/232\/revisions"}],"predecessor-version":[{"id":2789,"href":"http:\/\/lag-vinodol.hr\/wp\/index.php?rest_route=\/wp\/v2\/pages\/232\/revisions\/2789"}],"wp:attachment":[{"href":"http:\/\/lag-vinodol.hr\/wp\/index.php?rest_route=%2Fwp%2Fv2%2Fmedia&parent=232"}],"curies":[{"name":"wp","href":"https:\/\/api.w.org\/{rel}","templated":true}]}}