{"id":2279,"date":"2021-01-22T12:48:51","date_gmt":"2021-01-22T12:48:51","guid":{"rendered":"http:\/\/lag-vinodol.hr\/wp\/?page_id=2279"},"modified":"2021-01-22T12:48:52","modified_gmt":"2021-01-22T12:48:52","slug":"1-izmjena-5-lag-natjecaja-za-provedbu-mjere-3-1-1-pokretanje-poboljsanje-ili-prosirenje-lokalnih-temeljnih-usluga-za-ruralno-stanovnistvo","status":"publish","type":"page","link":"http:\/\/lag-vinodol.hr\/wp\/?page_id=2279","title":{"rendered":"1. IZMJENA 5. LAG NATJE\u010cAJA ZA PROVEDBU MJERE 3.1.1. Pokretanje, pobolj\u0161anje ili pro\u0161irenje lokalnih temeljnih usluga za ruralno stanovni\u0161tvo"},"content":{"rendered":"\n<p>LAG \u201cVINODOL\u201d objavljuje dana 22.01.2021.g. prvu izmjenu petog LAG Natje\u010daja iz Lokalne razvojne strategije LAG-a \u201cVINODOL\u201d 2014.-2020. za provedbu Mjere 3.1.1. Pokretanje, pobolj\u0161anje ili pro\u0161irenje lokalnih temeljnih usluga za ruralno stanovni\u0161tvo, koja je uskla\u0111ena sa tipom operacije 7.4.1. iz Programa ruralnog razvoja RH 2014.-2020.<\/p>\n\n\n\n<p>Izmjenom LAG Natje\u010daja produ\u017een je krajnji rok za podno\u0161enje prijave na natje\u010daj, a isti se nalazi na 17. stranici, u poglavlju 4, pod to\u010dkom 4.1. Podno\u0161enje prijave projekta. Novi krajnji rok za podno\u0161enje prijave projekata je 26. velja\u010de 2021.g.<\/p>\n\n\n\n<p>U ostalim dijelovima LAG Natje\u010daj ostaje neizmijenjen.<\/p>\n\n\n\n<p>Natje\u010daj i natje\u010dajna dokumentacija:<\/p>\n\n\n\n<div class=\"wp-block-file\"><a href=\"http:\/\/lag-vinodol.hr\/wp\/wp-content\/uploads\/2021\/01\/LAG_natjecaj_M-3.1.1._IZMJENA-22.01.2021.g..docx\">LAG_Natjecaj_M_3.1.1._izmjena_22.01.2021.g.<\/a><a href=\"http:\/\/lag-vinodol.hr\/wp\/wp-content\/uploads\/2021\/01\/LAG_natjecaj_M-3.1.1._IZMJENA-22.01.2021.g..docx\" class=\"wp-block-file__button\" download>Download<\/a><\/div>\n\n\n\n<p>Natje\u010dajna dokumentacija ostaje neizmijenjena.<\/p>\n","protected":false},"excerpt":{"rendered":"<p>LAG \u201cVINODOL\u201d objavljuje dana 22.01.2021.g. prvu izmjenu petog LAG Natje\u010daja iz Lokalne razvojne strategije LAG-a \u201cVINODOL\u201d 2014.-2020. za provedbu Mjere 3.1.1. Pokretanje, pobolj\u0161anje ili pro\u0161irenje lokalnih temeljnih usluga za ruralno stanovni\u0161tvo, koja je uskla\u0111ena sa tipom operacije 7.4.1. iz Programa ruralnog razvoja RH 2014.-2020. Izmjenom LAG Natje\u010daja produ\u017een je krajnji rok za podno\u0161enje prijave na [&hellip;]<\/p>\n","protected":false},"author":1,"featured_media":1202,"parent":0,"menu_order":0,"comment_status":"closed","ping_status":"closed","template":"","meta":{"footnotes":"","_links_to":"","_links_to_target":""},"class_list":["post-2279","page","type-page","status-publish","has-post-thumbnail","hentry"],"_links":{"self":[{"href":"http:\/\/lag-vinodol.hr\/wp\/index.php?rest_route=\/wp\/v2\/pages\/2279","targetHints":{"allow":["GET"]}}],"collection":[{"href":"http:\/\/lag-vinodol.hr\/wp\/index.php?rest_route=\/wp\/v2\/pages"}],"about":[{"href":"http:\/\/lag-vinodol.hr\/wp\/index.php?rest_route=\/wp\/v2\/types\/page"}],"author":[{"embeddable":true,"href":"http:\/\/lag-vinodol.hr\/wp\/index.php?rest_route=\/wp\/v2\/users\/1"}],"replies":[{"embeddable":true,"href":"http:\/\/lag-vinodol.hr\/wp\/index.php?rest_route=%2Fwp%2Fv2%2Fcomments&post=2279"}],"version-history":[{"count":1,"href":"http:\/\/lag-vinodol.hr\/wp\/index.php?rest_route=\/wp\/v2\/pages\/2279\/revisions"}],"predecessor-version":[{"id":2281,"href":"http:\/\/lag-vinodol.hr\/wp\/index.php?rest_route=\/wp\/v2\/pages\/2279\/revisions\/2281"}],"wp:featuredmedia":[{"embeddable":true,"href":"http:\/\/lag-vinodol.hr\/wp\/index.php?rest_route=\/wp\/v2\/media\/1202"}],"wp:attachment":[{"href":"http:\/\/lag-vinodol.hr\/wp\/index.php?rest_route=%2Fwp%2Fv2%2Fmedia&parent=2279"}],"curies":[{"name":"wp","href":"https:\/\/api.w.org\/{rel}","templated":true}]}}