{"id":2268,"date":"2021-01-12T14:03:13","date_gmt":"2021-01-12T14:03:13","guid":{"rendered":"http:\/\/lag-vinodol.hr\/wp\/?page_id=2268"},"modified":"2021-01-12T14:07:12","modified_gmt":"2021-01-12T14:07:12","slug":"izvjestaj-o-evaluaciji-lrs-2014-2020","status":"publish","type":"page","link":"http:\/\/lag-vinodol.hr\/wp\/?page_id=2268","title":{"rendered":"Izvje\u0161taj o evaluaciji LRS 2014.-2020."},"content":{"rendered":"\n<p>Izvje\u0161taj o evaluaciji LRS LAG-a &#8220;VINODOL&#8221; 2014.-2020. mo\u017eete preuzeti na sljede\u0107oj poveznici:<\/p>\n\n\n\n<div class=\"wp-block-file\"><a href=\"http:\/\/lag-vinodol.hr\/wp\/wp-content\/uploads\/2021\/01\/Izvjestaj-o-evaluaciji-LRS-LAG-a-VINODOL-2014.-2020.-1.pdf\">Izvje\u0161taj o evaluaciji LRS LAG-a &#8220;VINODOL&#8221; 2014.-2020.<\/a><a href=\"http:\/\/lag-vinodol.hr\/wp\/wp-content\/uploads\/2021\/01\/Izvjestaj-o-evaluaciji-LRS-LAG-a-VINODOL-2014.-2020.-1.pdf\" class=\"wp-block-file__button\" download>Download<\/a><\/div>\n","protected":false},"excerpt":{"rendered":"<p>Izvje\u0161taj o evaluaciji LRS LAG-a &#8220;VINODOL&#8221; 2014.-2020. mo\u017eete preuzeti na sljede\u0107oj poveznici:<\/p>\n","protected":false},"author":1,"featured_media":0,"parent":0,"menu_order":0,"comment_status":"closed","ping_status":"closed","template":"","meta":{"footnotes":"","_links_to":"","_links_to_target":""},"class_list":["post-2268","page","type-page","status-publish","hentry"],"_links":{"self":[{"href":"http:\/\/lag-vinodol.hr\/wp\/index.php?rest_route=\/wp\/v2\/pages\/2268","targetHints":{"allow":["GET"]}}],"collection":[{"href":"http:\/\/lag-vinodol.hr\/wp\/index.php?rest_route=\/wp\/v2\/pages"}],"about":[{"href":"http:\/\/lag-vinodol.hr\/wp\/index.php?rest_route=\/wp\/v2\/types\/page"}],"author":[{"embeddable":true,"href":"http:\/\/lag-vinodol.hr\/wp\/index.php?rest_route=\/wp\/v2\/users\/1"}],"replies":[{"embeddable":true,"href":"http:\/\/lag-vinodol.hr\/wp\/index.php?rest_route=%2Fwp%2Fv2%2Fcomments&post=2268"}],"version-history":[{"count":2,"href":"http:\/\/lag-vinodol.hr\/wp\/index.php?rest_route=\/wp\/v2\/pages\/2268\/revisions"}],"predecessor-version":[{"id":2274,"href":"http:\/\/lag-vinodol.hr\/wp\/index.php?rest_route=\/wp\/v2\/pages\/2268\/revisions\/2274"}],"wp:attachment":[{"href":"http:\/\/lag-vinodol.hr\/wp\/index.php?rest_route=%2Fwp%2Fv2%2Fmedia&parent=2268"}],"curies":[{"name":"wp","href":"https:\/\/api.w.org\/{rel}","templated":true}]}}