{"id":2212,"date":"2020-11-12T13:02:11","date_gmt":"2020-11-12T13:02:11","guid":{"rendered":"http:\/\/lag-vinodol.hr\/wp\/?page_id=2212"},"modified":"2020-11-16T10:59:50","modified_gmt":"2020-11-16T10:59:50","slug":"5-lag-natjecaj-za-provedbu-mjere-3-1-1-pokretanje-poboljsanje-ili-prosirenje-lokalnih-temeljnih-usluga-za-ruralno-stanovnistvo","status":"publish","type":"page","link":"http:\/\/lag-vinodol.hr\/wp\/?page_id=2212","title":{"rendered":"5. LAG NATJE\u010cAJ ZA PROVEDBU MJERE 3.1.1. Pokretanje, pobolj\u0161anje ili pro\u0161irenje lokalnih temeljnih usluga za ruralno stanovni\u0161tvo"},"content":{"rendered":"\n<p>LAG \u201cVINODOL\u201d objavljuje dana 12.11.2020.g. peti LAG Natje\u010daj iz Lokalne razvojne strategije LAG-a \u201cVINODOL\u201d 2014.-2020. za provedbu Mjere 3.1.1. Pokretanje, pobolj\u0161anje ili pro\u0161irenje lokalnih temeljnih usluga za ruralno stanovni\u0161tvo, koja je uskla\u0111ena sa tipom operacije 7.4.1. iz Programa ruralnog razvoja RH 2014.-2020.<\/p>\n\n\n\n<p>Ukupni iznos raspolo\u017eivih sredstava iznosi 1.394.073,13 HRK.&nbsp; Prijave projekata podnose se u 1 (jednom) zatvorenom paketu\/omotnici isklju\u010divo preporu\u010denom po\u0161tom od 01.12.2020.g., a najkasnije do 29.01.2021.g. na adresu: LAG \u201cVINODOL\u201d, Bribir 46 a, 51253 Bribir.<\/p>\n\n\n\n<p>Natje\u010daj i natje\u010dajna dokumentacija:<\/p>\n\n\n\n<div class=\"wp-block-file\"><a href=\"http:\/\/lag-vinodol.hr\/wp\/wp-content\/uploads\/2020\/11\/LAG_natjecaj_M-3.1.1.-1.docx\">1. LAG_natje\u010daj_M_3.1.1.<\/a><a href=\"http:\/\/lag-vinodol.hr\/wp\/wp-content\/uploads\/2020\/11\/LAG_natjecaj_M-3.1.1.-1.docx\" class=\"wp-block-file__button\" download>Download<\/a><\/div>\n\n\n\n<div class=\"wp-block-file\"><a href=\"http:\/\/lag-vinodol.hr\/wp\/wp-content\/uploads\/2020\/11\/Obrazac-A.-Prijavni-obrazac.docx\">2. Obrazac A. Prijavni obrazac<\/a><a href=\"http:\/\/lag-vinodol.hr\/wp\/wp-content\/uploads\/2020\/11\/Obrazac-A.-Prijavni-obrazac.docx\" class=\"wp-block-file__button\" download>Download<\/a><\/div>\n\n\n\n<div class=\"wp-block-file\"><a href=\"http:\/\/lag-vinodol.hr\/wp\/wp-content\/uploads\/2020\/11\/Obrazac-B.-Plan-nabave-Tablica-troskova-i-izracuna-potpore.xlsx\">3. Obrazac B. Plan nabave &#8211; Tablica tro\u0161kova i izra\u010duna potpore<\/a><a href=\"http:\/\/lag-vinodol.hr\/wp\/wp-content\/uploads\/2020\/11\/Obrazac-B.-Plan-nabave-Tablica-troskova-i-izracuna-potpore.xlsx\" class=\"wp-block-file__button\" download>Download<\/a><\/div>\n\n\n\n<div class=\"wp-block-file\"><a href=\"http:\/\/lag-vinodol.hr\/wp\/wp-content\/uploads\/2020\/11\/Prilog-I-Dokumentacija-za-podnosenje-prijave-projekta.docx\">4. Prilog I &#8211; Dokumentacija za podno\u0161enje prijave projekta<\/a><a href=\"http:\/\/lag-vinodol.hr\/wp\/wp-content\/uploads\/2020\/11\/Prilog-I-Dokumentacija-za-podnosenje-prijave-projekta.docx\" class=\"wp-block-file__button\" download>Download<\/a><\/div>\n\n\n\n<div class=\"wp-block-file\"><a href=\"http:\/\/lag-vinodol.hr\/wp\/wp-content\/uploads\/2020\/11\/Prilog-II-Lista-prihvatljivih-troskova.xlsx\">5. Prilog II &#8211; Lista prihvatljivih tro\u0161kova<\/a><a href=\"http:\/\/lag-vinodol.hr\/wp\/wp-content\/uploads\/2020\/11\/Prilog-II-Lista-prihvatljivih-troskova.xlsx\" class=\"wp-block-file__button\" download>Download<\/a><\/div>\n\n\n\n<div class=\"wp-block-file\"><a href=\"http:\/\/lag-vinodol.hr\/wp\/wp-content\/uploads\/2020\/11\/Prilog-III-Opis-projekta.docx\">6. Prilog III &#8211; Opis projekta<\/a><a href=\"http:\/\/lag-vinodol.hr\/wp\/wp-content\/uploads\/2020\/11\/Prilog-III-Opis-projekta.docx\" class=\"wp-block-file__button\" download>Download<\/a><\/div>\n\n\n\n<div class=\"wp-block-file\"><a href=\"http:\/\/lag-vinodol.hr\/wp\/wp-content\/uploads\/2020\/11\/Prilog-IV-Uputa-za-prikupljanje-ponuda-i-provedbu-postupaka-jednostavne-nabave.pdf\">7. Prilog IV &#8211; Uputa za prikupljanje ponuda i provedbu postupaka jednostavne nabave<\/a><a href=\"http:\/\/lag-vinodol.hr\/wp\/wp-content\/uploads\/2020\/11\/Prilog-IV-Uputa-za-prikupljanje-ponuda-i-provedbu-postupaka-jednostavne-nabave.pdf\" class=\"wp-block-file__button\" download>Download<\/a><\/div>\n\n\n\n<div class=\"wp-block-file\"><a href=\"http:\/\/lag-vinodol.hr\/wp\/wp-content\/uploads\/2020\/11\/Prilog-V-Uputa-MZOIE.pdf\">8. Prilog V &#8211; Uputa MZOIE<\/a><a href=\"http:\/\/lag-vinodol.hr\/wp\/wp-content\/uploads\/2020\/11\/Prilog-V-Uputa-MZOIE.pdf\" class=\"wp-block-file__button\" download>Download<\/a><\/div>\n\n\n\n<div class=\"wp-block-file\"><a href=\"http:\/\/lag-vinodol.hr\/wp\/wp-content\/uploads\/2020\/11\/Prilog-VI-Izjava-nositelja-projekta-o-nemogucnosti-odbitka-pretporeza.docx\">9. Prilog VI &#8211; Izjava nositelja projekta o nemogu\u0107nosti odbitka pretporeza<\/a><a href=\"http:\/\/lag-vinodol.hr\/wp\/wp-content\/uploads\/2020\/11\/Prilog-VI-Izjava-nositelja-projekta-o-nemogucnosti-odbitka-pretporeza.docx\" class=\"wp-block-file__button\" download>Download<\/a><\/div>\n\n\n\n<div class=\"wp-block-file\"><a href=\"http:\/\/lag-vinodol.hr\/wp\/wp-content\/uploads\/2020\/11\/Prilog-VII-Izjava-o-statusu-nositelja-projekta-temeljem-Zakona-o-javnoj-nabavi.docx\">10. Prilog VII &#8211; Izjava o statusu nositelja projekta temeljem Zakona o javnoj nabavi<\/a><a href=\"http:\/\/lag-vinodol.hr\/wp\/wp-content\/uploads\/2020\/11\/Prilog-VII-Izjava-o-statusu-nositelja-projekta-temeljem-Zakona-o-javnoj-nabavi.docx\" class=\"wp-block-file__button\" download>Download<\/a><\/div>\n\n\n\n<div class=\"wp-block-file\"><a href=\"http:\/\/lag-vinodol.hr\/wp\/wp-content\/uploads\/2020\/11\/Prilog-VIII-Vrijednosti-indeksa-razvijenosti-i-pokazatelja-za-izracun-indeksa-razvijenosti-jedinice-lokalne-samouprave.pdf\">11. Prilog VIII &#8211; Vrijednosti indeksa razvijenosti i pokazatelja za izra\u010dun indeksa razvijenosti jedinice lokalne samouprave<\/a><a href=\"http:\/\/lag-vinodol.hr\/wp\/wp-content\/uploads\/2020\/11\/Prilog-VIII-Vrijednosti-indeksa-razvijenosti-i-pokazatelja-za-izracun-indeksa-razvijenosti-jedinice-lokalne-samouprave.pdf\" class=\"wp-block-file__button\" download>Download<\/a><\/div>\n\n\n\n<div class=\"wp-block-file\"><a href=\"http:\/\/lag-vinodol.hr\/wp\/wp-content\/uploads\/2020\/11\/Prilog-IX-Kriteriji-odabira.docx\">12. Prilog IX &#8211; Kriteriji odabira<\/a><a href=\"http:\/\/lag-vinodol.hr\/wp\/wp-content\/uploads\/2020\/11\/Prilog-IX-Kriteriji-odabira.docx\" class=\"wp-block-file__button\" download>Download<\/a><\/div>\n\n\n\n<p>Prezentaciju Natje\u010daja za provedbu Mjere 3.1.1. Pokretanje, pobolj\u0161anje ili pro\u0161irenje lokalnih temeljnih usluga za ruralno stanovni\u0161tvo koja je uskla\u0111ena sa tipom operacije 7.4.1. iz Programa ruralnog razvoja RH 2014.-2020. mo\u017eete pogledati na sljede\u0107oj poveznici:<\/p>\n\n\n\n<div class=\"wp-block-file\"><a href=\"http:\/\/lag-vinodol.hr\/wp\/wp-content\/uploads\/2020\/11\/Prezentacija_Mjera-3.1.1.-Pokretanje-poboljsanje-ili-prosirenje-lokalnih-temeljnih-usluga-za-ruralno-stanovnistvo.pdf\">Prezentacija_Mjera 3.1.1.- Pokretanje, pobolj\u0161anje ili pro\u0161irenje lokalnih temeljnih usluga za ruralno stanovni\u0161tvo<\/a><a href=\"http:\/\/lag-vinodol.hr\/wp\/wp-content\/uploads\/2020\/11\/Prezentacija_Mjera-3.1.1.-Pokretanje-poboljsanje-ili-prosirenje-lokalnih-temeljnih-usluga-za-ruralno-stanovnistvo.pdf\" class=\"wp-block-file__button\" download>Download<\/a><\/div>\n","protected":false},"excerpt":{"rendered":"<p>LAG \u201cVINODOL\u201d objavljuje dana 12.11.2020.g. peti LAG Natje\u010daj iz Lokalne razvojne strategije LAG-a \u201cVINODOL\u201d 2014.-2020. za provedbu Mjere 3.1.1. Pokretanje, pobolj\u0161anje ili pro\u0161irenje lokalnih temeljnih usluga za ruralno stanovni\u0161tvo, koja je uskla\u0111ena sa tipom operacije 7.4.1. iz Programa ruralnog razvoja RH 2014.-2020. Ukupni iznos raspolo\u017eivih sredstava iznosi 1.394.073,13 HRK.&nbsp; Prijave projekata podnose se u 1 [&hellip;]<\/p>\n","protected":false},"author":1,"featured_media":1202,"parent":0,"menu_order":0,"comment_status":"closed","ping_status":"closed","template":"","meta":{"footnotes":"","_links_to":"","_links_to_target":""},"class_list":["post-2212","page","type-page","status-publish","has-post-thumbnail","hentry"],"_links":{"self":[{"href":"http:\/\/lag-vinodol.hr\/wp\/index.php?rest_route=\/wp\/v2\/pages\/2212","targetHints":{"allow":["GET"]}}],"collection":[{"href":"http:\/\/lag-vinodol.hr\/wp\/index.php?rest_route=\/wp\/v2\/pages"}],"about":[{"href":"http:\/\/lag-vinodol.hr\/wp\/index.php?rest_route=\/wp\/v2\/types\/page"}],"author":[{"embeddable":true,"href":"http:\/\/lag-vinodol.hr\/wp\/index.php?rest_route=\/wp\/v2\/users\/1"}],"replies":[{"embeddable":true,"href":"http:\/\/lag-vinodol.hr\/wp\/index.php?rest_route=%2Fwp%2Fv2%2Fcomments&post=2212"}],"version-history":[{"count":5,"href":"http:\/\/lag-vinodol.hr\/wp\/index.php?rest_route=\/wp\/v2\/pages\/2212\/revisions"}],"predecessor-version":[{"id":2240,"href":"http:\/\/lag-vinodol.hr\/wp\/index.php?rest_route=\/wp\/v2\/pages\/2212\/revisions\/2240"}],"wp:featuredmedia":[{"embeddable":true,"href":"http:\/\/lag-vinodol.hr\/wp\/index.php?rest_route=\/wp\/v2\/media\/1202"}],"wp:attachment":[{"href":"http:\/\/lag-vinodol.hr\/wp\/index.php?rest_route=%2Fwp%2Fv2%2Fmedia&parent=2212"}],"curies":[{"name":"wp","href":"https:\/\/api.w.org\/{rel}","templated":true}]}}