{"id":2160,"date":"2020-08-18T10:21:19","date_gmt":"2020-08-18T10:21:19","guid":{"rendered":"http:\/\/lag-vinodol.hr\/wp\/?page_id=2160"},"modified":"2020-08-18T10:46:24","modified_gmt":"2020-08-18T10:46:24","slug":"rezultati-4-lag-natjecaja-za-provedbu-mjere-1-1-3-razvoj-i-odrzivost-malih-poljoprivrednih-gospodarstava","status":"publish","type":"page","link":"http:\/\/lag-vinodol.hr\/wp\/?page_id=2160","title":{"rendered":"REZULTATI 4. LAG NATJE\u010cAJA ZA PROVEDBU MJERE 1.1.3. Razvoj i odr\u017eivost malih poljoprivrednih gospodarstava"},"content":{"rendered":"\n<p>LAG \u201cVINODOL\u201d objavio je&nbsp; dana 21.02.2020.g. \u010detvrti LAG Natje\u010daj iz Lokalne razvojne strategije LAG-a \u201cVINODOL\u201d 2014.-2020. za provedbu Mjere 1.1.3. Razvoj i odr\u017eivost malih poljoprivrednih gospodarstava, referentna oznaka 411300, koja je uskla\u0111ena sa tipom operacije 6.3.1. iz Programa ruralnog razvoja RH 2014.-2020.<\/p>\n\n\n\n<p>Ukupni iznos raspolo\u017eivih sredstava iznosio je 1.674.517,50 HRK. Visina javne potpore po projektu iznosila je 111.634,50 HRK (15.000,00 EUR).<\/p>\n\n\n\n<p>Na navedeni natje\u010daj prijave su se zaprimale od 06.03. do 06.05.2020.g., pristiglo je ukupno 15 prijava, koje su uspje\u0161no pro\u0161le administrativnu kontrolu, ocjenjivanje projekata te su odabrane od strane Upravnog odbora LAG-a \u201eVINODOL\u201c na 3. sjednici Upravnog odbora LAG-a \u201eVINODOL\u201c u 2020.g. koja se odr\u017eala 29.07.2020.g. u Bribiru.<\/p>\n\n\n\n<p>Za odabrane projekte izdane su Odluke o odabiru projekta. Nakon odabira projekata na LAG razini slijedi postupak dodjele potpore nositeljima projekata koji provodi Agencija za pla\u0107anja u poljoprivredi, ribarstvu i ruralnom razvoju te \u0107e nakon provedene administrativne kontrole od strane Agencije uslijediti izdavanje Odluka o dodjeli sredstava ili Odluka o odbijanju Zahtjeva za potporu.<\/p>\n\n\n\n<p>LAG \u201eVINODOL\u201c \u010destita odabranim nositeljima projekata i \u017eeli uspje\u0161nu provedbu projektnih aktivnosti.<\/p>\n\n\n\n<p>Datum objave: 18.08.2020.<\/p>\n\n\n\n<div class=\"wp-block-file\"><a href=\"http:\/\/lag-vinodol.hr\/wp\/wp-content\/uploads\/2020\/08\/KONA\u010cNA-RANG-LISTA-PRIJAVLJENIH-NOSITELJA-PROJEKATA.pdf\">KONA\u010cNA RANG LISTA_4. LAG NATJE\u010cAJ_M 1.1.3.<\/a><a href=\"http:\/\/lag-vinodol.hr\/wp\/wp-content\/uploads\/2020\/08\/KONA\u010cNA-RANG-LISTA-PRIJAVLJENIH-NOSITELJA-PROJEKATA.pdf\" class=\"wp-block-file__button\" download>Download<\/a><\/div>\n","protected":false},"excerpt":{"rendered":"<p>LAG \u201cVINODOL\u201d objavio je&nbsp; dana 21.02.2020.g. \u010detvrti LAG Natje\u010daj iz Lokalne razvojne strategije LAG-a \u201cVINODOL\u201d 2014.-2020. za provedbu Mjere 1.1.3. Razvoj i odr\u017eivost malih poljoprivrednih gospodarstava, referentna oznaka 411300, koja je uskla\u0111ena sa tipom operacije 6.3.1. iz Programa ruralnog razvoja RH 2014.-2020. Ukupni iznos raspolo\u017eivih sredstava iznosio je 1.674.517,50 HRK. Visina javne potpore po projektu [&hellip;]<\/p>\n","protected":false},"author":1,"featured_media":1202,"parent":0,"menu_order":0,"comment_status":"closed","ping_status":"closed","template":"","meta":{"footnotes":"","_links_to":"","_links_to_target":""},"class_list":["post-2160","page","type-page","status-publish","has-post-thumbnail","hentry"],"_links":{"self":[{"href":"http:\/\/lag-vinodol.hr\/wp\/index.php?rest_route=\/wp\/v2\/pages\/2160","targetHints":{"allow":["GET"]}}],"collection":[{"href":"http:\/\/lag-vinodol.hr\/wp\/index.php?rest_route=\/wp\/v2\/pages"}],"about":[{"href":"http:\/\/lag-vinodol.hr\/wp\/index.php?rest_route=\/wp\/v2\/types\/page"}],"author":[{"embeddable":true,"href":"http:\/\/lag-vinodol.hr\/wp\/index.php?rest_route=\/wp\/v2\/users\/1"}],"replies":[{"embeddable":true,"href":"http:\/\/lag-vinodol.hr\/wp\/index.php?rest_route=%2Fwp%2Fv2%2Fcomments&post=2160"}],"version-history":[{"count":3,"href":"http:\/\/lag-vinodol.hr\/wp\/index.php?rest_route=\/wp\/v2\/pages\/2160\/revisions"}],"predecessor-version":[{"id":2166,"href":"http:\/\/lag-vinodol.hr\/wp\/index.php?rest_route=\/wp\/v2\/pages\/2160\/revisions\/2166"}],"wp:featuredmedia":[{"embeddable":true,"href":"http:\/\/lag-vinodol.hr\/wp\/index.php?rest_route=\/wp\/v2\/media\/1202"}],"wp:attachment":[{"href":"http:\/\/lag-vinodol.hr\/wp\/index.php?rest_route=%2Fwp%2Fv2%2Fmedia&parent=2160"}],"curies":[{"name":"wp","href":"https:\/\/api.w.org\/{rel}","templated":true}]}}