{"id":213,"date":"2014-01-28T06:21:49","date_gmt":"2014-01-28T06:21:49","guid":{"rendered":"http:\/\/lag-vinodol.hr\/wp\/?page_id=213"},"modified":"2015-10-19T10:39:41","modified_gmt":"2015-10-19T10:39:41","slug":"o-leader-u","status":"publish","type":"page","link":"http:\/\/lag-vinodol.hr\/wp\/?page_id=213","title":{"rendered":"<!--:hr-->O LEADER-u<!--:-->"},"content":{"rendered":"<p><!--:hr--><b><a href=\"http:\/\/lag-vinodol.hr\/wp\/wp-content\/uploads\/2014\/01\/LEADER-LOGO.png\"><img loading=\"lazy\" decoding=\"async\" class=\"size-medium wp-image-873 alignleft\" src=\"http:\/\/lag-vinodol.hr\/wp\/wp-content\/uploads\/2014\/01\/LEADER-LOGO-298x300.png\" alt=\"LEADER LOGO\" width=\"298\" height=\"300\" srcset=\"http:\/\/lag-vinodol.hr\/wp\/wp-content\/uploads\/2014\/01\/LEADER-LOGO-298x300.png 298w, http:\/\/lag-vinodol.hr\/wp\/wp-content\/uploads\/2014\/01\/LEADER-LOGO-150x150.png 150w, http:\/\/lag-vinodol.hr\/wp\/wp-content\/uploads\/2014\/01\/LEADER-LOGO.png 515w\" sizes=\"auto, (max-width: 298px) 100vw, 298px\" \/><\/a>LEADER (iz francuskog izraza \u201cLiaison\u00a0Entre\u00a0Actions de\u00a0D\u00e9veloppement de l\u2019\u00c9conomie\u00a0Rurale\u201d) je kratica koja ozna\u010dava \u201cvezu me\u0111u aktivnostima razvoja ruralnog gospodarstva.\u201d Informacije dobivene evaluacijom LEADER-a kao i od dionika iz ruralnih podru\u010dja pokazuju prednosti LEADER-a kao alata kojim se posti\u017eu rezultati u razli\u010ditim situacijama i na razli\u010ditim podru\u010djima \u0161to pridonosi prilago\u0111avanju ruralnih politika specifi\u010dnim potrebama pojedinih ruralnih prostora. Ohrabruju\u0107i sudjelovanje na lokalnoj razini u stvaranju i provedbi strategija odr\u017eivog razvoja, ovaj pristup razvija sve ve\u0107i utjecaj na budu\u0107e ruralne politike.<\/b><\/p>\n<p><b><\/b>U svojoj evoluciji koja traje od 1991., LEADER je u tri prethodne generacije\u00a0(LEADER I. \u2013 1991.-1993.; LEADER II. \u2013 1994.-1999., LEADER+ \u2013 2000.-2006.,\u00a0Os LEADER 2007.-2013.) imao status\u00a0<i>inicijative,<\/i>\u00a0da bi u posljednjem planskom razdoblju 2007. \u2013 2013. prerastao u integralni dio europske politike ruralnog razvoja &#8211;\u00a0<i>os LEADER<\/i>\u00a0i obvezni dio nacionalnih programa ruralnog razvoja zemalja-\u010dlanica. U prethodnom razdoblju LEADER+ u 15 \u201cstarih\u201d dr\u017eava \u010dlanica djelovala su 893 LAG-a s ukupnim stanovni\u0161tvom od 52 milijuna. Od deset novih \u010dlanica, prije priklju\u010denja Bugarske i Rumunjske, \u0161est se odlu\u010dilo na primjenu LEADER+ \u0161to je rezultiralo sa stotinjak novih LAG-ova. Suradnjom LAG-ova pokrenuto je gotovo tisu\u0107u lokalnih i vi\u0161e od tristo prekograni\u010dnih projekata.<\/p>\n<p><b>PRISTUP LEADER<\/b><\/p>\n<p>LEADER govori o tome kako, a ne \u0161to treba raditi.<\/p>\n<p><b>Sastoji se od sedam osnovnih elemenata \u2013 na\u010dela<\/b>, koja treba slijediti u cijelosti, a ne pojedina\u010dno:<\/p>\n<ul>\n<li><b>Odr\u017eivi ruralni razvoj<\/b>\u00a0&#8211; razvoj koji se temelji na o\u010duvanju i uravnote\u017eenom razvoju okoli\u0161nog, dru\u0161tvenog i gospodarskog kapitala.<\/li>\n<li><b>Pristup temeljen na osobitostima podru\u010dja<\/b>\u00a0&#8211; svako ruralno podru\u010dje ima svoja obilje\u017eja, potencijale, posebnosti i prepoznatljivost \u2013 na njima treba graditi planiranje budu\u0107nosti.<\/li>\n<li><b>Pristup odozdo prema gore<\/b>\u00a0&#8211; \u0161iroko uklju\u010divanje svih raspolo\u017eivih snaga u lokalnim zajednicama doprinijet \u0107e kvalitetnom razvoju bogatstvom ideja i mogu\u0107ih rje\u0161enja.<\/li>\n<li><b>Uspostavljanje lokalnih partnerstva<\/b>\u00a0&#8211; usitnjene inicijative \u010desto su unaprijed osu\u0111ene na propast, pogotovo u malim sredinama, jer im nedostaje snaga, uvjerljivost i povjerenje zajednice; stoga povezivanje, uspostavljanje partnerstva i razvoj kulture suradnje imaju presudnu va\u017enost. LEADER-ova originalna ideja je stvaranje lokalnih javno-privatnih partnerstva u obliku lokalnih akcijskih grupa \u2013 LAG-ova.<\/li>\n<li><b>Inovativnost<\/b>\u00a0&#8211; tradicija je svakako temelj odr\u017eivog ruralnog razvoja, ali su inovacije nu\u017ene kako bi se tradicionalne vrijednosti predstavile na nov i tr\u017ei\u0161no konkurentan na\u010din.<\/li>\n<li><b>Integralan i vi\u0161esektorski pristup<\/b>\u00a0&#8211; sektorska podijeljenost \u010dest je uzrok problemima u razvoju. Horizontalno, me\u0111usektorsko povezivanje kao i okomito, povezivanje lokalnih, regionalnih i nacionalnih institucija, osobito je va\u017eno u ostvarivanju odr\u017eivog ruralnog razvoja.<\/li>\n<li><b>Umre\u017eavanje<\/b>\u00a0&#8211; povezivanje, u\u010denje na primjerima dobre prakse, prijenos i razmjena znanja i iskustva od posebne su va\u017enosti u provedbi LEADER-a, jer se na taj na\u010din od pojedina\u010dnih raznolikih slu\u010dajeva stvara zajedni\u010dko tkanje razvoja europskih ruralnih sredina te pru\u017ea uzajamna pomo\u0107 i potpora.<\/li>\n<li><b>Suradnja<\/b>\u00a0&#8211; je korak dalje od umre\u017eavanja, prema pokretanju i provedbi zajedni\u010dkih projekata dva ili vi\u0161e LAG-ova unutar zemlje, regije i\/ili Europske unije.<\/li>\n<\/ul>\n<p><!--:--><\/p>\n","protected":false},"excerpt":{"rendered":"<p>LEADER (iz francuskog izraza \u201cLiaison\u00a0Entre\u00a0Actions de\u00a0D\u00e9veloppement de l\u2019\u00c9conomie\u00a0Rurale\u201d) je kratica koja ozna\u010dava \u201cvezu me\u0111u aktivnostima razvoja ruralnog gospodarstva.\u201d Informacije dobivene evaluacijom LEADER-a kao i od dionika iz ruralnih podru\u010dja pokazuju prednosti LEADER-a kao alata kojim se posti\u017eu rezultati u razli\u010ditim situacijama i na razli\u010ditim podru\u010djima \u0161to pridonosi prilago\u0111avanju ruralnih politika specifi\u010dnim potrebama pojedinih ruralnih prostora. [&hellip;]<\/p>\n","protected":false},"author":1,"featured_media":0,"parent":0,"menu_order":0,"comment_status":"closed","ping_status":"open","template":"","meta":{"footnotes":"","_links_to":"","_links_to_target":""},"class_list":["post-213","page","type-page","status-publish","hentry"],"_links":{"self":[{"href":"http:\/\/lag-vinodol.hr\/wp\/index.php?rest_route=\/wp\/v2\/pages\/213","targetHints":{"allow":["GET"]}}],"collection":[{"href":"http:\/\/lag-vinodol.hr\/wp\/index.php?rest_route=\/wp\/v2\/pages"}],"about":[{"href":"http:\/\/lag-vinodol.hr\/wp\/index.php?rest_route=\/wp\/v2\/types\/page"}],"author":[{"embeddable":true,"href":"http:\/\/lag-vinodol.hr\/wp\/index.php?rest_route=\/wp\/v2\/users\/1"}],"replies":[{"embeddable":true,"href":"http:\/\/lag-vinodol.hr\/wp\/index.php?rest_route=%2Fwp%2Fv2%2Fcomments&post=213"}],"version-history":[{"count":5,"href":"http:\/\/lag-vinodol.hr\/wp\/index.php?rest_route=\/wp\/v2\/pages\/213\/revisions"}],"predecessor-version":[{"id":874,"href":"http:\/\/lag-vinodol.hr\/wp\/index.php?rest_route=\/wp\/v2\/pages\/213\/revisions\/874"}],"wp:attachment":[{"href":"http:\/\/lag-vinodol.hr\/wp\/index.php?rest_route=%2Fwp%2Fv2%2Fmedia&parent=213"}],"curies":[{"name":"wp","href":"https:\/\/api.w.org\/{rel}","templated":true}]}}