{"id":209,"date":"2014-01-28T06:15:48","date_gmt":"2014-01-28T06:15:48","guid":{"rendered":"http:\/\/lag-vinodol.hr\/wp\/?page_id=209"},"modified":"2016-04-14T08:54:55","modified_gmt":"2016-04-14T08:54:55","slug":"nastanak-lag-a-vinodol","status":"publish","type":"page","link":"http:\/\/lag-vinodol.hr\/wp\/?page_id=209","title":{"rendered":"<!--:hr-->Nastanak LAG-a \u201eVINODOL\u201c<!--:-->"},"content":{"rendered":"<p><!--:hr-->Smatraju\u0107i da cijelo podru\u010dje Vinodola (Grad Crikvenica, Grad Novi Vinodolski i Vinodolska op\u0107ina) sa svojim ruralnim podru\u010djima ima potencijal za razvoj ruralnih aktivnosti i kori\u0161tenja sredstava EU fondova, Poduzetni\u010dki centar \u201eVinodol\u201c d.o.o. pokrenuo je inicijativu za osnivanje LAG-a \u201eVINODOL\u201c. 19. listopada 2012.g. odr\u017eana je Osniva\u010dka skup\u0161tina LAG-a \u201eVINODOL\u201c a 07. prosinca 2012.g. je slu\u017ebeno registrirana udruga utemeljena na va\u017ee\u0107em Zakonu o udrugama odnosno upisana u Registar udruga RH.<i><\/i><\/p>\n<p>U procesu osnivanja LAG-a \u201eVINODOL\u201c dobivena je jednoglasna podr\u0161ka javnog sektora te su sve tri jedinice lokalne samouprave donijele odluku o pristupanju LAG-u \u201eVINODOL\u201c kao osniva\u010di.<!--:--><\/p>\n<p style=\"text-align: justify;\">Odlukom Skup\u0161tine, 2015. g., LAG se \u0161iri i priklju\u010duju mu se Grad Bakar, Grad Kraljevica, Op\u0107ina \u010cavle i Op\u0107ina Kostrena, tako da danas djeluje na teritorijalnom podru\u010dju od 7 JLS, ima 44.109 stanovnika na povr\u0161ini od 683 km\u00b2. Sjedi\u0161te LAG-a &#8220;VINODOL&#8221; nalazi se u Bribiru.<\/p>\n","protected":false},"excerpt":{"rendered":"<p>Smatraju\u0107i da cijelo podru\u010dje Vinodola (Grad Crikvenica, Grad Novi Vinodolski i Vinodolska op\u0107ina) sa svojim ruralnim podru\u010djima ima potencijal za razvoj ruralnih aktivnosti i kori\u0161tenja sredstava EU fondova, Poduzetni\u010dki centar \u201eVinodol\u201c d.o.o. pokrenuo je inicijativu za osnivanje LAG-a \u201eVINODOL\u201c. 19. listopada 2012.g. odr\u017eana je Osniva\u010dka skup\u0161tina LAG-a \u201eVINODOL\u201c a 07. prosinca 2012.g. je slu\u017ebeno registrirana [&hellip;]<\/p>\n","protected":false},"author":1,"featured_media":0,"parent":0,"menu_order":0,"comment_status":"closed","ping_status":"open","template":"","meta":{"footnotes":"","_links_to":"","_links_to_target":""},"class_list":["post-209","page","type-page","status-publish","hentry"],"_links":{"self":[{"href":"http:\/\/lag-vinodol.hr\/wp\/index.php?rest_route=\/wp\/v2\/pages\/209","targetHints":{"allow":["GET"]}}],"collection":[{"href":"http:\/\/lag-vinodol.hr\/wp\/index.php?rest_route=\/wp\/v2\/pages"}],"about":[{"href":"http:\/\/lag-vinodol.hr\/wp\/index.php?rest_route=\/wp\/v2\/types\/page"}],"author":[{"embeddable":true,"href":"http:\/\/lag-vinodol.hr\/wp\/index.php?rest_route=\/wp\/v2\/users\/1"}],"replies":[{"embeddable":true,"href":"http:\/\/lag-vinodol.hr\/wp\/index.php?rest_route=%2Fwp%2Fv2%2Fcomments&post=209"}],"version-history":[{"count":4,"href":"http:\/\/lag-vinodol.hr\/wp\/index.php?rest_route=\/wp\/v2\/pages\/209\/revisions"}],"predecessor-version":[{"id":1187,"href":"http:\/\/lag-vinodol.hr\/wp\/index.php?rest_route=\/wp\/v2\/pages\/209\/revisions\/1187"}],"wp:attachment":[{"href":"http:\/\/lag-vinodol.hr\/wp\/index.php?rest_route=%2Fwp%2Fv2%2Fmedia&parent=209"}],"curies":[{"name":"wp","href":"https:\/\/api.w.org\/{rel}","templated":true}]}}