{"id":2065,"date":"2020-03-24T15:59:25","date_gmt":"2020-03-24T15:59:25","guid":{"rendered":"http:\/\/lag-vinodol.hr\/wp\/?page_id=2065"},"modified":"2020-03-24T15:59:26","modified_gmt":"2020-03-24T15:59:26","slug":"1-izmjena-4-lag-natjecaja-za-provedbu-mjere-1-1-3-razvoj-i-odrzivost-malih-poljoprivrednih-gospodarstava","status":"publish","type":"page","link":"http:\/\/lag-vinodol.hr\/wp\/?page_id=2065","title":{"rendered":"1. IZMJENA 4. LAG NATJE\u010cAJA ZA PROVEDBU MJERE 1.1.3. Razvoj i odr\u017eivost malih poljoprivrednih gospodarstava"},"content":{"rendered":"\n<p>LAG &#8220;VINODOL&#8221; objavljuje dana 24.03.2020.g. prvu izmjenu \u010detvrtog LAG Natje\u010daja iz Lokalne razvojne strategije LAG-a &#8220;VINODOL&#8221; 2014.-2020. za provedbu Mjere 1.1.3. Razvoj i odr\u017eivost malih poljoprivrednih gospodarstava, koja je uskla\u0111ena sa tipom operacije 6.3.1. iz Programa ruralnog razvoja RH 2014.-2020.<\/p>\n\n\n\n<p>Izmjenom LAG Natje\u010daja produ\u017een je krajnji rok za podno\u0161enje prijave na natje\u010daj, a isti se nalazi na 15. stranici, u poglavlju 4, pod to\u010dkom 4.1. Podno\u0161enje prijave projekta. Novi krajnji rok za podno\u0161enje prijave projekata je 06. svibanj 2020.g. <\/p>\n\n\n\n<p>U ostalim dijelovima LAG Natje\u010daj ostaje neizmijenjen.<\/p>\n\n\n\n<p>Natje\u010daj i natje\u010dajna dokumentacija:<\/p>\n\n\n\n<div class=\"wp-block-file\"><a href=\"http:\/\/lag-vinodol.hr\/wp\/wp-content\/uploads\/2020\/03\/LAG_natje\u010daj_M_1.1.3._1.-izmjena_24.03.2020..docx\">LAG_natje\u010daj_M_1.1.3._1. izmjena_24.03.2020.<\/a><a href=\"http:\/\/lag-vinodol.hr\/wp\/wp-content\/uploads\/2020\/03\/LAG_natje\u010daj_M_1.1.3._1.-izmjena_24.03.2020..docx\" class=\"wp-block-file__button\" download>Download<\/a><\/div>\n\n\n\n<p>Natje\u010dajna dokumentacija ostaje neizmijenjena.<\/p>\n","protected":false},"excerpt":{"rendered":"<p>LAG &#8220;VINODOL&#8221; objavljuje dana 24.03.2020.g. prvu izmjenu \u010detvrtog LAG Natje\u010daja iz Lokalne razvojne strategije LAG-a &#8220;VINODOL&#8221; 2014.-2020. za provedbu Mjere 1.1.3. Razvoj i odr\u017eivost malih poljoprivrednih gospodarstava, koja je uskla\u0111ena sa tipom operacije 6.3.1. iz Programa ruralnog razvoja RH 2014.-2020. Izmjenom LAG Natje\u010daja produ\u017een je krajnji rok za podno\u0161enje prijave na natje\u010daj, a isti se [&hellip;]<\/p>\n","protected":false},"author":1,"featured_media":1202,"parent":0,"menu_order":0,"comment_status":"closed","ping_status":"closed","template":"","meta":{"footnotes":"","_links_to":"","_links_to_target":""},"class_list":["post-2065","page","type-page","status-publish","has-post-thumbnail","hentry"],"_links":{"self":[{"href":"http:\/\/lag-vinodol.hr\/wp\/index.php?rest_route=\/wp\/v2\/pages\/2065","targetHints":{"allow":["GET"]}}],"collection":[{"href":"http:\/\/lag-vinodol.hr\/wp\/index.php?rest_route=\/wp\/v2\/pages"}],"about":[{"href":"http:\/\/lag-vinodol.hr\/wp\/index.php?rest_route=\/wp\/v2\/types\/page"}],"author":[{"embeddable":true,"href":"http:\/\/lag-vinodol.hr\/wp\/index.php?rest_route=\/wp\/v2\/users\/1"}],"replies":[{"embeddable":true,"href":"http:\/\/lag-vinodol.hr\/wp\/index.php?rest_route=%2Fwp%2Fv2%2Fcomments&post=2065"}],"version-history":[{"count":11,"href":"http:\/\/lag-vinodol.hr\/wp\/index.php?rest_route=\/wp\/v2\/pages\/2065\/revisions"}],"predecessor-version":[{"id":2078,"href":"http:\/\/lag-vinodol.hr\/wp\/index.php?rest_route=\/wp\/v2\/pages\/2065\/revisions\/2078"}],"wp:featuredmedia":[{"embeddable":true,"href":"http:\/\/lag-vinodol.hr\/wp\/index.php?rest_route=\/wp\/v2\/media\/1202"}],"wp:attachment":[{"href":"http:\/\/lag-vinodol.hr\/wp\/index.php?rest_route=%2Fwp%2Fv2%2Fmedia&parent=2065"}],"curies":[{"name":"wp","href":"https:\/\/api.w.org\/{rel}","templated":true}]}}