{"id":2047,"date":"2020-03-09T10:21:52","date_gmt":"2020-03-09T10:21:52","guid":{"rendered":"http:\/\/lag-vinodol.hr\/wp\/?page_id=2047"},"modified":"2020-04-01T09:56:36","modified_gmt":"2020-04-01T09:56:36","slug":"pitanja-i-odgovori-4","status":"publish","type":"page","link":"http:\/\/lag-vinodol.hr\/wp\/?page_id=2047","title":{"rendered":"PITANJA I ODGOVORI"},"content":{"rendered":"\n<blockquote class=\"wp-block-quote is-layout-flow wp-block-quote-is-layout-flow\"><p><strong>&#8220;Za upravo otvoreni natje\u010daj za projekat za tip operacije 1.1.3 (podmjera 6.3.1) imam tri pitanja:<\/strong>                                                                  <strong>1. Uzeo bih u zakup parcelu koja je u ARKODU za smje\u0161taj p\u010delinjaka od privatnog vlasnika 1\/1. Ugovor o najmu sklopio kod javnog bilje\u017enika. Iznos zakupa na 10 god (0ko 15.000 kn) naveden u ugovoru se ispla\u0107uje odjednom ili godi\u0161nje? Na koji na\u010din se priznaje ta operacija??<\/strong>                                                                                                         <strong>2. Na tu parcelu bih smjestio (kupio) drvenu, vrtnu ku\u0107icu (3&#215;3) koja bi slu\u017eila za smje\u0161taj p\u010delarske opreme potrebne na stacionarnom p\u010delinjaku (do 15.000 kuna). Na nju bih smjestio solarni panel potreban za napajanje pastira, alarma i video nadzora.&nbsp; Mo\u017ee li ovo biti prihvatljivo u okviru ove mjere??<\/strong>                                                           <strong>3. Znam da auto prikolica nije priznat tro\u0161ak, ali ako tu prikolicu prilagodim (nadogra\u0111enim postoljem) isklju\u010divo za ko\u0161nice (koje bih tako\u0111er kupio,12 kom) koje bi stalno bile na njoj i nju bih takvu selio na p\u010delinje pa\u0161e (bez platforme). Da li bi kao takva-P\u010delarska prikolica- ta nova auto-prikolica bila prihvatljiv tro\u0161ak. Za autom, na ve\u0107e udaljenosti, ne mogu vu\u0107i traktorsku.<\/strong>  <strong>Pozdrav&#8221;<\/strong> <\/p><\/blockquote>\n\n\n\n<p> <\/p>\n\n\n\n<p>1. Prihvatljiv je zakup poljoprivrednog zemlji\u0161ta samo u slu\u010daju podizanja vi\u0161egodi\u0161njih nasada ili pove\u0107anja poljoprivrednih povr\u0161ina radi ishrane stoke u \u0161to spadaju i p\u010dele. Iznos zakupa se mora platiti u roku od 3 godine od dono\u0161enja Odluke o odabiru projekta te se u navedenom roku mora podnijeti i kona\u010dni Zahtjev za isplatu. Prihvatljivo je platiti iznos zakupa odjednom, ako tako definirano ugovorom izme\u0111u&nbsp; zakupodavca i zakupnika.<\/p>\n\n\n\n<p>2. Unutar tipa operacije 6.3.1. je prihvatljiva kupnja, gra\u0111enje i\/ili opremanje zatvorenih\/za\u0161ti\u0107enih prostora i objekata te ostalih gospodarskih objekata uklju\u010duju\u0107i vanjsku i unutarnju infrastrukturu u sklopu poljoprivrednog gospodarstva u svrhu obavljanja poljoprivredne proizvodnje i\/ili prerade proizvoda iz Priloga I. Ugovora o funkcioniranju Europske unije.<\/p>\n\n\n\n<p>3. Ulaganje u autoprikolicu koja bi slu\u017eila isklju\u010divo za prijenos ko\u0161nica je prihvatljivo ako je navedeno opisano na takav na\u010din u poslovnom planu, te ako \u0107e se navedeno i koristiti u svrhe kako je opisano u poslovnom planu.<\/p>\n\n\n\n<blockquote class=\"wp-block-quote is-layout-flow wp-block-quote-is-layout-flow\"><p><strong> Po\u0161tovani,<br>Pitanje vezano za aktivnost 2&nbsp; &#8220;kupnja i gra\u0111enje zatvorenog gospodarskog objekta&#8221; u svrhu skladi\u0161nog prostora.<br>\u0160to je potrebno prilo\u017eiti od papirologije vezano za parcelu na kojoj bi bila dva drvena objekta za skladi\u0161ni prostor veli\u010dine cca 25m2 nevezanih temeljima za tlo?<br>Unaprijed zahvaljujem na odgovoru <\/strong><\/p><\/blockquote>\n\n\n\n<p>Sukladno Natje\u010daju za provedbu\nMjere 1.1.3. Razvoj i odr\u017eivost malih poljoprivrednih gospodarstava pod to\u010dkom\n3.2. Prihvatljive aktivnosti kao jedna od aktivnosti navodi se kupnja, gra\u0111enje\ni\/ili opremanje zatvorenih\/za\u0161ti\u0107enih prostora i objekata te ostalih\ngospodarskih objekata uklju\u010duju\u0107i vanjsku i unutarnju infrastrukturu u sklopu\npoljoprivrednog gospodarstva u svrhu obavljanja poljoprivredne proizvodnje\ni\/ili prerade proizvoda iz Priloga I. Ugovora o funkcioniranju Europske unije\n(Prilog II. LAG Natje\u010daja).<\/p>\n\n\n\n<p>U Prilogu I LAG Natje\u010daja za\nprovedbu Mjere 1.1.3. navedena je dokumentacija koju nositelj projekta\ndostavlja prilikom prijave na natje\u010daj.<\/p>\n\n\n\n<p>Prilogom II. Natje\u010daja za\nprovedbu tipa operacije 6.3.1. \u201ePotpora razvoju malih poljoprivrednih\ngospodarstava\u201c koji se provodi putem lokalnih razvojnih strategija (LRS)\nodabranih LAG-ova unutar podmjere 19.2. \u201eProvedba operacija unutar CLLD\nstrategije\u201c propisana je potrebna dokumentacija koju je potrebno dostaviti\nprilikom podno\u0161enja Zahtjeva za isplatu I. i II. (kona\u010dne) rate.<\/p>\n\n\n\n<p>U slu\u010daju da su poslovnim planom predvi\u0111ene aktivnosti ulaganja u poljoprivredno zemlji\u0161te i objekte koji nisu u vlasni\u0161tvu nositelja projekta, sukladno prethodno navedenom Prilogu II. nositelj projekta dostavlja Ugovor o najmu\/koncesiji \/zakupu\/slu\u017enosti koji mora biti sklopljen na rok od najmanje 10 godina, od dana podno\u0161enja prijave projekta. <\/p>\n\n\n\n<blockquote class=\"wp-block-quote is-layout-flow wp-block-quote-is-layout-flow\"><p> Molimo Vas da pojasnite na koji na\u010din je prihvatljiva aktivnost zakup poljoprivrednog zemlji\u0161ta u sklopu Natje\u010daja LAG-a za mjeru sukladnu tipu operacije 6.3.1. Da li je propisana visina tro\u0161ka kod zakupa, te na koliki rok mora biti sklopljen ugovor o zakupu? Zanima nas na koji na\u010din izvr\u0161iti realizaciju aktivnosti kao i samo pla\u0107anje &#8211; ukoliko \u0107e ugovor biti sklopljen na 10 godina da li je ispravno izvr\u0161iti pla\u0107anje u roku od 3 (tri) godine od dono\u0161enja Odluke o odabiru projekta na LAG razini \u010dime bi se pokrili tro\u0161kovi zakupa za cijelo vrijeme trajanja ugovora. Tako\u0111er da li je prihvatljiv zakup zemlji\u0161ta na koje bi se postavio p\u010delinjak, te da li je navedeno zemlji\u0161te potrebno upisati u ARKOD? <\/p><\/blockquote>\n\n\n\n<p>Visina tro\u0161ka zakupa poljoprivrednog zemlji\u0161ta nije propisana LAG natje\u010dajem. Ugovor o najmu\/zakupu mora biti sklopljen na rok od najmanje 10 godina od podno\u0161enja Zahtjeva za potporu ako su u poslovnom planu navedene aktivnosti koje se obavljaju na poljoprivrednom zemlji\u0161tu koje nije u vlasni\u0161tvu korisnika. Prihvatljivo je platiti tro\u0161ak zakupa za svih 10 godina unaprijed, ali navedeno se mora platiti u roku od 3 godine od dono\u0161enja Odluke o odabiru projekta te se u navedenom roku mora podnijeti i kona\u010dni Zahtjev za isplatu. Prihvatljiv je zakup poljoprivrednog zemlji\u0161ta samo u slu\u010daju podizanja vi\u0161egodi\u0161njih nasada ili pove\u0107anja poljoprivrednih povr\u0161ina radi ishrane stoke u \u0161to spadaju i p\u010dele. Poljoprivredno zemlji\u0161te koje je predmet zakupa potrebno je upisati u ARKOD najkasnije kod podno\u0161enja kona\u010dnog Zahtjeva za isplatu.<\/p>\n","protected":false},"excerpt":{"rendered":"<p>&#8220;Za upravo otvoreni natje\u010daj za projekat za tip operacije 1.1.3 (podmjera 6.3.1) imam tri pitanja: 1. Uzeo bih u zakup parcelu koja je u ARKODU za smje\u0161taj p\u010delinjaka od privatnog vlasnika 1\/1. Ugovor o najmu sklopio kod javnog bilje\u017enika. Iznos zakupa na 10 god (0ko 15.000 kn) naveden u ugovoru se ispla\u0107uje odjednom ili godi\u0161nje? [&hellip;]<\/p>\n","protected":false},"author":1,"featured_media":0,"parent":0,"menu_order":0,"comment_status":"closed","ping_status":"closed","template":"","meta":{"footnotes":"","_links_to":"","_links_to_target":""},"class_list":["post-2047","page","type-page","status-publish","hentry"],"_links":{"self":[{"href":"http:\/\/lag-vinodol.hr\/wp\/index.php?rest_route=\/wp\/v2\/pages\/2047","targetHints":{"allow":["GET"]}}],"collection":[{"href":"http:\/\/lag-vinodol.hr\/wp\/index.php?rest_route=\/wp\/v2\/pages"}],"about":[{"href":"http:\/\/lag-vinodol.hr\/wp\/index.php?rest_route=\/wp\/v2\/types\/page"}],"author":[{"embeddable":true,"href":"http:\/\/lag-vinodol.hr\/wp\/index.php?rest_route=\/wp\/v2\/users\/1"}],"replies":[{"embeddable":true,"href":"http:\/\/lag-vinodol.hr\/wp\/index.php?rest_route=%2Fwp%2Fv2%2Fcomments&post=2047"}],"version-history":[{"count":5,"href":"http:\/\/lag-vinodol.hr\/wp\/index.php?rest_route=\/wp\/v2\/pages\/2047\/revisions"}],"predecessor-version":[{"id":2088,"href":"http:\/\/lag-vinodol.hr\/wp\/index.php?rest_route=\/wp\/v2\/pages\/2047\/revisions\/2088"}],"wp:attachment":[{"href":"http:\/\/lag-vinodol.hr\/wp\/index.php?rest_route=%2Fwp%2Fv2%2Fmedia&parent=2047"}],"curies":[{"name":"wp","href":"https:\/\/api.w.org\/{rel}","templated":true}]}}