{"id":2003,"date":"2020-02-21T14:01:00","date_gmt":"2020-02-21T14:01:00","guid":{"rendered":"http:\/\/lag-vinodol.hr\/wp\/?page_id=2003"},"modified":"2020-02-21T14:33:11","modified_gmt":"2020-02-21T14:33:11","slug":"lag-natjecaj-za-provedbu-mjere-1-1-3-razvoj-i-odrzivost-malih-poljoprivrednih-gospodarstava","status":"publish","type":"page","link":"http:\/\/lag-vinodol.hr\/wp\/?page_id=2003","title":{"rendered":"4. LAG NATJE\u010cAJ ZA PROVEDBU MJERE 1.1.3. Razvoj i odr\u017eivost malih poljoprivrednih gospodarstava"},"content":{"rendered":"\n<p>LAG \u201cVINODOL\u201d objavljuje dana 21.2.2020.g. \u010detvrti LAG Natje\u010daj iz Lokalne razvojne strategije LAG-a \u201cVINODOL\u201d 2014.-2020. za provedbu Mjere 1.1.3. Razvoj i odr\u017eivost malih poljoprivrednih gospodarstava, koja je uskla\u0111ena sa tipom operacije 6.3.1. iz Programa ruralnog razvoja RH 2014.-2020.<\/p>\n\n\n\n<p>Ukupni iznos raspolo\u017eivih sredstava je 1.674.517,50 HRK. Visina javne potpore po projektu iznosi 111.634,50 HRK (15.000,00 EUR). Prijave projekata podnose se u 1 (jednom) zatvorenom paketu\/omotnici isklju\u010divo preporu\u010denom po\u0161tom s povratnicom od 6.3.2020.g., a najkasnije do 6.4.2020.g. na adresu LAG-a \u201cVINODOL\u201d, Bribir 46 a, 51253 Bribir.<\/p>\n\n\n\n<p>Natje\u010daj i natje\u010dajna dokumentacija:<\/p>\n\n\n\n<div class=\"wp-block-file\"><a href=\"http:\/\/lag-vinodol.hr\/wp\/wp-content\/uploads\/2020\/02\/LAG_natje\u010daj_M_1.1.3..docx\">1. LAG_natje\u010daj_M_1.1.3.<\/a><a href=\"http:\/\/lag-vinodol.hr\/wp\/wp-content\/uploads\/2020\/02\/LAG_natje\u010daj_M_1.1.3..docx\" class=\"wp-block-file__button\" download>Download<\/a><\/div>\n\n\n\n<div class=\"wp-block-file\"><a href=\"http:\/\/lag-vinodol.hr\/wp\/wp-content\/uploads\/2020\/02\/Obrazac-A.Prijavni-obrazac.docx\">2. Obrazac-A.Prijavni-obrazac<\/a><a href=\"http:\/\/lag-vinodol.hr\/wp\/wp-content\/uploads\/2020\/02\/Obrazac-A.Prijavni-obrazac.docx\" class=\"wp-block-file__button\" download>Download<\/a><\/div>\n\n\n\n<div class=\"wp-block-file\"><a href=\"http:\/\/lag-vinodol.hr\/wp\/wp-content\/uploads\/2020\/02\/Obrazac-B.-Poslovni-plan-opisni-dio.docx\">3. Obrazac-B.-Poslovni-plan-opisni-dio<\/a><a href=\"http:\/\/lag-vinodol.hr\/wp\/wp-content\/uploads\/2020\/02\/Obrazac-B.-Poslovni-plan-opisni-dio.docx\" class=\"wp-block-file__button\" download>Download<\/a><\/div>\n\n\n\n<div class=\"wp-block-file\"><a href=\"http:\/\/lag-vinodol.hr\/wp\/wp-content\/uploads\/2020\/02\/Obrazac-B.-Poslovni-plan-tabli\u010dni-dio.xlsx\">4. Obrazac-B.-Poslovni-plan-tabli\u010dni-dio<\/a><a href=\"http:\/\/lag-vinodol.hr\/wp\/wp-content\/uploads\/2020\/02\/Obrazac-B.-Poslovni-plan-tabli\u010dni-dio.xlsx\" class=\"wp-block-file__button\" download>Download<\/a><\/div>\n\n\n\n<div class=\"wp-block-file\"><a href=\"http:\/\/lag-vinodol.hr\/wp\/wp-content\/uploads\/2020\/02\/Obrazac-C.-Izjava-o-veli\u010dini.xlsx\">5. Obrazac-C.-Izjava-o-veli\u010dini<\/a><a href=\"http:\/\/lag-vinodol.hr\/wp\/wp-content\/uploads\/2020\/02\/Obrazac-C.-Izjava-o-veli\u010dini.xlsx\" class=\"wp-block-file__button\" download>Download<\/a><\/div>\n\n\n\n<div class=\"wp-block-file\"><a href=\"http:\/\/lag-vinodol.hr\/wp\/wp-content\/uploads\/2020\/02\/Obrazac-D.-FADN-kalkulator.xls\">6. Obrazac-D.-FADN-kalkulator<\/a><a href=\"http:\/\/lag-vinodol.hr\/wp\/wp-content\/uploads\/2020\/02\/Obrazac-D.-FADN-kalkulator.xls\" class=\"wp-block-file__button\" download>Download<\/a><\/div>\n\n\n\n<div class=\"wp-block-file\"><a href=\"http:\/\/lag-vinodol.hr\/wp\/wp-content\/uploads\/2020\/02\/Obrazac-E.-Zaposlenici.xlsx\">7. Obrazac-E.-Zaposlenici<\/a><a href=\"http:\/\/lag-vinodol.hr\/wp\/wp-content\/uploads\/2020\/02\/Obrazac-E.-Zaposlenici.xlsx\" class=\"wp-block-file__button\" download>Download<\/a><\/div>\n\n\n\n<div class=\"wp-block-file\"><a href=\"http:\/\/lag-vinodol.hr\/wp\/wp-content\/uploads\/2020\/02\/Prilog-I-Natje\u010dajna-dokumentacija.docx\">8. Prilog-I-Natje\u010dajna-dokumentacija<\/a><a href=\"http:\/\/lag-vinodol.hr\/wp\/wp-content\/uploads\/2020\/02\/Prilog-I-Natje\u010dajna-dokumentacija.docx\" class=\"wp-block-file__button\" download>Download<\/a><\/div>\n\n\n\n<div class=\"wp-block-file\"><a href=\"http:\/\/lag-vinodol.hr\/wp\/wp-content\/uploads\/2020\/02\/Prilog-II.-Popis-proizvoda.docx\">9. Prilog-II.-Popis-proizvoda<\/a><a href=\"http:\/\/lag-vinodol.hr\/wp\/wp-content\/uploads\/2020\/02\/Prilog-II.-Popis-proizvoda.docx\" class=\"wp-block-file__button\" download>Download<\/a><\/div>\n\n\n\n<div class=\"wp-block-file\"><a href=\"http:\/\/lag-vinodol.hr\/wp\/wp-content\/uploads\/2020\/02\/Prilog-III.-Vodi\u010d-za-korisnike-o-definiciji-malih-i-srednjih-poduze\u0107a.pdf\">10. Prilog-III.-Vodi\u010d-za-korisnike-o-definiciji-malih-i-srednjih-poduze\u0107a<\/a><a href=\"http:\/\/lag-vinodol.hr\/wp\/wp-content\/uploads\/2020\/02\/Prilog-III.-Vodi\u010d-za-korisnike-o-definiciji-malih-i-srednjih-poduze\u0107a.pdf\" class=\"wp-block-file__button\" download>Download<\/a><\/div>\n\n\n\n<div class=\"wp-block-file\"><a href=\"http:\/\/lag-vinodol.hr\/wp\/wp-content\/uploads\/2020\/02\/Prilog-IV.-Kriteriji-odabira.docx\">11. Prilog-IV.-Kriteriji-odabira<\/a><a href=\"http:\/\/lag-vinodol.hr\/wp\/wp-content\/uploads\/2020\/02\/Prilog-IV.-Kriteriji-odabira.docx\" class=\"wp-block-file__button\" download>Download<\/a><\/div>\n\n\n\n<div class=\"wp-block-file\"><a href=\"http:\/\/lag-vinodol.hr\/wp\/wp-content\/uploads\/2020\/02\/LRS-LAG-VINODOL-2014.-2020..pdf\">12. LRS-LAG-VINODOL-2014.-2020.<\/a><a href=\"http:\/\/lag-vinodol.hr\/wp\/wp-content\/uploads\/2020\/02\/LRS-LAG-VINODOL-2014.-2020..pdf\" class=\"wp-block-file__button\" download>Download<\/a><\/div>\n\n\n\n<div class=\"wp-block-file\"><a href=\"http:\/\/lag-vinodol.hr\/wp\/wp-content\/uploads\/2020\/02\/LRS-LAG-VINODOL-2014.-2020._PRILOZI.pdf\">13. LRS-LAG-VINODOL-2014.-2020._PRILOZI<\/a><a href=\"http:\/\/lag-vinodol.hr\/wp\/wp-content\/uploads\/2020\/02\/LRS-LAG-VINODOL-2014.-2020._PRILOZI.pdf\" class=\"wp-block-file__button\" download>Download<\/a><\/div>\n","protected":false},"excerpt":{"rendered":"<p>LAG \u201cVINODOL\u201d objavljuje dana 21.2.2020.g. \u010detvrti LAG Natje\u010daj iz Lokalne razvojne strategije LAG-a \u201cVINODOL\u201d 2014.-2020. za provedbu Mjere 1.1.3. Razvoj i odr\u017eivost malih poljoprivrednih gospodarstava, koja je uskla\u0111ena sa tipom operacije 6.3.1. iz Programa ruralnog razvoja RH 2014.-2020. Ukupni iznos raspolo\u017eivih sredstava je 1.674.517,50 HRK. Visina javne potpore po projektu iznosi 111.634,50 HRK (15.000,00 EUR). [&hellip;]<\/p>\n","protected":false},"author":1,"featured_media":1202,"parent":0,"menu_order":0,"comment_status":"closed","ping_status":"closed","template":"","meta":{"footnotes":"","_links_to":"","_links_to_target":""},"class_list":["post-2003","page","type-page","status-publish","has-post-thumbnail","hentry"],"_links":{"self":[{"href":"http:\/\/lag-vinodol.hr\/wp\/index.php?rest_route=\/wp\/v2\/pages\/2003","targetHints":{"allow":["GET"]}}],"collection":[{"href":"http:\/\/lag-vinodol.hr\/wp\/index.php?rest_route=\/wp\/v2\/pages"}],"about":[{"href":"http:\/\/lag-vinodol.hr\/wp\/index.php?rest_route=\/wp\/v2\/types\/page"}],"author":[{"embeddable":true,"href":"http:\/\/lag-vinodol.hr\/wp\/index.php?rest_route=\/wp\/v2\/users\/1"}],"replies":[{"embeddable":true,"href":"http:\/\/lag-vinodol.hr\/wp\/index.php?rest_route=%2Fwp%2Fv2%2Fcomments&post=2003"}],"version-history":[{"count":2,"href":"http:\/\/lag-vinodol.hr\/wp\/index.php?rest_route=\/wp\/v2\/pages\/2003\/revisions"}],"predecessor-version":[{"id":2025,"href":"http:\/\/lag-vinodol.hr\/wp\/index.php?rest_route=\/wp\/v2\/pages\/2003\/revisions\/2025"}],"wp:featuredmedia":[{"embeddable":true,"href":"http:\/\/lag-vinodol.hr\/wp\/index.php?rest_route=\/wp\/v2\/media\/1202"}],"wp:attachment":[{"href":"http:\/\/lag-vinodol.hr\/wp\/index.php?rest_route=%2Fwp%2Fv2%2Fmedia&parent=2003"}],"curies":[{"name":"wp","href":"https:\/\/api.w.org\/{rel}","templated":true}]}}