{"id":1925,"date":"2019-10-21T12:06:11","date_gmt":"2019-10-21T12:06:11","guid":{"rendered":"http:\/\/lag-vinodol.hr\/wp\/?page_id=1925"},"modified":"2020-02-21T14:32:28","modified_gmt":"2020-02-21T14:32:28","slug":"lag-natjecaj-za-provedbu-mjere-1-1-1-povecanje-konkurentnosti-poljoprivredne-proizvodnje","status":"publish","type":"page","link":"http:\/\/lag-vinodol.hr\/wp\/?page_id=1925","title":{"rendered":"3. LAG NATJE\u010cAJ ZA PROVEDBU MJERE 1.1.1. Pove\u0107anje konkurentnosti poljoprivredne proizvodnje"},"content":{"rendered":"\n<p>LAG &#8220;VINODOL&#8221; objavljuje dana 21.10.2019.g. tre\u0107i LAG Natje\u010daj iz Lokalne razvojne strategije LAG-a &#8220;VINODOL&#8221; 2014.-2020. za provedbu Mjere 1.1.1. Pove\u0107anje konkurentnosti poljoprivredne proizvodnje, koja je uskla\u0111ena sa tipom operacije 4.1.1. iz Programa ruralnog razvoja RH 2014.-2020.<\/p>\n\n\n\n<p>Ukupni iznos raspolo\u017eivih sredstava iznosi 511.285,46 HRK. Prijave projekata podnose se u 1 (jednom) zatvorenom paketu\/omotnici isklju\u010divo preporu\u010denom po\u0161tom od 04.11.2019.g., a najkasnije do 04.12.2019.g. na adresu LAG-a &#8220;VINODOL&#8221;, Bribir 46 a, 51253 Bribir.<\/p>\n\n\n\n<p>Natje\u010daj i natje\u010dajna dokumentacija:<\/p>\n\n\n\n<div class=\"wp-block-file\"><a href=\"http:\/\/lag-vinodol.hr\/wp\/wp-content\/uploads\/2019\/10\/LAG_natjecaj_mjera-1.1.1..docx\">LAG_natjecaj_mjera-1.1.1.<\/a><a href=\"http:\/\/lag-vinodol.hr\/wp\/wp-content\/uploads\/2019\/10\/LAG_natjecaj_mjera-1.1.1..docx\" class=\"wp-block-file__button\" download>Download<\/a><\/div>\n\n\n\n<div class=\"wp-block-file\"><a href=\"http:\/\/lag-vinodol.hr\/wp\/wp-content\/uploads\/2019\/10\/Obrazac-A.-Prijavni-obrazac.docx\">Obrazac-A.-Prijavni-obrazac<\/a><a href=\"http:\/\/lag-vinodol.hr\/wp\/wp-content\/uploads\/2019\/10\/Obrazac-A.-Prijavni-obrazac.docx\" class=\"wp-block-file__button\" download>Download<\/a><\/div>\n\n\n\n<div class=\"wp-block-file\"><a href=\"http:\/\/lag-vinodol.hr\/wp\/wp-content\/uploads\/2019\/10\/Obrazac-B.-Plan-nabave.zip\">Obrazac B. Plan nabave (izdvojiti prije popunjavanja)<\/a><a href=\"http:\/\/lag-vinodol.hr\/wp\/wp-content\/uploads\/2019\/10\/Obrazac-B.-Plan-nabave.zip\" class=\"wp-block-file__button\" download>Download<\/a><\/div>\n\n\n\n<div class=\"wp-block-file\"><a href=\"http:\/\/lag-vinodol.hr\/wp\/wp-content\/uploads\/2019\/10\/Obrazac-C.-Izjava-o-partnerskim-i-povezanim-poduze\u0107ima.xlsx\">Obrazac-C.-Izjava-o-partnerskim-i-povezanim-poduze\u0107ima<\/a><a href=\"http:\/\/lag-vinodol.hr\/wp\/wp-content\/uploads\/2019\/10\/Obrazac-C.-Izjava-o-partnerskim-i-povezanim-poduze\u0107ima.xlsx\" class=\"wp-block-file__button\" download>Download<\/a><\/div>\n\n\n\n<div class=\"wp-block-file\"><a href=\"http:\/\/lag-vinodol.hr\/wp\/wp-content\/uploads\/2019\/10\/Obrazac-D.-Izjava-o-poljoprivrednoj-mehanizaciji-traktori.xlsx\">Obrazac-D.-Izjava-o-poljoprivrednoj-mehanizaciji-traktori<\/a><a href=\"http:\/\/lag-vinodol.hr\/wp\/wp-content\/uploads\/2019\/10\/Obrazac-D.-Izjava-o-poljoprivrednoj-mehanizaciji-traktori.xlsx\" class=\"wp-block-file__button\" download>Download<\/a><\/div>\n\n\n\n<div class=\"wp-block-file\"><a href=\"http:\/\/lag-vinodol.hr\/wp\/wp-content\/uploads\/2019\/10\/Obrazac-E.-Zaposlenici.xlsx\">Obrazac-E.-Zaposlenici<\/a><a href=\"http:\/\/lag-vinodol.hr\/wp\/wp-content\/uploads\/2019\/10\/Obrazac-E.-Zaposlenici.xlsx\" class=\"wp-block-file__button\" download>Download<\/a><\/div>\n\n\n\n<div class=\"wp-block-file\"><a href=\"http:\/\/lag-vinodol.hr\/wp\/wp-content\/uploads\/2019\/10\/Prilog-I.-Natje\u010dajna-dokumentacija.docx\">Prilog-I.-Natje\u010dajna-dokumentacija<\/a><a href=\"http:\/\/lag-vinodol.hr\/wp\/wp-content\/uploads\/2019\/10\/Prilog-I.-Natje\u010dajna-dokumentacija.docx\" class=\"wp-block-file__button\" download>Download<\/a><\/div>\n\n\n\n<div class=\"wp-block-file\"><a href=\"http:\/\/lag-vinodol.hr\/wp\/wp-content\/uploads\/2019\/10\/Prilog-II.-Lista-prihvatljivih-tro\u0161kova.docx\">Prilog-II.-Lista-prihvatljivih-tro\u0161kova<\/a><a href=\"http:\/\/lag-vinodol.hr\/wp\/wp-content\/uploads\/2019\/10\/Prilog-II.-Lista-prihvatljivih-tro\u0161kova.docx\" class=\"wp-block-file__button\" download>Download<\/a><\/div>\n\n\n\n<div class=\"wp-block-file\"><a href=\"http:\/\/lag-vinodol.hr\/wp\/wp-content\/uploads\/2019\/10\/Prilog-III.-Popis-proizvoda.docx\">Prilog-III.-Popis-proizvoda<\/a><a href=\"http:\/\/lag-vinodol.hr\/wp\/wp-content\/uploads\/2019\/10\/Prilog-III.-Popis-proizvoda.docx\" class=\"wp-block-file__button\" download>Download<\/a><\/div>\n\n\n\n<div class=\"wp-block-file\"><a href=\"http:\/\/lag-vinodol.hr\/wp\/wp-content\/uploads\/2019\/10\/Prilog-IV.-Izjava-nositelja-projekta-o-nemogu\u0107nosti-odbitka-pretporeza....docx\">Prilog-IV.-Izjava-nositelja-projekta-o-nemogu\u0107nosti-odbitka-pretporeza&#8230;<\/a><a href=\"http:\/\/lag-vinodol.hr\/wp\/wp-content\/uploads\/2019\/10\/Prilog-IV.-Izjava-nositelja-projekta-o-nemogu\u0107nosti-odbitka-pretporeza....docx\" class=\"wp-block-file__button\" download>Download<\/a><\/div>\n\n\n\n<div class=\"wp-block-file\"><a href=\"http:\/\/lag-vinodol.hr\/wp\/wp-content\/uploads\/2019\/10\/Prilog-V.-Uputa-za-prikupljanje-ponuda.docx\">Prilog-V.-Uputa-za-prikupljanje-ponuda<\/a><a href=\"http:\/\/lag-vinodol.hr\/wp\/wp-content\/uploads\/2019\/10\/Prilog-V.-Uputa-za-prikupljanje-ponuda.docx\" class=\"wp-block-file__button\" download>Download<\/a><\/div>\n\n\n\n<div class=\"wp-block-file\"><a href=\"http:\/\/lag-vinodol.hr\/wp\/wp-content\/uploads\/2019\/10\/Prilog-VI.-Specifi\u010dni-kriteriji-za-ulaganja-u-poljoprivrednu-mehanizaciju.docx\">Prilog-VI.-Specifi\u010dni-kriteriji-za-ulaganja-u-poljoprivrednu-mehanizaciju<\/a><a href=\"http:\/\/lag-vinodol.hr\/wp\/wp-content\/uploads\/2019\/10\/Prilog-VI.-Specifi\u010dni-kriteriji-za-ulaganja-u-poljoprivrednu-mehanizaciju.docx\" class=\"wp-block-file__button\" download>Download<\/a><\/div>\n\n\n\n<div class=\"wp-block-file\"><a href=\"http:\/\/lag-vinodol.hr\/wp\/wp-content\/uploads\/2019\/10\/Prilog-VII.-Uputa-MZOIE.docx\">Prilog-VII.-Uputa-MZOIE<\/a><a href=\"http:\/\/lag-vinodol.hr\/wp\/wp-content\/uploads\/2019\/10\/Prilog-VII.-Uputa-MZOIE.docx\" class=\"wp-block-file__button\" download>Download<\/a><\/div>\n\n\n\n<div class=\"wp-block-file\"><a href=\"http:\/\/lag-vinodol.hr\/wp\/wp-content\/uploads\/2019\/10\/Prilog-VIII.-Kriteriji-odabira.docx\">Prilog-VIII.-Kriteriji-odabira<\/a><a href=\"http:\/\/lag-vinodol.hr\/wp\/wp-content\/uploads\/2019\/10\/Prilog-VIII.-Kriteriji-odabira.docx\" class=\"wp-block-file__button\" download>Download<\/a><\/div>\n","protected":false},"excerpt":{"rendered":"<p>LAG &#8220;VINODOL&#8221; objavljuje dana 21.10.2019.g. tre\u0107i LAG Natje\u010daj iz Lokalne razvojne strategije LAG-a &#8220;VINODOL&#8221; 2014.-2020. za provedbu Mjere 1.1.1. Pove\u0107anje konkurentnosti poljoprivredne proizvodnje, koja je uskla\u0111ena sa tipom operacije 4.1.1. iz Programa ruralnog razvoja RH 2014.-2020. Ukupni iznos raspolo\u017eivih sredstava iznosi 511.285,46 HRK. Prijave projekata podnose se u 1 (jednom) zatvorenom paketu\/omotnici isklju\u010divo preporu\u010denom po\u0161tom [&hellip;]<\/p>\n","protected":false},"author":1,"featured_media":1202,"parent":0,"menu_order":0,"comment_status":"closed","ping_status":"closed","template":"","meta":{"footnotes":"","_links_to":"","_links_to_target":""},"class_list":["post-1925","page","type-page","status-publish","has-post-thumbnail","hentry"],"_links":{"self":[{"href":"http:\/\/lag-vinodol.hr\/wp\/index.php?rest_route=\/wp\/v2\/pages\/1925","targetHints":{"allow":["GET"]}}],"collection":[{"href":"http:\/\/lag-vinodol.hr\/wp\/index.php?rest_route=\/wp\/v2\/pages"}],"about":[{"href":"http:\/\/lag-vinodol.hr\/wp\/index.php?rest_route=\/wp\/v2\/types\/page"}],"author":[{"embeddable":true,"href":"http:\/\/lag-vinodol.hr\/wp\/index.php?rest_route=\/wp\/v2\/users\/1"}],"replies":[{"embeddable":true,"href":"http:\/\/lag-vinodol.hr\/wp\/index.php?rest_route=%2Fwp%2Fv2%2Fcomments&post=1925"}],"version-history":[{"count":9,"href":"http:\/\/lag-vinodol.hr\/wp\/index.php?rest_route=\/wp\/v2\/pages\/1925\/revisions"}],"predecessor-version":[{"id":2024,"href":"http:\/\/lag-vinodol.hr\/wp\/index.php?rest_route=\/wp\/v2\/pages\/1925\/revisions\/2024"}],"wp:featuredmedia":[{"embeddable":true,"href":"http:\/\/lag-vinodol.hr\/wp\/index.php?rest_route=\/wp\/v2\/media\/1202"}],"wp:attachment":[{"href":"http:\/\/lag-vinodol.hr\/wp\/index.php?rest_route=%2Fwp%2Fv2%2Fmedia&parent=1925"}],"curies":[{"name":"wp","href":"https:\/\/api.w.org\/{rel}","templated":true}]}}