{"id":1893,"date":"2019-07-24T10:48:12","date_gmt":"2019-07-24T10:48:12","guid":{"rendered":"http:\/\/lag-vinodol.hr\/wp\/?page_id=1893"},"modified":"2024-03-13T12:13:27","modified_gmt":"2024-03-13T12:13:27","slug":"javna-nabava","status":"publish","type":"page","link":"http:\/\/lag-vinodol.hr\/wp\/?page_id=1893","title":{"rendered":"JAVNA NABAVA"},"content":{"rendered":"\n<div class=\"wp-block-file\"><a id=\"wp-block-file--media-0631aaf1-4bd7-4c83-9d7c-7fe12d504740\" href=\"https:\/\/lag-vinodol.hr\/wp\/wp-content\/uploads\/2024\/01\/Pravilnik-o-provedbi-postupka-jednostavne-nabave-LAG-a-VINODOL_20.12.2023.g.pdf\">Pravilnik o provedbi postupka jednostavne nabave LAG-a &#8220;VINODOL&#8221;_20.12.2023.g<\/a><a href=\"https:\/\/lag-vinodol.hr\/wp\/wp-content\/uploads\/2024\/01\/Pravilnik-o-provedbi-postupka-jednostavne-nabave-LAG-a-VINODOL_20.12.2023.g.pdf\" class=\"wp-block-file__button wp-element-button\" download aria-describedby=\"wp-block-file--media-0631aaf1-4bd7-4c83-9d7c-7fe12d504740\">Download<\/a><\/div>\n\n\n\n<p><\/p>\n\n\n\n<p><strong>LOKALNA AKCIJSKA GRUPA \u201eVINODOL\u201c kao javni naru\u010ditelj sukladno \u010dl. 80 st.2 t.1 ZJN 2016 objavljuje popis gospodarskih subjekata s kojima je predstavnik naru\u010ditelja iz \u010dl. 76. st. 2 t. 1 ZJN 2016 u sukobu interesa:<\/strong><\/p>\n\n\n\n<ul class=\"wp-block-list\">\n<li>SOPG JER\u010cINOVI\u0106 IVICA, Ki\u010deri 24 A, Bribir, OIB: 58565840456<\/li>\n\n\n\n<li>KOR d.o.o., Ki\u010deri 24 A, Bribir, OIB: 53704644462<\/li>\n\n\n\n<li>Planinarski dom \u201eVAGABUNDINA KOLIBA\u201c, vl. Katarina Marina, Ravno 7, Bribir, OIB: 12781963470<\/li>\n\n\n\n<li>OPG TRE\u0160NJA &#8211; IGOR I RU\u017dICA UREMOVI\u0106, IGOR UREMOVI\u0106, Ledenice 84 A, Ledenice, Novi Vinodolski, OIB: 16605676143<\/li>\n\n\n\n<li>POLJOPRIVREDNA ZADRUGA &#8220;VINODOL&#8221; za bilinogojstvo, Drivenik 5, Drivenik, OIB: 36795214621<\/li>\n\n\n\n<li>OPG \u0160ARAR, TIHOMIR \u0160ARAR, Miro\u0161i 1 B, Gri\u017eane \u2013 Belgrad, Vinodolska op\u0107ina, OIB: 03812791700<\/li>\n\n\n\n<li>OPG &#8220;CURI\u0106&#8221;, MILJENKO \u0160IMI\u0106, \u0160imi\u0107i 6, Drivenik, Vinodolska op\u0107ina, OIB: 62948114124<\/li>\n\n\n\n<li>OPG BARAC, IGOR BARAC, Barci 2, Gri\u017eane &#8211; Belgrad, Vinodolska op\u0107ina, OIB: 44802320564<\/li>\n\n\n\n<li>Sporedno zanimanje, vl. Maja Bo\u017ei\u010devi\u0107, Sveta Lucija 27, Kostrena, OIB: 46960832887<\/li>\n\n\n\n<li>DIJOB d.o.o., Vinodolska 29 A, Crikvenica, OIB: 88604905793<\/li>\n\n\n\n<li>OPG KOMADINA ANTONIO, Kralja Zvonimira 29, Novi Vinodolski, OIB: 44016347329<\/li>\n\n\n\n<li>API KVARNER PZ, Jakov polje 8, Klenovica &#8211; Krmpote, OIB: 89871320388<\/li>\n\n\n\n<li>FORTIS MARINE, obrt za trgovinu, vl. Sa\u0161a Komadina, Mel 1B, Novi Vinodolski, OIB: 96624882027<\/li>\n\n\n\n<li>OPG PERICA PRPI\u0106, Goranska 24, Buzdohanj, \u010cavle, OIB: 78560382021<\/li>\n\n\n\n<li>PETI PROGRAM d.o.o., Goranska 24, Buzdohanj, \u010cavle, OIB: 63102872808<\/li>\n\n\n\n<li>MARIEMA TUTORIAL j.d.o.o., Sv. Roka 22, Zagreb, OIB: 54124432320<\/li>\n\n\n\n<li>PRO &#8211; KIDS, vl. M. Baklai\u0107, Sv. Mateja 7, Zagreb, OIB: 82041551840<\/li>\n\n\n\n<li>LAMIR, obrt za soboslikarske i fasadne usluge, vl. Ivica Ro\u017ei\u0107, Kukuljanovo 186, Kukuljanovo, OIB: 58239857516<\/li>\n\n\n\n<li>SOPG PERI\u010cI\u0106 MLADEN, \u0160\u0107edine 9, Novi Vinodolski, OIB: 13416224712<\/li>\n<\/ul>\n\n\n\n<p><strong>Sukob interesa opisan je \u010dlancima 75. \u2013\n83. ZJN 2016.<\/strong><\/p>\n","protected":false},"excerpt":{"rendered":"<p>LOKALNA AKCIJSKA GRUPA \u201eVINODOL\u201c kao javni naru\u010ditelj sukladno \u010dl. 80 st.2 t.1 ZJN 2016 objavljuje popis gospodarskih subjekata s kojima je predstavnik naru\u010ditelja iz \u010dl. 76. st. 2 t. 1 ZJN 2016 u sukobu interesa: Sukob interesa opisan je \u010dlancima 75. \u2013 83. ZJN 2016.<\/p>\n","protected":false},"author":1,"featured_media":0,"parent":0,"menu_order":0,"comment_status":"closed","ping_status":"closed","template":"","meta":{"footnotes":"","_links_to":"","_links_to_target":""},"class_list":["post-1893","page","type-page","status-publish","hentry"],"_links":{"self":[{"href":"http:\/\/lag-vinodol.hr\/wp\/index.php?rest_route=\/wp\/v2\/pages\/1893","targetHints":{"allow":["GET"]}}],"collection":[{"href":"http:\/\/lag-vinodol.hr\/wp\/index.php?rest_route=\/wp\/v2\/pages"}],"about":[{"href":"http:\/\/lag-vinodol.hr\/wp\/index.php?rest_route=\/wp\/v2\/types\/page"}],"author":[{"embeddable":true,"href":"http:\/\/lag-vinodol.hr\/wp\/index.php?rest_route=\/wp\/v2\/users\/1"}],"replies":[{"embeddable":true,"href":"http:\/\/lag-vinodol.hr\/wp\/index.php?rest_route=%2Fwp%2Fv2%2Fcomments&post=1893"}],"version-history":[{"count":13,"href":"http:\/\/lag-vinodol.hr\/wp\/index.php?rest_route=\/wp\/v2\/pages\/1893\/revisions"}],"predecessor-version":[{"id":2767,"href":"http:\/\/lag-vinodol.hr\/wp\/index.php?rest_route=\/wp\/v2\/pages\/1893\/revisions\/2767"}],"wp:attachment":[{"href":"http:\/\/lag-vinodol.hr\/wp\/index.php?rest_route=%2Fwp%2Fv2%2Fmedia&parent=1893"}],"curies":[{"name":"wp","href":"https:\/\/api.w.org\/{rel}","templated":true}]}}