{"id":1674,"date":"2018-09-10T10:39:47","date_gmt":"2018-09-10T10:39:47","guid":{"rendered":"http:\/\/lag-vinodol.hr\/wp\/?page_id=1674"},"modified":"2018-09-10T10:53:54","modified_gmt":"2018-09-10T10:53:54","slug":"rezultati-1-lag-natjecaja-to-1-1-3","status":"publish","type":"page","link":"http:\/\/lag-vinodol.hr\/wp\/?page_id=1674","title":{"rendered":"REZULTATI 1. LAG NATJE\u010cAJA ZA PROVEDBU MJERE 1.1.3. Razvoj i odr\u017eivost malih poljoprivrednih gospodarstava"},"content":{"rendered":"<p>LAG \u201cVINODOL\u201d objavio je&nbsp; dana 22.3.2018.g. prvi LAG Natje\u010daj iz Lokalne razvojne strategije LAG-a \u201cVINODOL\u201d 2014.-2020. za provedbu Mjere 1.1.3. Razvoj i odr\u017eivost malih poljoprivrednih gospodarstava, koja je uskla\u0111ena sa tipom operacije 6.3.1. iz Programa ruralnog razvoja RH 2014.-2020.<\/p>\n<p>Ukupni iznos raspolo\u017eivih sredstava iznosio je 1.005.102,00 HRK. Visina javne potpore po projektu iznosila je 111.678,00 HRK (15.000,00 EUR).<\/p>\n<p>Na navedeni natje\u010daj prijave su se zaprimale od 6.4 do 10.5.2018.g., pristiglo je ukupno 9 prijava, koje su uspje\u0161no pro\u0161le administrativnu kontrolu, ocjenjivanje projekata te su odabrane od strane Upravnog odbora LAG-a \u201eVINODOL\u201c na 2. Sjednici Upravnog odbora LAG-a \u201eVINODOL\u201c u 2018.g. koja se odr\u017eala 27.7.2018.g. u Bribiru.<\/p>\n<p>&nbsp;Za odabrane projekte izdane su Odluke o odabiru projekta. Nakon odabira projekata na LAG razini slijedi postupak dodjele potpore nositeljima projekata koji provodi Agencija za pla\u0107anja u poljoprivredi, ribarstvu i ruralnom razvoju te \u0107e nakon provedene administrativne kontrole od strane Agencije uslijediti izdavanje Odluka o dodjeli sredstava ili Odluka o odbijanju Zahtjeva za potporu.<\/p>\n<p>LAG \u201eVINODOL\u201c \u010destita odabranim nositeljima projekata i \u017eeli uspje\u0161nu provedbu projektnih aktivnosti.<\/p>\n<p><a href=\"http:\/\/lag-vinodol.hr\/wp\/wp-content\/uploads\/2018\/09\/KONA\u010cNA-RANG-LISTA-ZA-OBJAVU-\u2013-kopija.pdf\">KONA\u010cNA RANG LISTA PRIJAVLJENIH NOSITELJA PROJEKATA<\/a><\/p>\n","protected":false},"excerpt":{"rendered":"<p>LAG \u201cVINODOL\u201d objavio je&nbsp; dana 22.3.2018.g. prvi LAG Natje\u010daj iz Lokalne razvojne strategije LAG-a \u201cVINODOL\u201d 2014.-2020. za provedbu Mjere 1.1.3. Razvoj i odr\u017eivost malih poljoprivrednih gospodarstava, koja je uskla\u0111ena sa tipom operacije 6.3.1. iz Programa ruralnog razvoja RH 2014.-2020. Ukupni iznos raspolo\u017eivih sredstava iznosio je 1.005.102,00 HRK. Visina javne potpore po projektu iznosila je 111.678,00 [&hellip;]<\/p>\n","protected":false},"author":1,"featured_media":1202,"parent":0,"menu_order":0,"comment_status":"closed","ping_status":"closed","template":"","meta":{"footnotes":"","_links_to":"","_links_to_target":""},"class_list":["post-1674","page","type-page","status-publish","has-post-thumbnail","hentry"],"_links":{"self":[{"href":"http:\/\/lag-vinodol.hr\/wp\/index.php?rest_route=\/wp\/v2\/pages\/1674","targetHints":{"allow":["GET"]}}],"collection":[{"href":"http:\/\/lag-vinodol.hr\/wp\/index.php?rest_route=\/wp\/v2\/pages"}],"about":[{"href":"http:\/\/lag-vinodol.hr\/wp\/index.php?rest_route=\/wp\/v2\/types\/page"}],"author":[{"embeddable":true,"href":"http:\/\/lag-vinodol.hr\/wp\/index.php?rest_route=\/wp\/v2\/users\/1"}],"replies":[{"embeddable":true,"href":"http:\/\/lag-vinodol.hr\/wp\/index.php?rest_route=%2Fwp%2Fv2%2Fcomments&post=1674"}],"version-history":[{"count":4,"href":"http:\/\/lag-vinodol.hr\/wp\/index.php?rest_route=\/wp\/v2\/pages\/1674\/revisions"}],"predecessor-version":[{"id":1680,"href":"http:\/\/lag-vinodol.hr\/wp\/index.php?rest_route=\/wp\/v2\/pages\/1674\/revisions\/1680"}],"wp:featuredmedia":[{"embeddable":true,"href":"http:\/\/lag-vinodol.hr\/wp\/index.php?rest_route=\/wp\/v2\/media\/1202"}],"wp:attachment":[{"href":"http:\/\/lag-vinodol.hr\/wp\/index.php?rest_route=%2Fwp%2Fv2%2Fmedia&parent=1674"}],"curies":[{"name":"wp","href":"https:\/\/api.w.org\/{rel}","templated":true}]}}