{"id":1549,"date":"2018-03-29T07:54:40","date_gmt":"2018-03-29T07:54:40","guid":{"rendered":"http:\/\/lag-vinodol.hr\/wp\/?page_id=1549"},"modified":"2020-02-21T14:43:06","modified_gmt":"2020-02-21T14:43:06","slug":"natjecaj-1-1-3","status":"publish","type":"page","link":"http:\/\/lag-vinodol.hr\/wp\/?page_id=1549","title":{"rendered":"1. NATJE\u010cAJ 1.1.3. &#8211; RAZVOJ I ODR\u017dIVOST MALIH POLJOPRIVREDNIH GOSPODARSTAVA"},"content":{"rendered":"<p>LAG &#8220;VINODOL&#8221; objavljuje dana 22.3.2018.g. prvi LAG Natje\u010daj iz Lokalne razvojne strategije LAG-a &#8220;VINODOL&#8221; 2014.-2020. za provedbu Mjere 1.1.3. Razvoj i odr\u017eivost malih poljoprivrednih gospodarstava, koja je uskla\u0111ena sa tipom operacije 6.3.1. iz Programa ruralnog razvoja RH 2014.-2020.<\/p>\n<p>Ukupni iznos raspolo\u017eivih sredstava je 1.005.102,00 HRK. Visina javne potpore po projektu iznosi 111.678,00 HRK (15.000,00 EUR). Prijave projekata podnose se u 1 (jednom) zatvorenom paketu\/omotnici isklju\u010divo preporu\u010denom po\u0161tom s povratnicom od 6.4.2018.g., a najkasnije do 10.5.2018.g. na adresu LAG-a &#8220;VINODOL&#8221;, Bribir 46 a, 51253 Bribir.<\/p>\n<p>Natje\u010daj i natje\u010dajna dokumentacija:<\/p>\n<ol>\n<li><a href=\"http:\/\/lag-vinodol.hr\/wp\/wp-content\/uploads\/2018\/03\/LAG_natje\u010daj_M_1.1.3.pdf\">LAG_natje\u010daj_M_1.1.3<\/a><\/li>\n<li><a href=\"http:\/\/lag-vinodol.hr\/wp\/wp-content\/uploads\/2018\/03\/Obrazac-A.Prijavni-obrazac.docx\">Obrazac A.Prijavni obrazac<\/a><\/li>\n<li><a href=\"http:\/\/lag-vinodol.hr\/wp\/wp-content\/uploads\/2018\/03\/Obrazac-B.-Poslovni-plan-opisni-dio.docx\">Obrazac B. Poslovni plan &#8211; opisni dio<\/a><\/li>\n<li><a href=\"http:\/\/lag-vinodol.hr\/wp\/wp-content\/uploads\/2018\/03\/Obrazac-B.-Poslovni-plan-tabli\u010dni-dio.xlsx\">Obrazac B. Poslovni plan &#8211; tabli\u010dni dio<\/a><\/li>\n<li><a href=\"http:\/\/lag-vinodol.hr\/wp\/wp-content\/uploads\/2018\/03\/Obrazac-C.-Izjava-o-veli\u010dini.xlsx\">Obrazac C. Izjava o veli\u010dini<\/a><\/li>\n<li><a href=\"http:\/\/lag-vinodol.hr\/wp\/wp-content\/uploads\/2018\/03\/Obrazac-D.-FADN-kalkulator.xls\">Obrazac D. FADN kalkulator<\/a><\/li>\n<li><a href=\"http:\/\/lag-vinodol.hr\/wp\/wp-content\/uploads\/2018\/03\/Obrazac-E.-Zaposlenici.xlsx\">Obrazac E. Zaposlenici<\/a><\/li>\n<li><a href=\"http:\/\/lag-vinodol.hr\/wp\/wp-content\/uploads\/2018\/03\/Prilog-I-Natje\u010dajna-dokumentacija.pdf\">Prilog I Natje\u010dajna dokumentacija<\/a><\/li>\n<li><a href=\"http:\/\/lag-vinodol.hr\/wp\/wp-content\/uploads\/2018\/03\/Prilog-II.-Popis-proizvoda.pdf\">Prilog II. Popis proizvoda<\/a><\/li>\n<li><a href=\"http:\/\/lag-vinodol.hr\/wp\/wp-content\/uploads\/2018\/03\/Prilog-III.-Vodi\u010d-za-korisnike-o-definiciji-malih-i-srednjih-poduze\u0107a.pdf\">Prilog III. Vodi\u010d za korisnike o definiciji malih i srednjih poduze\u0107a<\/a><\/li>\n<li><a href=\"http:\/\/lag-vinodol.hr\/wp\/wp-content\/uploads\/2018\/03\/Prilog-IV.-Kriteriji-odabira.pdf\">Prilog IV. Kriteriji odabira<\/a><\/li>\n<li><a href=\"http:\/\/lag-vinodol.hr\/wp\/wp-content\/uploads\/2018\/03\/LRS-VINODOL-2014.-2020.-SA-PRILOZIMA.pdf\">LRS VINODOL 2014.-2020.<\/a><\/li>\n<\/ol>\n","protected":false},"excerpt":{"rendered":"<p>LAG &#8220;VINODOL&#8221; objavljuje dana 22.3.2018.g. prvi LAG Natje\u010daj iz Lokalne razvojne strategije LAG-a &#8220;VINODOL&#8221; 2014.-2020. za provedbu Mjere 1.1.3. Razvoj i odr\u017eivost malih poljoprivrednih gospodarstava, koja je uskla\u0111ena sa tipom operacije 6.3.1. iz Programa ruralnog razvoja RH 2014.-2020. Ukupni iznos raspolo\u017eivih sredstava je 1.005.102,00 HRK. Visina javne potpore po projektu iznosi 111.678,00 HRK (15.000,00 EUR). [&hellip;]<\/p>\n","protected":false},"author":1,"featured_media":0,"parent":0,"menu_order":0,"comment_status":"closed","ping_status":"closed","template":"","meta":{"footnotes":"","_links_to":"","_links_to_target":""},"class_list":["post-1549","page","type-page","status-publish","hentry"],"_links":{"self":[{"href":"http:\/\/lag-vinodol.hr\/wp\/index.php?rest_route=\/wp\/v2\/pages\/1549","targetHints":{"allow":["GET"]}}],"collection":[{"href":"http:\/\/lag-vinodol.hr\/wp\/index.php?rest_route=\/wp\/v2\/pages"}],"about":[{"href":"http:\/\/lag-vinodol.hr\/wp\/index.php?rest_route=\/wp\/v2\/types\/page"}],"author":[{"embeddable":true,"href":"http:\/\/lag-vinodol.hr\/wp\/index.php?rest_route=\/wp\/v2\/users\/1"}],"replies":[{"embeddable":true,"href":"http:\/\/lag-vinodol.hr\/wp\/index.php?rest_route=%2Fwp%2Fv2%2Fcomments&post=1549"}],"version-history":[{"count":3,"href":"http:\/\/lag-vinodol.hr\/wp\/index.php?rest_route=\/wp\/v2\/pages\/1549\/revisions"}],"predecessor-version":[{"id":2026,"href":"http:\/\/lag-vinodol.hr\/wp\/index.php?rest_route=\/wp\/v2\/pages\/1549\/revisions\/2026"}],"wp:attachment":[{"href":"http:\/\/lag-vinodol.hr\/wp\/index.php?rest_route=%2Fwp%2Fv2%2Fmedia&parent=1549"}],"curies":[{"name":"wp","href":"https:\/\/api.w.org\/{rel}","templated":true}]}}