{"id":1123,"date":"2016-02-12T09:59:36","date_gmt":"2016-02-12T09:59:36","guid":{"rendered":"http:\/\/lag-vinodol.hr\/wp\/?page_id=1123"},"modified":"2024-03-13T12:53:26","modified_gmt":"2024-03-13T12:53:26","slug":"fadn","status":"publish","type":"page","link":"http:\/\/lag-vinodol.hr\/wp\/?page_id=1123","title":{"rendered":"EVPG"},"content":{"rendered":"<p style=\"text-align: justify;\"><strong>Ekonomska veli\u010dina poljoprivrednog gospodarstva (EVPG)<\/strong>\u00a0je zbroj vrijednosti svih proizvoda biljne i sto\u010darske proizvodnje dobiven mno\u017eenjem standardnog ekonomskog rezultata (engl. Standard Output \u2013 SO) svake pojedine proizvodnje zastupljene na poljoprivrednom gospodarstvu s odgovaraju\u0107im brojem jedinica proizvodnje.<\/p>\n<h2 class=\"mgt-header-block-title\">SO<\/h2>\n<p><strong>Standardni ekonomski rezultat (SO)<\/strong>\u00a0predstavlja jedini\u010dnu nov\u010danu vrijednost proizvodnje poljoprivrednog proizvoda izra\u017eenu u proizvo\u0111a\u010dkim cijenama na vratima gospodarstva koja uklju\u010duje prodaju, potro\u0161nju na gospodarstvu, potro\u0161nju u ku\u0107anstvu, promjene u zalihama glavnih proizvoda i nusproizvoda biljne i sto\u010darske proizvodnje.\u00a0 U biljnoj proizvodnji SO se odnosi na jedan hektar, a u sto\u010darskoj proizvodnji se odnosi na grlo stoke, 100 kljunova peradi ili p\u010delinju zajednicu, a izra\u017een je u kunama i eurima.<\/p>\n<p style=\"text-align: justify;\">Na slijede\u0107oj poveznici mo\u017eete preuzeti kalkulator za izra\u010dun EVPG-a:<\/p>\n<p><a href=\"https:\/\/poljoprivreda.gov.hr\/istaknute-teme\/poljoprivreda-173\/poljoprivredna-politika\/kalkulator-za-izracun-evpg-a\/1375\">https:\/\/poljoprivreda.gov.hr\/istaknute-teme\/poljoprivreda-173\/poljoprivredna-politika\/kalkulator-za-izracun-evpg-a\/13<\/a><\/p>\n","protected":false},"excerpt":{"rendered":"<p>Ekonomska veli\u010dina poljoprivrednog gospodarstva (EVPG)\u00a0je zbroj vrijednosti svih proizvoda biljne i sto\u010darske proizvodnje dobiven mno\u017eenjem standardnog ekonomskog rezultata (engl. Standard Output \u2013 SO) svake pojedine proizvodnje zastupljene na poljoprivrednom gospodarstvu s odgovaraju\u0107im brojem jedinica proizvodnje. SO Standardni ekonomski rezultat (SO)\u00a0predstavlja jedini\u010dnu nov\u010danu vrijednost proizvodnje poljoprivrednog proizvoda izra\u017eenu u proizvo\u0111a\u010dkim cijenama na vratima gospodarstva koja uklju\u010duje [&hellip;]<\/p>\n","protected":false},"author":1,"featured_media":0,"parent":0,"menu_order":0,"comment_status":"closed","ping_status":"closed","template":"","meta":{"footnotes":"","_links_to":"","_links_to_target":""},"class_list":["post-1123","page","type-page","status-publish","hentry"],"_links":{"self":[{"href":"http:\/\/lag-vinodol.hr\/wp\/index.php?rest_route=\/wp\/v2\/pages\/1123","targetHints":{"allow":["GET"]}}],"collection":[{"href":"http:\/\/lag-vinodol.hr\/wp\/index.php?rest_route=\/wp\/v2\/pages"}],"about":[{"href":"http:\/\/lag-vinodol.hr\/wp\/index.php?rest_route=\/wp\/v2\/types\/page"}],"author":[{"embeddable":true,"href":"http:\/\/lag-vinodol.hr\/wp\/index.php?rest_route=\/wp\/v2\/users\/1"}],"replies":[{"embeddable":true,"href":"http:\/\/lag-vinodol.hr\/wp\/index.php?rest_route=%2Fwp%2Fv2%2Fcomments&post=1123"}],"version-history":[{"count":11,"href":"http:\/\/lag-vinodol.hr\/wp\/index.php?rest_route=\/wp\/v2\/pages\/1123\/revisions"}],"predecessor-version":[{"id":2782,"href":"http:\/\/lag-vinodol.hr\/wp\/index.php?rest_route=\/wp\/v2\/pages\/1123\/revisions\/2782"}],"wp:attachment":[{"href":"http:\/\/lag-vinodol.hr\/wp\/index.php?rest_route=%2Fwp%2Fv2%2Fmedia&parent=1123"}],"curies":[{"name":"wp","href":"https:\/\/api.w.org\/{rel}","templated":true}]}}